{"id":1409,"date":"2026-05-04T13:53:17","date_gmt":"2026-05-04T12:53:17","guid":{"rendered":"https:\/\/spinmamacasino.org\/app-2\/"},"modified":"2026-05-05T08:03:56","modified_gmt":"2026-05-05T07:03:56","slug":"app","status":"publish","type":"page","link":"https:\/\/spinmamacasino.org\/de\/app\/","title":{"rendered":"App"},"content":{"rendered":"<h1>Spinmama App: Spielen Sie auf iOS und Android<\/h1>\n<p>Die Spinmama App ist unsere ultimative Variante, um eine Pause vom Desktop-Gaming einzulegen und mobil zu spielen. Alle Spieler k\u00f6nnen den riesigen Spinmama-Katalog genie\u00dfen und die Spannung des Spielens auf Smartphones erleben, direkt nach einer schnellen und reibungslosen Installation unserer modernsten und ausgefeiltesten PWA. Wenn Sie auf der Suche nach zuverl\u00e4ssigem Online-Gaming sind und stets \u00fcber unsere neuesten Angebote informiert werden m\u00f6chten, dann sollten Sie unbedingt unsere bequeme mobile Version ausprobieren.<\/p>\n<div class=\"banner-wrap\" aria-label=\"Banner\"><img src=\"https:\/\/spinmamacasino.org\/wp-content\/uploads\/2026\/05\/Spinmama-banner-desktop.webp\" class=\"w-100 d-none d-lg-block img-pc main-banner-img\" alt=\"Spinmama banner desktop\" fetchpriority=\"high\" decoding=\"async\"><img src=\"https:\/\/spinmamacasino.org\/wp-content\/uploads\/2026\/05\/Spinmama-banner-mobile.webp\" class=\"w-100 d-none d-md-block d-lg-none main-banner-img\" alt=\"Spinmama banner mobile\" fetchpriority=\"high\" decoding=\"async\"><img src=\"https:\/\/spinmamacasino.org\/wp-content\/uploads\/2026\/05\/Spinmama-banner-mobile.webp\" class=\"w-100 d-md-none\" alt=\"Spinmama banner mobile\" fetchpriority=\"high\" decoding=\"async\"><div class=\"banner-description\">\n<div class=\"banner-title\">Willkommensboni<\/div>\n<p class=\"banner-header-title\">\u20ac1500<\/p>\n<div class=\"banner-header-AdditionalText\">+ 250 Freispiele<\/div>\n<button data-item=\"homepage_banner_link\" class=\"goto m-button m-gradient-border m-button--primary m-button--large banner-button btn-orange\">\n            <div class=\"m-button-content\">\n                <span>Melden Sie sich jetzt an<\/span>\n                <span><\/span>\n            <\/div>\n        <\/button>\n<\/div>\n<div class=\"WelcomePack\">\n<p><img loading=\"lazy\" decoding=\"async\" class=\"alignnone size-full wp-image-1339\" src=\"https:\/\/spinmamacasino.org\/wp-content\/uploads\/2026\/05\/welcome-crown.png\" alt=\"crown\" width=\"25\" height=\"26\" \/><\/p>\n<div class=\"WelcomePack-Info\">W\u00f6chentliches Cashback bis zu 25 %<\/div>\n<p><img loading=\"lazy\" decoding=\"async\" class=\"alignnone size-full wp-image-1339\" src=\"https:\/\/spinmamacasino.org\/wp-content\/uploads\/2026\/05\/welcome-crown.png\" alt=\"crown\" width=\"25\" height=\"26\" \/><\/p>\n<\/div>\n<\/div>\n<h2>Vorteile und Funktionen der Spinmama App<\/h2>\n<p>Die Spinmama App setzt neue Ma\u00dfst\u00e4be im Bereich der mobilen Casino-Spiele. Wir m\u00f6chten Sie beeindrucken, sobald Sie sich auf Ihrem Mobilger\u00e4t anmelden \u2013 verbesserte Leistung, fl\u00fcssiges Spiel, gro\u00dfartige Grafik und ein intuitives Design mit allen erforderlichen Funktionen und Registerkarten erwarten Sie.<\/p>\n<p>Die App bietet einen eigenen Bereich zum Spielen. Alles ist auf Ihrem Smartphone verf\u00fcgbar:<\/p>\n<ul>\n<li>Die Startseite mit allen Willkommens- und Bonusangeboten, \u201eTop-Spiele\u201c, \u201eAktuelle Trends\u201c, \u201eLive-Spiele\u201c und \u201eNeue Spiele\u201c, die Sie sich ansehen k\u00f6nnen.<\/li>\n<li>Die versteckte (und wichtigste) Registerkarte auf der linken Seite ist f\u00fcr Boni, Aktivit\u00e4ten, Treueprogramme, Cashback und Werbeaktionen vorgesehen.<\/li>\n<li>Hilfezentrum mit den am h\u00e4ufigsten gestellten Fragen und einer Schaltfl\u00e4che f\u00fcr den Live-Chat-Support.<\/li>\n<\/ul>\n<p>Wir arbeiten st\u00e4ndig daran, die Reaktionsf\u00e4higkeit und Stabilit\u00e4t der Spiele zu verbessern, selbst auf weniger leistungsstarken Ger\u00e4ten, als der Browser unterst\u00fctzt. Das Design ist optimiert, ben\u00f6tigt wenig Speicherplatz und bietet dennoch hervorragende Grafik und Interaktionen. Regelm\u00e4\u00dfige Updates halten die App mit neuen Funktionen und Sicherheitspatches auf dem neuesten Stand und gew\u00e4hrleisten nahtlose Spiel\u00fcberg\u00e4nge.<\/p>\n<p><div class=\"scrollable-content-wrap my-5\"><div class=\"scrollable-content-inner\"><h2>Die wichtigsten Unterschiede zwischen der PWA-Erfahrung und dem Spielen auf dem Desktop<\/h2>\n<p>Wir m\u00f6chten Ihnen verdeutlichen, dass zwar beide Plattformen ein hervorragendes Spielerlebnis bieten, die Spinmama App jedoch mehr Flexibilit\u00e4t und Komfort bietet und sich somit ideal f\u00fcr das mobile Spielen eignet.<\/p>\n<table>\n<tbody>\n<tr>\n<td>Funktion<\/td>\n<td>Spin Mama App (PWA)<\/td>\n<td>Desktop-Version<\/td>\n<\/tr>\n<tr>\n<td>Zug\u00e4nglichkeit<\/td>\n<td>Sofort, keine Installation erforderlich<\/td>\n<td>Erfordert Software-Download oder Browser-Zugriff<\/td>\n<\/tr>\n<tr>\n<td>Ger\u00e4tekompatibilit\u00e4t<\/td>\n<td>F\u00fcr mobile Ger\u00e4te optimiert<\/td>\n<td>Entwickelt f\u00fcr PCs und iPads<\/td>\n<\/tr>\n<tr>\n<td>Leistung<\/td>\n<td>Schnelle Ladezeiten, minimale Verz\u00f6gerungen, weniger Abst\u00fcrze<\/td>\n<td>Volle Hardware-Leistung<\/td>\n<\/tr>\n<tr>\n<td>Sicherheit<\/td>\n<td>Verschl\u00fcsselte Verbindungen, sicherer Spinmama-Login<\/td>\n<td>Hohe Sicherheit, komplexe Authentifizierung<\/td>\n<\/tr>\n<tr>\n<td>Benachrichtigungen<\/td>\n<td>Push-Benachrichtigungen zu Aktionen und Neuigkeiten, Kontoaktivit\u00e4ten<\/td>\n<td>Keine direkte Unterst\u00fctzung f\u00fcr Push-Benachrichtigungen<\/td>\n<\/tr>\n<tr>\n<td>Spielablauf<\/td>\n<td>Touch-Steuerung, reaktionsschnelle Benutzeroberfl\u00e4che<\/td>\n<td>Navigation per Maus und Tastatur<\/td>\n<\/tr>\n<tr>\n<td>Speicher<\/td>\n<td>Minimaler Speicherbedarf<\/td>\n<td>Keine Speicherbeschr\u00e4nkungen<\/td>\n<\/tr>\n<\/tbody>\n<\/table>\n<p>Die Spinmama App l\u00e4sst sich ganz einfach auf Smartphones und Desktop-Computern installieren. Auf einem iPhone f\u00fcgen Spieler die App einfach \u00fcber das Browser-Men\u00fc hinzu, wodurch eine App-Verkn\u00fcpfung auf dem Startbildschirm installiert wird. F\u00fcr Android-Ger\u00e4te kann die App von der Website heruntergeladen werden, indem Sie auf die Multi-Hilfe-Schaltfl\u00e4che \u201eCasino-App\u201c klicken, die zu unserer PWA f\u00fchrt. Und Desktop-Nutzer k\u00f6nnen einfach zur Casino-Website navigieren und sich \u00fcber ihren Browser anmelden. Wir werden dies im Folgenden f\u00fcr jeden Ger\u00e4tetyp n\u00e4her erl\u00e4utern.<\/p>\n<p>Die App ist f\u00fcr folgende Ger\u00e4te ausgelegt:<\/p>\n<ul>\n<li>High-End-Smartphones und -Tablets.<\/li>\n<li>Einstiegsger\u00e4ten mit geringerer Leistung.<\/li>\n<li>Desktop- und Laptop-Computern.<\/li>\n<\/ul>\n<\/div><\/div><div style=\"clear: both\"><\/div><div class=\"d-flex justify-content-center\"><button data-item=\"decouvrez_link\" data-group=\"website_links\" class=\"goto fw-bold rounded-pill btn btn-orange\" aria-label=\"Laden Sie die Spinmama-App herunter\" >Laden Sie die Spinmama-App herunter<\/button><\/div><div class=\"scrollable-content-wrap my-5\"><div class=\"scrollable-content-inner\"><h2>Mobile Anwendung f\u00fcr iOS<\/h2>\n<p>Die Spinmama App f\u00fcr iOS l\u00e4sst sich ganz einfach installieren, ohne den Umweg \u00fcber den App Store. Um die App zu nutzen, m\u00fcssen unsere Spieler die Website von Spin Mama Casino aufrufen und die App auf ihrem Startbildschirm hinzuf\u00fcgen. Die Installation ist ganz einfach:<\/p>\n<ol>\n<li>Melden Sie sich auf der Website von Spinmama Casino an.<\/li>\n<li>Klicken Sie auf die drei Punkte in der Adressleiste.<\/li>\n<li>Tippen Sie auf die Schaltfl\u00e4che \u201eZum Startbildschirm hinzuf\u00fcgen\u201c.<\/li>\n<li>Best\u00e4tigen Sie dies, und das App-Symbol wird Ihrem Startbildschirm hinzugef\u00fcgt.<\/li>\n<\/ol>\n<p>Nach dem Herunterladen bietet die iOS-Spinmama App ein responsives Design, das f\u00fcr iPhones und iPads geeignet ist. Sie erm\u00f6glicht einen einfachen Zugriff auf eine gro\u00dfe Auswahl an Online Slots. Live-Casino-Spiele und Turniere sind ebenfalls verf\u00fcgbar. Die App nutzt die Sicherheitsma\u00dfnahmen von iOS und verf\u00fcgt \u00fcber Push-Benachrichtigungen, um Nutzer \u00fcber Angebote und Neuigkeiten zu informieren.<\/p>\n<p><img loading=\"lazy\" decoding=\"async\" src=\"https:\/\/spinmamacasino.org\/wp-content\/uploads\/Spinmama-iOS-App.webp\" alt=\"Spinmama iOS App\" width=\"1248\" height=\"536\" \/><\/p>\n<\/div><\/div><div style=\"clear: both\"><\/div><div class=\"d-flex justify-content-center\"><button data-item=\"decouvrez_link\" data-group=\"website_links\" class=\"goto fw-bold rounded-pill btn btn-orange\" aria-label=\"Spinmama herunterladen\" >Spinmama herunterladen<\/button><\/div><div class=\"scrollable-content-wrap my-5\"><div class=\"scrollable-content-inner\"><h2>Spinmama App f\u00fcr Android<\/h2>\n<p>Wenn Sie ein Android-Ger\u00e4t besitzen, ist alles genauso einfach. Die Spinmama App ist f\u00fcr Android-Nutzer ebenfalls in Form einer schlanken Progressive Web App (PWA) verf\u00fcgbar. Die Installation ist ganz einfach:<\/p>\n<ol>\n<li>Gehen Sie auf die Website des Spin Mama Casinos.<\/li>\n<li>Klicken Sie auf die Schaltfl\u00e4che \u201eCasino App\u201c, um die PWA zu installieren.<\/li>\n<li>Klicken Sie auf die n\u00e4chste Schaltfl\u00e4che mit der Bezeichnung \u201eInstallieren\u201c.<\/li>\n<li>Tippen Sie auf \u201eOK\u201c und fahren Sie mit dem Installationsvorgang fort.<\/li>\n<li>Sie k\u00f6nnen unsere Spin Mama sp\u00e4ter auf den Startbildschirm legen, genau wie es Apple-Nutzer gerne tun.<\/li>\n<\/ol>\n<p>Und das war\u2019s schon \u2013 Sie haben unsere App auf Ihrem Startbildschirm und k\u00f6nnen loslegen! Sie ist kompatibel mit Android 8.0 und h\u00f6her und l\u00e4uft auf den meisten Ger\u00e4ten. Die Touch-Oberfl\u00e4che der App ist reaktionsschnell und intuitiv, was das Spielen auf Smartphones und Tablets erleichtert.<\/p>\n<p><img loading=\"lazy\" decoding=\"async\" src=\"https:\/\/spinmamacasino.org\/wp-content\/uploads\/Spinmama-Android-App.webp\" alt=\"Spinmama Android App\" width=\"1248\" height=\"536\" \/><\/p>\n<\/div><\/div><div style=\"clear: both\"><\/div><div class=\"d-flex justify-content-center\"><button data-item=\"decouvrez_link\" data-group=\"website_links\" class=\"goto fw-bold rounded-pill btn btn-orange\" aria-label=\"Laden Sie die Spinmama-App herunter\" >Laden Sie die Spinmama-App herunter<\/button><\/div><div class=\"scrollable-content-wrap my-5\"><div class=\"scrollable-content-inner\"><h2>Spielen Sie Spin Mama Casino auf Mac oder Windows<\/h2>\n<p>Die Desktop-Version von Spinmama Casino ist \u00fcber einen Webbrowser vollst\u00e4ndig mit Windows und macOS synchronisiert. Auf dem Desktop k\u00f6nnen Sie eine bessere Spielauswahl genie\u00dfen, was f\u00fcr Live-Dealer-Spiele besonders n\u00fctzlich ist, da hier die Details wichtig sind. So spielen Sie Spinmama auf einem Desktop:<\/p>\n<ol>\n<li>Rufen Sie die Website \u00fcber eine Verkn\u00fcpfung oder einen Browser auf.<\/li>\n<li>Geben Sie Ihre Anmeldedaten ein.<\/li>\n<li>Greifen Sie sofort auf alle unsere Online-Slots, Kartenspiele und Live-Dealer-Spiele zu!<\/li>\n<\/ol>\n<p>Die Desktop-Version ist mit allen g\u00e4ngigen Browsern kompatibel und gew\u00e4hrleistet Sicherheit. Sie bietet ein nahtloses Nutzererlebnis auf mehreren Ger\u00e4ten mit Echtzeit-Aktualisierungen f\u00fcr Kontodaten und Spielfortschritt. Sie k\u00f6nnen alle Bewegungen Ihres Guthabens in einem Dashboard einsehen.<\/p>\n<p><img loading=\"lazy\" decoding=\"async\" src=\"https:\/\/spinmamacasino.org\/wp-content\/uploads\/Spinmama-Desktop.webp\" alt=\"Spinmama Desktop\" width=\"1248\" height=\"536\" \/><\/p>\n<\/div><\/div><div style=\"clear: both\"><\/div><div class=\"d-flex justify-content-center\"><button data-item=\"decouvrez_link\" data-group=\"website_links\" class=\"goto fw-bold rounded-pill btn btn-orange\" aria-label=\"Spinmama herunterladen\" >Spinmama herunterladen<\/button><\/div><div class=\"scrollable-content-wrap my-5\"><div class=\"scrollable-content-inner\"><h2>FAQ<\/h2>\n<h3>Erhalte ich auf dem Handy dieselben Spiele wie auf dem Desktop?<\/h3>\n<p>Ja, Sie k\u00f6nnen alle auf dem Desktop verf\u00fcgbaren Spiele spielen, wie z. B. Online-Slots, Tischspiele und Live-Dealer-Spiele. Wir synchronisieren alles, sodass Ihre Aktivit\u00e4ten auf dem PC automatisch auf Ihrem Mobilger\u00e4t angezeigt werden und umgekehrt.<\/p>\n<h3>Wird mein Guthaben in Echtzeit auf allen Ger\u00e4ten synchronisiert?<\/h3>\n<p>Ja, in Echtzeit. Das Spinmama Casino nutzt eine sichere Echtzeit-Synchronisierung, um Ihr Spielguthaben und Ihren Spielfortschritt auf allen Ger\u00e4ten auf dem neuesten Stand zu halten.<\/p>\n<h3>Unterst\u00fctzt die App Push-Benachrichtigungen?<\/h3>\n<p>Die Spinmama App bietet Push-Benachrichtigungen f\u00fcr Werbeaktionen, In-Game-Events und Kontoaktualisierungen. Sie k\u00f6nnen sich auch f\u00fcr unsere Neuigkeiten und spannende Veranstaltungen anmelden. Auf Ihrem Mobilger\u00e4t sehen Sie m\u00f6glicherweise ein Pop-up von Spin Mama, das Sie einl\u00e4dt, etwas Neues auszuprobieren, oder Nachrichten vom Support Team bez\u00fcglich Ihres Verifizierungsprozesses.<\/p>\n<h3>L\u00e4uft die PWA auf \u00e4lteren Ger\u00e4ten reibungslos?<\/h3>\n<p>Die Spinmama Casino PWA ist auf Geschwindigkeit ausgelegt, doch auf \u00e4lteren Ger\u00e4ten mit veralteter Hardware und Software k\u00f6nnen Probleme auftreten. Auf den meisten Smartphones und Tablets sollte sie jedoch reibungslos laufen. Versuchen Sie, unsere Spinmama App nicht auf sehr alten Mobiltelefonen zu installieren, dann wird sie hervorragend funktionieren.<\/p>\n<\/div><\/div><\/p>\n","protected":false},"excerpt":{"rendered":"<p>Spinmama App: Spielen Sie auf iOS und Android Die Spinmama App ist unsere ultimative Variante, um eine Pause vom Desktop-Gaming einzulegen und mobil zu spielen. Alle Spieler k\u00f6nnen den riesigen Spinmama-Katalog genie\u00dfen und die Spannung des Spielens auf Smartphones erleben, direkt nach einer schnellen und reibungslosen Installation unserer modernsten und ausgefeiltesten PWA. Wenn Sie auf [&hellip;]<\/p>\n","protected":false},"author":1,"featured_media":0,"parent":0,"menu_order":0,"comment_status":"closed","ping_status":"closed","template":"template-builder.php","meta":{"_acf_changed":false,"inline_featured_image":false,"footnotes":""},"class_list":["post-1409","page","type-page","status-publish","hentry"],"acf":[],"yoast_head":"<!-- This site is optimized with the Yoast SEO plugin v27.3 - https:\/\/yoast.com\/product\/yoast-seo-wordpress\/ -->\n<title>Spinmama App: PWA-Casinospiele auf Smartphone, Tablet und PC<\/title>\n<meta name=\"description\" content=\"Die Spin Mama App l\u00e4uft als PWA auf iOS, Android, Mac und Windows, sodass du sie ohne klassischen Download aus dem Store nutzen kannst. \u00d6ffne sie in Safari oder Google Chrome, f\u00fcge sie deinem Startbildschirm hinzu und halte Guthaben und Kontoaktivit\u00e4t ger\u00e4te\u00fcbergreifend synchron.\" \/>\n<meta name=\"robots\" content=\"index, follow, max-snippet:-1, max-image-preview:large, max-video-preview:-1\" \/>\n<link rel=\"canonical\" href=\"https:\/\/spinmamacasino.org\/de\/app\/\" \/>\n<meta property=\"og:locale\" content=\"de_DE\" \/>\n<meta property=\"og:type\" content=\"article\" \/>\n<meta property=\"og:title\" content=\"Spinmama App: PWA-Casinospiele auf Smartphone, Tablet und PC\" \/>\n<meta property=\"og:description\" content=\"Die Spin Mama App l\u00e4uft als PWA auf iOS, Android, Mac und Windows, sodass du sie ohne klassischen Download aus dem Store nutzen kannst. \u00d6ffne sie in Safari oder Google Chrome, f\u00fcge sie deinem Startbildschirm hinzu und halte Guthaben und Kontoaktivit\u00e4t ger\u00e4te\u00fcbergreifend synchron.\" \/>\n<meta property=\"og:url\" content=\"https:\/\/spinmamacasino.org\/de\/app\/\" \/>\n<meta property=\"og:site_name\" content=\"spinmama\" \/>\n<meta property=\"article:modified_time\" content=\"2026-05-05T07:03:56+00:00\" \/>\n<meta name=\"twitter:card\" content=\"summary_large_image\" \/>\n<meta name=\"twitter:label1\" content=\"Gesch\u00e4tzte Lesezeit\" \/>\n\t<meta name=\"twitter:data1\" content=\"2\u00a0Minuten\" \/>\n<script type=\"application\/ld+json\" class=\"yoast-schema-graph\">{\"@context\":\"https:\\\/\\\/schema.org\",\"@graph\":[{\"@type\":\"WebPage\",\"@id\":\"https:\\\/\\\/spinmamacasino.org\\\/de\\\/app\\\/\",\"url\":\"https:\\\/\\\/spinmamacasino.org\\\/de\\\/app\\\/\",\"name\":\"Spinmama App: PWA-Casinospiele auf Smartphone, Tablet und PC\",\"isPartOf\":{\"@id\":\"https:\\\/\\\/spinmamacasino.org\\\/de\\\/#website\"},\"datePublished\":\"2026-05-04T12:53:17+00:00\",\"dateModified\":\"2026-05-05T07:03:56+00:00\",\"description\":\"Die Spin Mama App l\u00e4uft als PWA auf iOS, Android, Mac und Windows, sodass du sie ohne klassischen Download aus dem Store nutzen kannst. \u00d6ffne sie in Safari oder Google Chrome, f\u00fcge sie deinem Startbildschirm hinzu und halte Guthaben und Kontoaktivit\u00e4t ger\u00e4te\u00fcbergreifend synchron.\",\"breadcrumb\":{\"@id\":\"https:\\\/\\\/spinmamacasino.org\\\/de\\\/app\\\/#breadcrumb\"},\"inLanguage\":\"de\",\"potentialAction\":[{\"@type\":\"ReadAction\",\"target\":[\"https:\\\/\\\/spinmamacasino.org\\\/de\\\/app\\\/\"]}]},{\"@type\":\"BreadcrumbList\",\"@id\":\"https:\\\/\\\/spinmamacasino.org\\\/de\\\/app\\\/#breadcrumb\",\"itemListElement\":[{\"@type\":\"ListItem\",\"position\":1,\"name\":\"Spinmama\",\"item\":\"https:\\\/\\\/spinmamacasino.org\\\/de\\\/\"},{\"@type\":\"ListItem\",\"position\":2,\"name\":\"App\"}]},{\"@type\":\"WebSite\",\"@id\":\"https:\\\/\\\/spinmamacasino.org\\\/de\\\/#website\",\"url\":\"https:\\\/\\\/spinmamacasino.org\\\/de\\\/\",\"name\":\"Spinmama\",\"description\":\"\",\"publisher\":{\"@id\":\"https:\\\/\\\/spinmamacasino.org\\\/de\\\/#organization\"},\"potentialAction\":[{\"@type\":\"SearchAction\",\"target\":{\"@type\":\"EntryPoint\",\"urlTemplate\":\"https:\\\/\\\/spinmamacasino.org\\\/de\\\/?s={search_term_string}\"},\"query-input\":{\"@type\":\"PropertyValueSpecification\",\"valueRequired\":true,\"valueName\":\"search_term_string\"}}],\"inLanguage\":\"de\"},{\"@type\":\"Organization\",\"@id\":\"https:\\\/\\\/spinmamacasino.org\\\/de\\\/#organization\",\"name\":\"Spinmama\",\"url\":\"https:\\\/\\\/spinmamacasino.org\\\/de\\\/\",\"logo\":{\"@type\":\"ImageObject\",\"inLanguage\":\"de\",\"@id\":\"https:\\\/\\\/spinmamacasino.org\\\/de\\\/#\\\/schema\\\/logo\\\/image\\\/\",\"url\":\"https:\\\/\\\/spinmamacasino.org\\\/wp-content\\\/uploads\\\/2026\\\/05\\\/Casino-logo-Desktop.png\",\"contentUrl\":\"https:\\\/\\\/spinmamacasino.org\\\/wp-content\\\/uploads\\\/2026\\\/05\\\/Casino-logo-Desktop.png\",\"width\":320,\"height\":80,\"caption\":\"Spinmama\"},\"image\":{\"@id\":\"https:\\\/\\\/spinmamacasino.org\\\/de\\\/#\\\/schema\\\/logo\\\/image\\\/\"}}]}<\/script>\n<!-- \/ Yoast SEO plugin. -->","yoast_head_json":{"title":"Spinmama App: PWA-Casinospiele auf Smartphone, Tablet und PC","description":"Die Spin Mama App l\u00e4uft als PWA auf iOS, Android, Mac und Windows, sodass du sie ohne klassischen Download aus dem Store nutzen kannst. \u00d6ffne sie in Safari oder Google Chrome, f\u00fcge sie deinem Startbildschirm hinzu und halte Guthaben und Kontoaktivit\u00e4t ger\u00e4te\u00fcbergreifend synchron.","robots":{"index":"index","follow":"follow","max-snippet":"max-snippet:-1","max-image-preview":"max-image-preview:large","max-video-preview":"max-video-preview:-1"},"canonical":"https:\/\/spinmamacasino.org\/de\/app\/","og_locale":"de_DE","og_type":"article","og_title":"Spinmama App: PWA-Casinospiele auf Smartphone, Tablet und PC","og_description":"Die Spin Mama App l\u00e4uft als PWA auf iOS, Android, Mac und Windows, sodass du sie ohne klassischen Download aus dem Store nutzen kannst. \u00d6ffne sie in Safari oder Google Chrome, f\u00fcge sie deinem Startbildschirm hinzu und halte Guthaben und Kontoaktivit\u00e4t ger\u00e4te\u00fcbergreifend synchron.","og_url":"https:\/\/spinmamacasino.org\/de\/app\/","og_site_name":"spinmama","article_modified_time":"2026-05-05T07:03:56+00:00","twitter_card":"summary_large_image","twitter_misc":{"Gesch\u00e4tzte Lesezeit":"2\u00a0Minuten"},"schema":{"@context":"https:\/\/schema.org","@graph":[{"@type":"WebPage","@id":"https:\/\/spinmamacasino.org\/de\/app\/","url":"https:\/\/spinmamacasino.org\/de\/app\/","name":"Spinmama App: PWA-Casinospiele auf Smartphone, Tablet und PC","isPartOf":{"@id":"https:\/\/spinmamacasino.org\/de\/#website"},"datePublished":"2026-05-04T12:53:17+00:00","dateModified":"2026-05-05T07:03:56+00:00","description":"Die Spin Mama App l\u00e4uft als PWA auf iOS, Android, Mac und Windows, sodass du sie ohne klassischen Download aus dem Store nutzen kannst. \u00d6ffne sie in Safari oder Google Chrome, f\u00fcge sie deinem Startbildschirm hinzu und halte Guthaben und Kontoaktivit\u00e4t ger\u00e4te\u00fcbergreifend synchron.","breadcrumb":{"@id":"https:\/\/spinmamacasino.org\/de\/app\/#breadcrumb"},"inLanguage":"de","potentialAction":[{"@type":"ReadAction","target":["https:\/\/spinmamacasino.org\/de\/app\/"]}]},{"@type":"BreadcrumbList","@id":"https:\/\/spinmamacasino.org\/de\/app\/#breadcrumb","itemListElement":[{"@type":"ListItem","position":1,"name":"Spinmama","item":"https:\/\/spinmamacasino.org\/de\/"},{"@type":"ListItem","position":2,"name":"App"}]},{"@type":"WebSite","@id":"https:\/\/spinmamacasino.org\/de\/#website","url":"https:\/\/spinmamacasino.org\/de\/","name":"Spinmama","description":"","publisher":{"@id":"https:\/\/spinmamacasino.org\/de\/#organization"},"potentialAction":[{"@type":"SearchAction","target":{"@type":"EntryPoint","urlTemplate":"https:\/\/spinmamacasino.org\/de\/?s={search_term_string}"},"query-input":{"@type":"PropertyValueSpecification","valueRequired":true,"valueName":"search_term_string"}}],"inLanguage":"de"},{"@type":"Organization","@id":"https:\/\/spinmamacasino.org\/de\/#organization","name":"Spinmama","url":"https:\/\/spinmamacasino.org\/de\/","logo":{"@type":"ImageObject","inLanguage":"de","@id":"https:\/\/spinmamacasino.org\/de\/#\/schema\/logo\/image\/","url":"https:\/\/spinmamacasino.org\/wp-content\/uploads\/2026\/05\/Casino-logo-Desktop.png","contentUrl":"https:\/\/spinmamacasino.org\/wp-content\/uploads\/2026\/05\/Casino-logo-Desktop.png","width":320,"height":80,"caption":"Spinmama"},"image":{"@id":"https:\/\/spinmamacasino.org\/de\/#\/schema\/logo\/image\/"}}]}},"_links":{"self":[{"href":"https:\/\/spinmamacasino.org\/de\/wp-json\/wp\/v2\/pages\/1409","targetHints":{"allow":["GET"]}}],"collection":[{"href":"https:\/\/spinmamacasino.org\/de\/wp-json\/wp\/v2\/pages"}],"about":[{"href":"https:\/\/spinmamacasino.org\/de\/wp-json\/wp\/v2\/types\/page"}],"author":[{"embeddable":true,"href":"https:\/\/spinmamacasino.org\/de\/wp-json\/wp\/v2\/users\/1"}],"replies":[{"embeddable":true,"href":"https:\/\/spinmamacasino.org\/de\/wp-json\/wp\/v2\/comments?post=1409"}],"version-history":[{"count":3,"href":"https:\/\/spinmamacasino.org\/de\/wp-json\/wp\/v2\/pages\/1409\/revisions"}],"predecessor-version":[{"id":1683,"href":"https:\/\/spinmamacasino.org\/de\/wp-json\/wp\/v2\/pages\/1409\/revisions\/1683"}],"wp:attachment":[{"href":"https:\/\/spinmamacasino.org\/de\/wp-json\/wp\/v2\/media?parent=1409"}],"curies":[{"name":"wp","href":"https:\/\/api.w.org\/{rel}","templated":true}]}}