{"id":1450,"date":"2026-05-04T14:36:19","date_gmt":"2026-05-04T13:36:19","guid":{"rendered":"https:\/\/spinmamacasino.org\/login-and-registration\/"},"modified":"2026-05-05T08:06:23","modified_gmt":"2026-05-05T07:06:23","slug":"anmeldung-und-registrierung","status":"publish","type":"page","link":"https:\/\/spinmamacasino.org\/de\/anmeldung-und-registrierung\/","title":{"rendered":"Anmeldung und Registrierung"},"content":{"rendered":"<h1>Spinmama Anmeldung<\/h1>\n<p>Jeder registrierte Spieler m\u00f6chte wissen, was der n\u00e4chste Schritt ist, und hier kommt der Spinmama Login ins Spiel. Sie k\u00f6nnen sich \u00fcber Ihren PC oder per Klick \u00fcber Ihr Mobiltelefon anmelden. Die Anmeldung war noch nie so einfach, denn wir haben alles getan, damit alle Nutzer sicher einloggen k\u00f6nnen \u2013 2FA-Verifizierung, ausschlie\u00dflich gepr\u00fcfte Profile und modernster Schutz bei jedem Schritt \u2013 das erhalten Sie, nachdem Sie sich bei Spin Mama Casino registriert haben.<\/p>\n<p><div class=\"banner-wrap\" aria-label=\"Banner\"><img src=\"https:\/\/spinmamacasino.org\/wp-content\/uploads\/2026\/05\/Spinmama-banner-desktop.webp\" class=\"w-100 d-none d-lg-block img-pc main-banner-img\" alt=\"Spinmama banner desktop\" fetchpriority=\"high\" decoding=\"async\"><img src=\"https:\/\/spinmamacasino.org\/wp-content\/uploads\/2026\/05\/Spinmama-banner-mobile.webp\" class=\"w-100 d-none d-md-block d-lg-none main-banner-img\" alt=\"Spinmama banner mobile\" fetchpriority=\"high\" decoding=\"async\"><img src=\"https:\/\/spinmamacasino.org\/wp-content\/uploads\/2026\/05\/Spinmama-banner-mobile.webp\" class=\"w-100 d-md-none\" alt=\"Spinmama banner mobile\" fetchpriority=\"high\" decoding=\"async\"><div class=\"banner-description\">\n<div class=\"banner-title\">Willkommensboni<\/div>\n<p class=\"banner-header-title\">\u20ac1500<\/p>\n<div class=\"banner-header-AdditionalText\">+ 250 Freispiele<\/div>\n<button data-item=\"homepage_banner_link\" class=\"goto m-button m-gradient-border m-button--primary m-button--large banner-button btn-orange\">\n            <div class=\"m-button-content\">\n                <span>Melden Sie sich jetzt an<\/span>\n                <span><\/span>\n            <\/div>\n        <\/button>\n<\/div>\n<div class=\"WelcomePack\">\n<p><img loading=\"lazy\" decoding=\"async\" class=\"alignnone size-full wp-image-1339\" src=\"https:\/\/spinmamacasino.org\/wp-content\/uploads\/2026\/05\/welcome-crown.png\" alt=\"crown\" width=\"25\" height=\"26\" \/><\/p>\n<div class=\"WelcomePack-Info\">W\u00f6chentliches Cashback bis zu 25 %<\/div>\n<p><img loading=\"lazy\" decoding=\"async\" class=\"alignnone size-full wp-image-1339\" src=\"https:\/\/spinmamacasino.org\/wp-content\/uploads\/2026\/05\/welcome-crown.png\" alt=\"crown\" width=\"25\" height=\"26\" \/><\/p>\n<\/div>\n<\/div><div class=\"scrollable-content-wrap my-5\"><div class=\"scrollable-content-inner\"><h2>Spinmama Casino Registrierung<\/h2>\n<p>Wir geben stets unser Bestes, um unser Online-Casino benutzerfreundlich zu gestalten, insbesondere bei den ersten Schritten. Wir verstehen, dass es nicht so einfach ist, alle Funktionen und Abl\u00e4ufe der neuen Plattform auf Anhieb zu verstehen. Machen Sie sich also keine Sorgen! Die Registrierung und Anmeldung bei Spinmama Casino erfordern nur wenige Klicks, und von da an stehen Ihnen ein riesiger Spielekatalog, eine freundliche Community gleichgesinnter Menschen und ein 24\/7-Support zur Verf\u00fcgung.<\/p>\n<h2>Erstellen Sie ein Konto in zwei Schritten<\/h2>\n<p>Die Registrierung ist einer der einfachsten Schritte, die Sie unternehmen m\u00fcssen, wenn Sie sich bei Spin Mama anmelden m\u00f6chten. Wir zeigen Ihnen, wie Sie sich ganz alleine registrieren k\u00f6nnen und dabei nicht mehr als eine Minute ben\u00f6tigen:<\/p>\n<ol>\n<li>\u00d6ffnen Sie die Spinmama Website.<\/li>\n<li>Achten Sie auf die obere rechte Ecke und klicken Sie auf die Schaltfl\u00e4che \u201eRegistrieren\u201c.<\/li>\n<li>Klicken Sie darauf und \u00f6ffnen Sie das kleine Registrierungsformular.<\/li>\n<li>Geben Sie nur die funktionierende E-Mail-Adresse ein, die Sie t\u00e4glich nutzen \u2013 wir senden Ihnen einen Link.<\/li>\n<li>Erstellen Sie ein Passwort, das nahezu unm\u00f6glich zu knacken ist, und speichern Sie es an einem sicheren Ort (Passwort-Manager, auf einem Zettel usw.).<\/li>\n<li>Lesen Sie die Allgemeinen Gesch\u00e4ftsbedingungen sorgf\u00e4ltig durch (dringend empfohlen) und akzeptieren Sie diese.<\/li>\n<li>Geben Sie gegebenenfalls Aktionscodes ein, falls Sie welche haben.<\/li>\n<li>Setzen Sie ein H\u00e4kchen, um Werbe-E-Mails von uns zu erhalten und auf dem Laufenden zu bleiben.<\/li>\n<li>Klicken Sie auf \u201eRegistrieren\u201c.<\/li>\n<li>Gehen Sie in Ihren Posteingang und suchen Sie die E-Mail von Spinmama Casino.<\/li>\n<li>Befolgen Sie die Schritte in der Best\u00e4tigungs-E-Mail und schlie\u00dfen Sie den Vorgang ab.<\/li>\n<\/ol>\n<p>Wie Sie sehen, nichts Besonderes, aber alles ist \u00e4u\u00dferst bequem und \u00e4u\u00dferst n\u00fctzlich. Keine zus\u00e4tzlichen Schritte, keine ungew\u00f6hnlichen Vorg\u00e4nge, die den Prozess beeintr\u00e4chtigen.<\/p>\n<p><img loading=\"lazy\" decoding=\"async\" src=\"https:\/\/spinmamacasino.org\/wp-content\/uploads\/Spinmama-Login.webp\" alt=\"Spinmama Login\" width=\"1248\" height=\"536\" \/><\/p>\n<h2>Melden Sie sich an und verwalten Sie Ihr Spinmama Konto<\/h2>\n<p>Noch einfacher w\u00e4re es f\u00fcr Sie, sich nach der Registrierung zum ersten Mal bei Spinmama anzumelden, da Sie im Grunde genommen nur Ihre Zugangsdaten erneut eingeben m\u00fcssen. Lassen Sie uns Ihnen genauer zeigen, wie das funktioniert.<\/p>\n<table>\n<tbody>\n<tr>\n<td>Schritt 1<\/td>\n<td>\u00d6ffnen Sie die Website von Spin Mama Casino, die Seite, auf der Sie sich registriert haben.<\/td>\n<\/tr>\n<tr>\n<td>Schritt 2<\/td>\n<td>Klicken Sie auf die Schaltfl\u00e4che \u201eAnmelden\u201c, die sich neben der Registrierungsschaltfl\u00e4che befindet.<\/td>\n<\/tr>\n<tr>\n<td>Schritt 3<\/td>\n<td>Geben Sie Ihre E-Mail-Adresse und das von Ihnen festgelegte Passwort ein.<\/td>\n<\/tr>\n<tr>\n<td>Schritt 4<\/td>\n<td>Klicken Sie auf \u201eAnmelden\u201c und gehen Sie zu Ihrem Dashboard, um die Neuigkeiten zu lesen und die Spiele von Spinmama Casino zu spielen!<\/td>\n<\/tr>\n<\/tbody>\n<\/table>\n<h3>So melden Sie sich \u00fcber die mobile App an<\/h3>\n<p>Falls Sie bef\u00fcrchten, dass auf dem Smartphone alles anders abl\u00e4uft, k\u00f6nnen wir Ihnen versichern, dass der Anmeldeprozess bei Spinmama genau derselbe ist. Da unser Casino jedoch mobil genutzt wird, sind einige besondere Vorsichtsma\u00dfnahmen erforderlich, um den Vorgang reibungsloser zu gestalten.<\/p>\n<p>Um sicherzustellen, dass Ihr Konto sicher bleibt und Ihr Anmelde- oder Registrierungsprozess reibungslos verl\u00e4uft, ist es unerl\u00e4sslich, bew\u00e4hrte technische Verfahren zu befolgen. Achten Sie genau auf Ihre Umgebung und die Eingabemethoden, bevor Sie sensible Informationen \u00fcbermitteln.<\/p>\n<table>\n<tbody>\n<tr>\n<td>Sicherheitshinweise<\/td>\n<td>Erforderliche Ma\u00dfnahmen<\/td>\n<td>Warum dies f\u00fcr uns und Sie wichtig ist<\/td>\n<\/tr>\n<tr>\n<td>Genauigkeit der Eingabe<\/td>\n<td>Deaktivieren Sie die Feststelltaste und \u00fcberpr\u00fcfen Sie die aktive Tastatursprache.<\/td>\n<td>Verhindert fehlgeschlagene Anmeldeversuche bei Spinmama, die eine vor\u00fcbergehende Kontosperrung ausl\u00f6sen k\u00f6nnen.<\/td>\n<\/tr>\n<tr>\n<td>Genauigkeit der Anmeldedaten<\/td>\n<td>Verwenden Sie die spezifische E-Mail-Adresse, die mit Ihrem Konto verkn\u00fcpft ist, und deaktivieren Sie die Autovervollst\u00e4ndigung.<\/td>\n<td>Die Autovervollst\u00e4ndigung kann alte oder falsche Passw\u00f6rter einf\u00fcgen, was zu Fehlern und potenziellen Sicherheitsrisiken f\u00fchren kann.<\/td>\n<\/tr>\n<tr>\n<td>Verbindungsintegrit\u00e4t<\/td>\n<td>Deaktivieren Sie VPNs, Proxys oder jegliche Software zur IP-Verschleierung.<\/td>\n<td>Manchmal kann Spinmama die Nutzung eines VPNs als verd\u00e4chtige Aktivit\u00e4t oder als Versto\u00df gegen unsere Nutzungsbedingungen einstufen; achten Sie daher auf eine m\u00f6gliche Kontosperrung.<\/td>\n<\/tr>\n<tr>\n<td>Systemhygiene<\/td>\n<td>Leeren Sie zumindest gelegentlich den Cache und die Cookies Ihres Browsers.<\/td>\n<td>Tun Sie dies, um die aktuellste Version der Website zu \u00fcberpr\u00fcfen und zu verhindern, dass alte Sitzungsdaten Ihre Anmeldung beeintr\u00e4chtigen.<\/td>\n<\/tr>\n<\/tbody>\n<\/table>\n<h3>Haben Sie Ihr Passwort vergessen?<\/h3>\n<p>Der Verlust Ihrer Zugangsdaten ist kein gro\u00dfes Problem, da wir eine schnelle und sichere M\u00f6glichkeit bieten, diese wiederherzustellen.<\/p>\n<p>Wenn Sie im Spinmama-Anmeldeformular auf die Schaltfl\u00e4che \u201ePasswort vergessen?\u201c klicken, werden Sie schnell durch den Prozess zur Wiederherstellung Ihres gesamten Kontos und Ihrer verlorenen Zugangsdaten gef\u00fchrt. Wenn Sie ein sichereres Passwort erstellen und es an einem Ort speichern, den Sie nicht vergessen, ist Ihr Problem gel\u00f6st.<\/p>\n<p>Wenn Sie diesmal alle Schritte zur Passwortwiederherstellung befolgen, minimieren Sie das Risiko neuer technischer Probleme oder Anmeldefehler bei Spinmama.<\/p>\n<h2>Verifizierung bei Spin Mama Casino<\/h2>\n<p>Sicherheit hat in unserem Casino, Spin Mama, oberste Priorit\u00e4t. Wir verf\u00fcgen \u00fcber einen obligatorischen KYC-Verifizierungsprozess (\u201eKnow Your Customer\u201c) als standardm\u00e4\u00dfige Identit\u00e4tspr\u00fcfungsanforderung auf unserer Plattform.<\/p>\n<p>Dies ist von entscheidender Bedeutung, denn die Gewissheit, dass alle unsere Spieler echt sind, hilft unseren fortschrittlichen Sicherheitssystemen, alles unter Kontrolle zu halten und gegen gef\u00e4lschte Konten und Bot-Spieler vorzugehen, die nicht nur die Sicherheit gef\u00e4hrden, sondern auch Ihren Spielspa\u00df am Spieltisch beeintr\u00e4chtigen.<\/p>\n<p>Das KYC-Verfahren (Know Your Customer) ist ein standardm\u00e4\u00dfiger Sicherheitsprozess, der dazu dient, Ihre Identit\u00e4t zu \u00fcberpr\u00fcfen und Ihr Konto vor unbefugtem Zugriff und Betrug zu sch\u00fctzen.<\/p>\n<table>\n<tbody>\n<tr>\n<td>Schritt<\/td>\n<td>Erforderliche Dokumente<\/td>\n<td>Zweck<\/td>\n<\/tr>\n<tr>\n<td>Identit\u00e4tspr\u00fcfung<\/td>\n<td>G\u00fcltiger Reisepass, F\u00fchrerschein oder Ihr Personalausweis.<\/td>\n<td>Zum Nachweis Ihres tats\u00e4chlichen Namens, Ihres Geburtsdatums und Ihrer Teilnahmeberechtigung aufgrund des gesetzlichen Mindestalters. \u00dcberpr\u00fcfung Ihres Wohnorts.<\/td>\n<\/tr>\n<tr>\n<td>Adressnachweis<\/td>\n<td>Strom- oder Wasserrechnung oder Kontoauszug, ausgestellt innerhalb der letzten 3\u20136 Monate.<\/td>\n<td>Best\u00e4tigt Ihren aktuellen Wohnort und gew\u00e4hrleistet die Einhaltung regionaler Vorschriften.<\/td>\n<\/tr>\n<tr>\n<td>Zahlungs\u00fcberpr\u00fcfung<\/td>\n<td>Legen Sie ein Foto und\/oder einen Screenshot Ihrer Bankkarte (Kredit- und Debitkarte) und\/oder Ihres E-Wallets vor.<\/td>\n<td>Best\u00e4tigt, dass die Ein- und Auszahlungsmethoden dem Kontoinhaber geh\u00f6ren.<\/td>\n<\/tr>\n<tr>\n<td>Zus\u00e4tzliche Verifizierung<\/td>\n<td>Zus\u00e4tzliches Selfie mit Ausweis, falls vom Support Team angefordert, manchmal \u00fcber den Live Chat.<\/td>\n<td>Bietet eine zus\u00e4tzliche Sicherheitsebene, um Identit\u00e4tsdiebstahl zu verhindern.<\/td>\n<\/tr>\n<\/tbody>\n<\/table>\n<p>Wenden Sie sich bitte an unseren mehrsprachigen Kundendienst, falls Sie eine der Anforderungen nicht verstehen. Sobald Sie freigeschaltet sind, k\u00f6nnen Sie Geld auf Ihr Konto einzahlen und von diesem abheben, Ihre Turniersiege genie\u00dfen und die spannendsten Spinmama-Spiele spielen!<\/p>\n<h2>FAQ<\/h2>\n<h3>Ist es m\u00f6glich, meine pers\u00f6nlichen Daten nach der Registrierung zu \u00e4ndern?<\/h3>\n<p>Sie k\u00f6nnen Ihre pers\u00f6nlichen Daten in Ihren Kontoeinstellungen aktualisieren. Dies stellt sicher, dass die Informationen korrekt und aktuell sind, was die Verifizierung und die einfache Kontoverwaltung erleichtert. Bestehen Sie einfach zuerst die KYC-Pr\u00fcfung, dann wird die Plattform keine Unregelm\u00e4\u00dfigkeiten feststellen.<\/p>\n<h3>L\u00f6st die Anmeldung aus einem neuen Land zus\u00e4tzliche \u00dcberpr\u00fcfungen aus?<\/h3>\n<p>In einigen F\u00e4llen ja. Wir \u00fcberwachen Spieler aus gesperrten Regionen, und jede Manipulation der Geolokalisierung ist ein Warnsignal f\u00fcr das Spin Mama Casino System. Die Nutzung von VPNs und die Anmeldung aus einem neuen Land k\u00f6nnen gem\u00e4\u00df unseren Richtlinien f\u00fcr verantwortungsbewusstes Spielen und Sicherheit zus\u00e4tzliche \u00dcberpr\u00fcfungen hinsichtlich Sicherheit und Compliance ausl\u00f6sen. Dies erm\u00f6glicht es uns, Ihr Konto zu sch\u00fctzen und die gesetzlichen Anforderungen einzuhalten.<\/p>\n<h3>Was passiert, wenn ich mehrmals falsche Daten eingebe?<\/h3>\n<p>Die mehrfache Eingabe falscher Spinmama-Anmeldedaten kann aus Sicherheitsgr\u00fcnden zu einer vor\u00fcbergehenden Sperrung Ihres Kontos f\u00fchren. M\u00f6glicherweise m\u00fcssen Sie Ihr Konto verifizieren oder Ihr Passwort \u00fcber den Konto-Wiederherstellungsprozess zur\u00fccksetzen, um Ihr Konto wieder freizuschalten.<\/p>\n<h3>Kann ich mehrere Konten in Ihrem Online-Casino erstellen?<\/h3>\n<p>Nein, es verst\u00f6\u00dft gegen unsere Nutzungsbedingungen, mehrere Konten zu f\u00fchren. Wir erlauben nur ein Konto pro Spieler, um die Integrit\u00e4t der Spiele zu wahren und den Missbrauch von Boni und Werbeaktionen zu verhindern. Bitte stellen Sie daher sicher, dass Sie eine IP-Adresse, eine Anschrift und ein Konto verwenden, um Spin Mama Spiele zu spielen.<\/p>\n<\/div><\/div><\/p>\n","protected":false},"excerpt":{"rendered":"<p>Spinmama Anmeldung Jeder registrierte Spieler m\u00f6chte wissen, was der n\u00e4chste Schritt ist, und hier kommt der Spinmama Login ins Spiel. Sie k\u00f6nnen sich \u00fcber Ihren PC oder per Klick \u00fcber Ihr Mobiltelefon anmelden. Die Anmeldung war noch nie so einfach, denn wir haben alles getan, damit alle Nutzer sicher einloggen k\u00f6nnen \u2013 2FA-Verifizierung, ausschlie\u00dflich gepr\u00fcfte [&hellip;]<\/p>\n","protected":false},"author":1,"featured_media":0,"parent":0,"menu_order":0,"comment_status":"closed","ping_status":"closed","template":"template-builder.php","meta":{"_acf_changed":false,"inline_featured_image":false,"footnotes":""},"class_list":["post-1450","page","type-page","status-publish","hentry"],"acf":[],"yoast_head":"<!-- This site is optimized with the Yoast SEO plugin v27.3 - https:\/\/yoast.com\/product\/yoast-seo-wordpress\/ -->\n<title>Spinmama Login: Zugang zum Konto, Registrierung und Passwort-Hilfe<\/title>\n<meta name=\"description\" content=\"Spin Mama Login ist die Seite f\u00fcr Anmeldung, Registrierung, Passwort-Wiederherstellung und Verifizierung. Registriere dich in zwei Schritten, greife am Desktop oder mobil auf dein Konto zu, nutze Google, wenn verf\u00fcgbar, und \u00f6ffne Profilfunktionen, Zahlungen und das Willkommenspaket.\" \/>\n<meta name=\"robots\" content=\"index, follow, max-snippet:-1, max-image-preview:large, max-video-preview:-1\" \/>\n<link rel=\"canonical\" href=\"https:\/\/spinmamacasino.org\/de\/anmeldung-und-registrierung\/\" \/>\n<meta property=\"og:locale\" content=\"de_DE\" \/>\n<meta property=\"og:type\" content=\"article\" \/>\n<meta property=\"og:title\" content=\"Spinmama Login: Zugang zum Konto, Registrierung und Passwort-Hilfe\" \/>\n<meta property=\"og:description\" content=\"Spin Mama Login ist die Seite f\u00fcr Anmeldung, Registrierung, Passwort-Wiederherstellung und Verifizierung. Registriere dich in zwei Schritten, greife am Desktop oder mobil auf dein Konto zu, nutze Google, wenn verf\u00fcgbar, und \u00f6ffne Profilfunktionen, Zahlungen und das Willkommenspaket.\" \/>\n<meta property=\"og:url\" content=\"https:\/\/spinmamacasino.org\/de\/anmeldung-und-registrierung\/\" \/>\n<meta property=\"og:site_name\" content=\"spinmama\" \/>\n<meta property=\"article:modified_time\" content=\"2026-05-05T07:06:23+00:00\" \/>\n<meta name=\"twitter:card\" content=\"summary_large_image\" \/>\n<meta name=\"twitter:label1\" content=\"Gesch\u00e4tzte Lesezeit\" \/>\n\t<meta name=\"twitter:data1\" content=\"1\u00a0Minute\" \/>\n<script type=\"application\/ld+json\" class=\"yoast-schema-graph\">{\"@context\":\"https:\\\/\\\/schema.org\",\"@graph\":[{\"@type\":\"WebPage\",\"@id\":\"https:\\\/\\\/spinmamacasino.org\\\/de\\\/anmeldung-und-registrierung\\\/\",\"url\":\"https:\\\/\\\/spinmamacasino.org\\\/de\\\/anmeldung-und-registrierung\\\/\",\"name\":\"Spinmama Login: Zugang zum Konto, Registrierung und Passwort-Hilfe\",\"isPartOf\":{\"@id\":\"https:\\\/\\\/spinmamacasino.org\\\/de\\\/#website\"},\"datePublished\":\"2026-05-04T13:36:19+00:00\",\"dateModified\":\"2026-05-05T07:06:23+00:00\",\"description\":\"Spin Mama Login ist die Seite f\u00fcr Anmeldung, Registrierung, Passwort-Wiederherstellung und Verifizierung. Registriere dich in zwei Schritten, greife am Desktop oder mobil auf dein Konto zu, nutze Google, wenn verf\u00fcgbar, und \u00f6ffne Profilfunktionen, Zahlungen und das Willkommenspaket.\",\"breadcrumb\":{\"@id\":\"https:\\\/\\\/spinmamacasino.org\\\/de\\\/anmeldung-und-registrierung\\\/#breadcrumb\"},\"inLanguage\":\"de\",\"potentialAction\":[{\"@type\":\"ReadAction\",\"target\":[\"https:\\\/\\\/spinmamacasino.org\\\/de\\\/anmeldung-und-registrierung\\\/\"]}]},{\"@type\":\"BreadcrumbList\",\"@id\":\"https:\\\/\\\/spinmamacasino.org\\\/de\\\/anmeldung-und-registrierung\\\/#breadcrumb\",\"itemListElement\":[{\"@type\":\"ListItem\",\"position\":1,\"name\":\"Spinmama\",\"item\":\"https:\\\/\\\/spinmamacasino.org\\\/de\\\/\"},{\"@type\":\"ListItem\",\"position\":2,\"name\":\"Anmeldung und Registrierung\"}]},{\"@type\":\"WebSite\",\"@id\":\"https:\\\/\\\/spinmamacasino.org\\\/de\\\/#website\",\"url\":\"https:\\\/\\\/spinmamacasino.org\\\/de\\\/\",\"name\":\"Spinmama\",\"description\":\"\",\"publisher\":{\"@id\":\"https:\\\/\\\/spinmamacasino.org\\\/de\\\/#organization\"},\"potentialAction\":[{\"@type\":\"SearchAction\",\"target\":{\"@type\":\"EntryPoint\",\"urlTemplate\":\"https:\\\/\\\/spinmamacasino.org\\\/de\\\/?s={search_term_string}\"},\"query-input\":{\"@type\":\"PropertyValueSpecification\",\"valueRequired\":true,\"valueName\":\"search_term_string\"}}],\"inLanguage\":\"de\"},{\"@type\":\"Organization\",\"@id\":\"https:\\\/\\\/spinmamacasino.org\\\/de\\\/#organization\",\"name\":\"Spinmama\",\"url\":\"https:\\\/\\\/spinmamacasino.org\\\/de\\\/\",\"logo\":{\"@type\":\"ImageObject\",\"inLanguage\":\"de\",\"@id\":\"https:\\\/\\\/spinmamacasino.org\\\/de\\\/#\\\/schema\\\/logo\\\/image\\\/\",\"url\":\"https:\\\/\\\/spinmamacasino.org\\\/wp-content\\\/uploads\\\/2026\\\/05\\\/Casino-logo-Desktop.png\",\"contentUrl\":\"https:\\\/\\\/spinmamacasino.org\\\/wp-content\\\/uploads\\\/2026\\\/05\\\/Casino-logo-Desktop.png\",\"width\":320,\"height\":80,\"caption\":\"Spinmama\"},\"image\":{\"@id\":\"https:\\\/\\\/spinmamacasino.org\\\/de\\\/#\\\/schema\\\/logo\\\/image\\\/\"}}]}<\/script>\n<!-- \/ Yoast SEO plugin. -->","yoast_head_json":{"title":"Spinmama Login: Zugang zum Konto, Registrierung und Passwort-Hilfe","description":"Spin Mama Login ist die Seite f\u00fcr Anmeldung, Registrierung, Passwort-Wiederherstellung und Verifizierung. Registriere dich in zwei Schritten, greife am Desktop oder mobil auf dein Konto zu, nutze Google, wenn verf\u00fcgbar, und \u00f6ffne Profilfunktionen, Zahlungen und das Willkommenspaket.","robots":{"index":"index","follow":"follow","max-snippet":"max-snippet:-1","max-image-preview":"max-image-preview:large","max-video-preview":"max-video-preview:-1"},"canonical":"https:\/\/spinmamacasino.org\/de\/anmeldung-und-registrierung\/","og_locale":"de_DE","og_type":"article","og_title":"Spinmama Login: Zugang zum Konto, Registrierung und Passwort-Hilfe","og_description":"Spin Mama Login ist die Seite f\u00fcr Anmeldung, Registrierung, Passwort-Wiederherstellung und Verifizierung. Registriere dich in zwei Schritten, greife am Desktop oder mobil auf dein Konto zu, nutze Google, wenn verf\u00fcgbar, und \u00f6ffne Profilfunktionen, Zahlungen und das Willkommenspaket.","og_url":"https:\/\/spinmamacasino.org\/de\/anmeldung-und-registrierung\/","og_site_name":"spinmama","article_modified_time":"2026-05-05T07:06:23+00:00","twitter_card":"summary_large_image","twitter_misc":{"Gesch\u00e4tzte Lesezeit":"1\u00a0Minute"},"schema":{"@context":"https:\/\/schema.org","@graph":[{"@type":"WebPage","@id":"https:\/\/spinmamacasino.org\/de\/anmeldung-und-registrierung\/","url":"https:\/\/spinmamacasino.org\/de\/anmeldung-und-registrierung\/","name":"Spinmama Login: Zugang zum Konto, Registrierung und Passwort-Hilfe","isPartOf":{"@id":"https:\/\/spinmamacasino.org\/de\/#website"},"datePublished":"2026-05-04T13:36:19+00:00","dateModified":"2026-05-05T07:06:23+00:00","description":"Spin Mama Login ist die Seite f\u00fcr Anmeldung, Registrierung, Passwort-Wiederherstellung und Verifizierung. Registriere dich in zwei Schritten, greife am Desktop oder mobil auf dein Konto zu, nutze Google, wenn verf\u00fcgbar, und \u00f6ffne Profilfunktionen, Zahlungen und das Willkommenspaket.","breadcrumb":{"@id":"https:\/\/spinmamacasino.org\/de\/anmeldung-und-registrierung\/#breadcrumb"},"inLanguage":"de","potentialAction":[{"@type":"ReadAction","target":["https:\/\/spinmamacasino.org\/de\/anmeldung-und-registrierung\/"]}]},{"@type":"BreadcrumbList","@id":"https:\/\/spinmamacasino.org\/de\/anmeldung-und-registrierung\/#breadcrumb","itemListElement":[{"@type":"ListItem","position":1,"name":"Spinmama","item":"https:\/\/spinmamacasino.org\/de\/"},{"@type":"ListItem","position":2,"name":"Anmeldung und Registrierung"}]},{"@type":"WebSite","@id":"https:\/\/spinmamacasino.org\/de\/#website","url":"https:\/\/spinmamacasino.org\/de\/","name":"Spinmama","description":"","publisher":{"@id":"https:\/\/spinmamacasino.org\/de\/#organization"},"potentialAction":[{"@type":"SearchAction","target":{"@type":"EntryPoint","urlTemplate":"https:\/\/spinmamacasino.org\/de\/?s={search_term_string}"},"query-input":{"@type":"PropertyValueSpecification","valueRequired":true,"valueName":"search_term_string"}}],"inLanguage":"de"},{"@type":"Organization","@id":"https:\/\/spinmamacasino.org\/de\/#organization","name":"Spinmama","url":"https:\/\/spinmamacasino.org\/de\/","logo":{"@type":"ImageObject","inLanguage":"de","@id":"https:\/\/spinmamacasino.org\/de\/#\/schema\/logo\/image\/","url":"https:\/\/spinmamacasino.org\/wp-content\/uploads\/2026\/05\/Casino-logo-Desktop.png","contentUrl":"https:\/\/spinmamacasino.org\/wp-content\/uploads\/2026\/05\/Casino-logo-Desktop.png","width":320,"height":80,"caption":"Spinmama"},"image":{"@id":"https:\/\/spinmamacasino.org\/de\/#\/schema\/logo\/image\/"}}]}},"_links":{"self":[{"href":"https:\/\/spinmamacasino.org\/de\/wp-json\/wp\/v2\/pages\/1450","targetHints":{"allow":["GET"]}}],"collection":[{"href":"https:\/\/spinmamacasino.org\/de\/wp-json\/wp\/v2\/pages"}],"about":[{"href":"https:\/\/spinmamacasino.org\/de\/wp-json\/wp\/v2\/types\/page"}],"author":[{"embeddable":true,"href":"https:\/\/spinmamacasino.org\/de\/wp-json\/wp\/v2\/users\/1"}],"replies":[{"embeddable":true,"href":"https:\/\/spinmamacasino.org\/de\/wp-json\/wp\/v2\/comments?post=1450"}],"version-history":[{"count":3,"href":"https:\/\/spinmamacasino.org\/de\/wp-json\/wp\/v2\/pages\/1450\/revisions"}],"predecessor-version":[{"id":1685,"href":"https:\/\/spinmamacasino.org\/de\/wp-json\/wp\/v2\/pages\/1450\/revisions\/1685"}],"wp:attachment":[{"href":"https:\/\/spinmamacasino.org\/de\/wp-json\/wp\/v2\/media?parent=1450"}],"curies":[{"name":"wp","href":"https:\/\/api.w.org\/{rel}","templated":true}]}}