{"id":1410,"date":"2026-05-04T13:53:17","date_gmt":"2026-05-04T12:53:17","guid":{"rendered":"https:\/\/spinmamacasino.org\/app-2\/"},"modified":"2026-05-05T09:54:37","modified_gmt":"2026-05-05T08:54:37","slug":"aplicacion","status":"publish","type":"page","link":"https:\/\/spinmamacasino.org\/es\/aplicacion\/","title":{"rendered":"Aplicaci\u00f3n"},"content":{"rendered":"<h1>App de Spinmama: juega en iOS y Android<\/h1>\n<p>Spinmama app es nuestra mejor opci\u00f3n para darte un respiro de los juegos de escritorio y pasarte al m\u00f3vil. Todos los jugadores espa\u00f1oles pueden disfrutar del enorme cat\u00e1logo de Spinmama y sentir la emoci\u00f3n de jugar en el smartphone justo despu\u00e9s de una instalaci\u00f3n r\u00e1pida y fluida de nuestra PWA m\u00e1s moderna y sofisticada. Si buscas juegos online fiables y quieres estar siempre al tanto de nuestras \u00faltimas ofertas, entonces definitivamente tienes que probar nuestra c\u00f3moda versi\u00f3n m\u00f3vil.<\/p>\n<div class=\"banner-wrap\" aria-label=\"Banner\"><img src=\"https:\/\/spinmamacasino.org\/wp-content\/uploads\/2026\/05\/Spinmama-banner-desktop.webp\" class=\"w-100 d-none d-lg-block img-pc main-banner-img\" alt=\"Spinmama banner desktop\" fetchpriority=\"high\" decoding=\"async\"><img src=\"https:\/\/spinmamacasino.org\/wp-content\/uploads\/2026\/05\/Spinmama-banner-mobile.webp\" class=\"w-100 d-none d-md-block d-lg-none main-banner-img\" alt=\"Spinmama banner mobile\" fetchpriority=\"high\" decoding=\"async\"><img src=\"https:\/\/spinmamacasino.org\/wp-content\/uploads\/2026\/05\/Spinmama-banner-mobile.webp\" class=\"w-100 d-md-none\" alt=\"Spinmama banner mobile\" fetchpriority=\"high\" decoding=\"async\"><div class=\"banner-description\">\n<div class=\"banner-title\">Bonos de bienvenida<\/div>\n<p class=\"banner-header-title\">1500 \u20ac<\/p>\n<div class=\"banner-header-AdditionalText\">+ 250 Tiradas gratis<\/div>\n<button data-item=\"homepage_banner_link\" class=\"goto m-button m-gradient-border m-button--primary m-button--large banner-button btn-orange\">\n            <div class=\"m-button-content\">\n                <span>Reg\u00edstrate ahora<\/span>\n                <span><\/span>\n            <\/div>\n        <\/button>\n<\/div>\n<div class=\"WelcomePack\">\n<p><img loading=\"lazy\" decoding=\"async\" class=\"alignnone size-full wp-image-1339\" src=\"https:\/\/spinmamacasino.org\/wp-content\/uploads\/2026\/05\/welcome-crown.png\" alt=\"crown\" width=\"25\" height=\"26\" \/><\/p>\n<div class=\"WelcomePack-Info\">Reembolso semanal de hasta el 25 %<\/div>\n<p><img loading=\"lazy\" decoding=\"async\" class=\"alignnone size-full wp-image-1339\" src=\"https:\/\/spinmamacasino.org\/wp-content\/uploads\/2026\/05\/welcome-crown.png\" alt=\"crown\" width=\"25\" height=\"26\" \/><\/p>\n<\/div>\n<\/div>\n<h2>Ventajas y caracter\u00edsticas de la app de Spinmama<\/h2>\n<p>La app de Spinmama establece un nuevo referente en los juegos de casino para m\u00f3viles. Tenemos pensado impresionarte nada m\u00e1s iniciar sesi\u00f3n en tu m\u00f3vil: te esperan un rendimiento mejorado, una experiencia de juego fluida, unos gr\u00e1ficos espectaculares y un dise\u00f1o intuitivo con todas las funciones y pesta\u00f1as necesarias.<\/p>\n<p>La app ofrece un espacio dedicado a los juegos. Todo est\u00e1 disponible en tu smartphone:<\/p>\n<ul>\n<li>P\u00e1gina principal con todas las ofertas de bienvenida y bonificaciones, as\u00ed como las secciones \u00abJuegos destacados\u00bb, \u00abTendencias actuales\u00bb, \u00abJuegos en vivo\u00bb y \u00abJuegos nuevos\u00bb para que las consultes.<\/li>\n<li>La pesta\u00f1a oculta (y m\u00e1s importante) de la izquierda es para bonificaciones, actividades, fidelidad, reembolsos y promociones.<\/li>\n<li>Centro de ayuda con las preguntas m\u00e1s frecuentes y un bot\u00f3n para el chat de asistencia en vivo.<\/li>\n<\/ul>\n<p>Trabajamos constantemente para mejorar la capacidad de respuesta y la estabilidad de los juegos, incluso en dispositivos menos potentes de los que admite el navegador. El dise\u00f1o es optimizado, con un bajo consumo de memoria, a la vez que ofrece gr\u00e1ficos e interacciones de calidad superior. Las actualizaciones peri\u00f3dicas mantienen la aplicaci\u00f3n al d\u00eda con nuevas funciones y parches de seguridad, lo que garantiza transiciones fluidas durante el juego.<\/p>\n<p><div class=\"scrollable-content-wrap my-5\"><div class=\"scrollable-content-inner\"><h2>Diferencias clave entre la experiencia PWA y el juego en el ordenador<\/h2>\n<p>Intentaremos mostrarte que, aunque ambas plataformas ofrecen una experiencia de juego excelente, la app de Spinmama ofrece mayor flexibilidad y comodidad, lo que la hace ideal para jugar desde el m\u00f3vil.<\/p>\n<table>\n<tbody>\n<tr>\n<td>Caracter\u00edstica<\/td>\n<td>Aplicaci\u00f3n Spin Mama (PWA)<\/td>\n<td>Versi\u00f3n de escritorio<\/td>\n<\/tr>\n<tr>\n<td>Accesibilidad<\/td>\n<td>Inmediata, no requiere instalaci\u00f3n<\/td>\n<td>Requiere descargar el software o acceder a trav\u00e9s del navegador<\/td>\n<\/tr>\n<tr>\n<td>Compatibilidad con dispositivos<\/td>\n<td>Optimizado para dispositivos m\u00f3viles<\/td>\n<td>Dise\u00f1ado para PC e iPad<\/td>\n<\/tr>\n<tr>\n<td>Rendimiento<\/td>\n<td>Tiempos de carga r\u00e1pidos, retrasos m\u00ednimos y menos bloqueos<\/td>\n<td>Todas las prestaciones del hardware<\/td>\n<\/tr>\n<tr>\n<td>Seguridad<\/td>\n<td>Conexiones cifradas, inicio de sesi\u00f3n seguro en Spinmama<\/td>\n<td>Alta seguridad, autenticaci\u00f3n compleja<\/td>\n<\/tr>\n<tr>\n<td>Notificaciones<\/td>\n<td>Notificaciones push sobre promociones y noticias, novedades de la cuenta<\/td>\n<td>No admite notificaciones push directas<\/td>\n<\/tr>\n<tr>\n<td>Jugabilidad<\/td>\n<td>Controles t\u00e1ctiles, interfaz intuitiva<\/td>\n<td>Navegaci\u00f3n con rat\u00f3n y teclado<\/td>\n<\/tr>\n<tr>\n<td>Almacenamiento<\/td>\n<td>Se requiere un m\u00ednimo de almacenamiento<\/td>\n<td>Sin limitaciones de almacenamiento<\/td>\n<\/tr>\n<\/tbody>\n<\/table>\n<p>La app de Spinmama es f\u00e1cil de instalar en m\u00f3viles y ordenadores. En un iPhone, los jugadores solo tienen que a\u00f1adir la app desde el men\u00fa del navegador, lo que instala un acceso directo a la app en la pantalla de inicio. Para los dispositivos Android, la app se puede descargar desde la web haciendo clic en el bot\u00f3n de ayuda \u00abCasino App\u00bb, que te lleva a nuestra PWA. Y los usuarios de ordenador pueden simplemente ir a la web del casino e iniciar sesi\u00f3n usando su navegador. Lo explicaremos con m\u00e1s detalle a continuaci\u00f3n para cada tipo de dispositivo.<\/p>\n<p>La app est\u00e1 dise\u00f1ada para funcionar con:<\/p>\n<ul>\n<li>Smartphones y tabletas de gama alta.<\/li>\n<li>Dispositivos b\u00e1sicos con un rendimiento reducido.<\/li>\n<li>Ordenadores de sobremesa y port\u00e1tiles.<\/li>\n<\/ul>\n<\/div><\/div><div style=\"clear: both\"><\/div><div class=\"d-flex justify-content-center\"><button data-item=\"decouvrez_link\" data-group=\"website_links\" class=\"goto fw-bold rounded-pill btn btn-orange\" aria-label=\"Descarga la aplicaci\u00f3n Spinmama\" >Descarga la aplicaci\u00f3n Spinmama<\/button><\/div><div class=\"scrollable-content-wrap my-5\"><div class=\"scrollable-content-inner\"><h2>Aplicaci\u00f3n m\u00f3vil para iOS<\/h2>\n<p>La app de Spinmama para iOS ofrece un proceso de instalaci\u00f3n sencillo, sin pasar por la App Store. Para usar la app, nuestros jugadores deben ir a la p\u00e1gina web de Spin Mama Casino y a\u00f1adir la app a su pantalla de inicio. El proceso de instalaci\u00f3n es f\u00e1cil:<\/p>\n<ol>\n<li>Inicia sesi\u00f3n en la p\u00e1gina web de Spinmama Casino.<\/li>\n<li>Haz clic en los tres puntos de la barra de direcciones.<\/li>\n<li>Pulsa el bot\u00f3n \u00abA\u00f1adir a la pantalla de inicio\u00bb.<\/li>\n<li>Conf\u00edrmalo y el icono de la app se a\u00f1adir\u00e1 a tu pantalla de inicio.<\/li>\n<\/ol>\n<p>Una vez descargada, la app Spinmama para iOS cuenta con un dise\u00f1o adaptativo ideal para iPhones y iPads. Permite acceder f\u00e1cilmente a una amplia gama de slots online. Tambi\u00e9n hay disponibles juegos de casino en vivo y torneos. Aprovecha las medidas de seguridad de iOS y cuenta con notificaciones push para informar a los usuarios sobre ofertas y novedades.<\/p>\n<p><img loading=\"lazy\" decoding=\"async\" src=\"https:\/\/spinmamacasino.org\/wp-content\/uploads\/Spinmama-iOS-App.webp\" alt=\"Spinmama iOS App\" width=\"1248\" height=\"536\" \/><\/p>\n<\/div><\/div><div style=\"clear: both\"><\/div><div class=\"d-flex justify-content-center\"><button data-item=\"decouvrez_link\" data-group=\"website_links\" class=\"goto fw-bold rounded-pill btn btn-orange\" aria-label=\"Descargar Spinmama\" >Descargar Spinmama<\/button><\/div><div class=\"scrollable-content-wrap my-5\"><div class=\"scrollable-content-inner\"><h2>Aplicaci\u00f3n de Spinmama para Android<\/h2>\n<p>Si tienes un dispositivo Android, todo es igual de f\u00e1cil. La app de Spinmama tambi\u00e9n est\u00e1 disponible para usuarios de Android en forma de una aplicaci\u00f3n web progresiva (PWA) optimizada. Es f\u00e1cil de instalar:<\/p>\n<ol>\n<li>Ve a la p\u00e1gina web de Spin Mama Casino.<\/li>\n<li>Haz clic en el bot\u00f3n \u00abCasino App\u00bb para instalar la PWA.<\/li>\n<li>Haz clic en el siguiente bot\u00f3n llamado \u00abInstalar\u00bb.<\/li>\n<li>Pulsa \u00abAceptar\u00bb y sigue con el proceso de instalaci\u00f3n.<\/li>\n<li>M\u00e1s adelante puedes a\u00f1adir nuestra Spin Mama a la pantalla de inicio, tal y como suelen hacer los usuarios de Apple.<\/li>\n<\/ol>\n<p>Y ya est\u00e1: \u00a1tienes nuestra aplicaci\u00f3n en tu fondo de pantalla, lista para jugar! Es compatible con Android 8.0 y versiones posteriores, y funciona en la mayor\u00eda de dispositivos. La interfaz t\u00e1ctil de la app es sensible y reactiva, lo que facilita el juego en m\u00f3viles y tabletas.<\/p>\n<p><img loading=\"lazy\" decoding=\"async\" src=\"https:\/\/spinmamacasino.org\/wp-content\/uploads\/Spinmama-Android-App.webp\" alt=\"Spinmama Android App\" width=\"1248\" height=\"536\" \/><\/p>\n<\/div><\/div><div style=\"clear: both\"><\/div><div class=\"d-flex justify-content-center\"><button data-item=\"decouvrez_link\" data-group=\"website_links\" class=\"goto fw-bold rounded-pill btn btn-orange\" aria-label=\"Descarga la aplicaci\u00f3n Spinmama\" >Descarga la aplicaci\u00f3n Spinmama<\/button><\/div><div class=\"scrollable-content-wrap my-5\"><div class=\"scrollable-content-inner\"><h2>Juega a Spin Mama Casino en Mac o Windows<\/h2>\n<p>La versi\u00f3n de escritorio de Spinmama Casino est\u00e1 totalmente sincronizada entre Windows y macOS mediante un navegador web. Con el escritorio, puedes disfrutar de una mejor selecci\u00f3n de juegos, lo cual es mucho m\u00e1s \u00fatil para los juegos con crupier en vivo, ya que los detalles son importantes. Para jugar a Spinmama en un ordenador:<\/p>\n<ol>\n<li>Accede a la p\u00e1gina web a trav\u00e9s de un acceso directo o un navegador.<\/li>\n<li>Introduce tus datos de inicio de sesi\u00f3n.<\/li>\n<li>\u00a1Accede directamente a todas nuestras slots online, juegos de cartas y juegos con crupier en vivo!<\/li>\n<\/ol>\n<p>La versi\u00f3n de escritorio es compatible con todos los principales navegadores y garantiza la seguridad. Ofrece una experiencia de usuario fluida en m\u00faltiples dispositivos, con actualizaciones en tiempo real de los datos de la cuenta y el progreso del juego. Puedes ver todos los movimientos de tu saldo en un panel de control.<\/p>\n<p><img loading=\"lazy\" decoding=\"async\" src=\"https:\/\/spinmamacasino.org\/wp-content\/uploads\/Spinmama-Desktop.webp\" alt=\"Spinmama Desktop\" width=\"1248\" height=\"536\" \/><\/p>\n<\/div><\/div><div style=\"clear: both\"><\/div><div class=\"d-flex justify-content-center\"><button data-item=\"decouvrez_link\" data-group=\"website_links\" class=\"goto fw-bold rounded-pill btn btn-orange\" aria-label=\"Descargar Spinmama\" >Descargar Spinmama<\/button><\/div><div class=\"scrollable-content-wrap my-5\"><div class=\"scrollable-content-inner\"><h2>Preguntas frecuentes<\/h2>\n<h3>\u00bfTengo los mismos juegos en el m\u00f3vil que en el ordenador?<\/h3>\n<p>S\u00ed, puedes jugar a todos los juegos disponibles en el ordenador, como tragaperras online, juegos de mesa y crupieres en vivo. Sincronizamos todo, por lo que lo que hagas en tu PC se reflejar\u00e1 autom\u00e1ticamente en tu m\u00f3vil y viceversa.<\/p>\n<h3>\u00bfSe sincroniza mi saldo en tiempo real entre dispositivos?<\/h3>\n<p>En tiempo real, s\u00ed. Spinmama Casino utiliza una sincronizaci\u00f3n segura en tiempo real para mantener tu saldo y tu progreso de juego actualizados en todos los dispositivos.<\/p>\n<h3>\u00bfLa app admite notificaciones push?<\/h3>\n<p>La app de Spinmama ofrece notificaciones push para promociones, eventos dentro del juego y actualizaciones de la cuenta. Tambi\u00e9n puedes suscribirte a nuestras noticias y a los eventos interesantes que se celebran. En tu m\u00f3vil, puedes ver una ventana emergente de Spin Mama invit\u00e1ndote a probar algo nuevo o algunos mensajes del equipo de atenci\u00f3n al cliente sobre tu proceso de verificaci\u00f3n.<\/p>\n<h3>\u00bfFuncionar\u00e1 bien la PWA en dispositivos antiguos?<\/h3>\n<p>La PWA de Spinmama Casino est\u00e1 dise\u00f1ada para ser r\u00e1pida, pero es posible que tengas problemas en dispositivos antiguos con hardware y software obsoletos. No obstante, se espera que funcione sin problemas en la mayor\u00eda de smartphones y tabletas. Intenta no instalar nuestra app de Spinmama en m\u00f3viles muy antiguos, y te funcionar\u00e1 de maravilla.<\/p>\n<\/div><\/div><\/p>\n","protected":false},"excerpt":{"rendered":"<p>App de Spinmama: juega en iOS y Android Spinmama app es nuestra mejor opci\u00f3n para darte un respiro de los juegos de escritorio y pasarte al m\u00f3vil. Todos los jugadores espa\u00f1oles pueden disfrutar del enorme cat\u00e1logo de Spinmama y sentir la emoci\u00f3n de jugar en el smartphone justo despu\u00e9s de una instalaci\u00f3n r\u00e1pida y fluida [&hellip;]<\/p>\n","protected":false},"author":1,"featured_media":0,"parent":0,"menu_order":0,"comment_status":"closed","ping_status":"closed","template":"template-builder.php","meta":{"_acf_changed":false,"inline_featured_image":false,"footnotes":""},"class_list":["post-1410","page","type-page","status-publish","hentry"],"acf":[],"yoast_head":"<!-- This site is optimized with the Yoast SEO plugin v27.3 - https:\/\/yoast.com\/product\/yoast-seo-wordpress\/ -->\n<title>Spinmama App: casino PWA en m\u00f3vil, tablet y PC<\/title>\n<meta name=\"description\" content=\"Spin Mama App funciona como una PWA en iOS, Android, Mac y Windows, para que puedas usarla sin una descarga tradicional desde una tienda. \u00c1brela en Safari o Google Chrome, a\u00f1\u00e1dela a tu pantalla de inicio y mant\u00e9n tu saldo y la actividad de tu cuenta sincronizados entre dispositivos.\" \/>\n<meta name=\"robots\" content=\"index, follow, max-snippet:-1, max-image-preview:large, max-video-preview:-1\" \/>\n<link rel=\"canonical\" href=\"https:\/\/spinmamacasino.org\/es\/aplicacion\/\" \/>\n<meta property=\"og:locale\" content=\"es_ES\" \/>\n<meta property=\"og:type\" content=\"article\" \/>\n<meta property=\"og:title\" content=\"Spinmama App: casino PWA en m\u00f3vil, tablet y PC\" \/>\n<meta property=\"og:description\" content=\"Spin Mama App funciona como una PWA en iOS, Android, Mac y Windows, para que puedas usarla sin una descarga tradicional desde una tienda. \u00c1brela en Safari o Google Chrome, a\u00f1\u00e1dela a tu pantalla de inicio y mant\u00e9n tu saldo y la actividad de tu cuenta sincronizados entre dispositivos.\" \/>\n<meta property=\"og:url\" content=\"https:\/\/spinmamacasino.org\/es\/aplicacion\/\" \/>\n<meta property=\"og:site_name\" content=\"spinmama\" \/>\n<meta property=\"article:modified_time\" content=\"2026-05-05T08:54:37+00:00\" \/>\n<meta name=\"twitter:card\" content=\"summary_large_image\" \/>\n<meta name=\"twitter:label1\" content=\"Est. reading time\" \/>\n\t<meta name=\"twitter:data1\" content=\"2 minutes\" \/>\n<script type=\"application\/ld+json\" class=\"yoast-schema-graph\">{\"@context\":\"https:\\\/\\\/schema.org\",\"@graph\":[{\"@type\":\"WebPage\",\"@id\":\"https:\\\/\\\/spinmamacasino.org\\\/es\\\/aplicacion\\\/\",\"url\":\"https:\\\/\\\/spinmamacasino.org\\\/es\\\/aplicacion\\\/\",\"name\":\"Spinmama App: casino PWA en m\u00f3vil, tablet y PC\",\"isPartOf\":{\"@id\":\"https:\\\/\\\/spinmamacasino.org\\\/es\\\/#website\"},\"datePublished\":\"2026-05-04T12:53:17+00:00\",\"dateModified\":\"2026-05-05T08:54:37+00:00\",\"description\":\"Spin Mama App funciona como una PWA en iOS, Android, Mac y Windows, para que puedas usarla sin una descarga tradicional desde una tienda. \u00c1brela en Safari o Google Chrome, a\u00f1\u00e1dela a tu pantalla de inicio y mant\u00e9n tu saldo y la actividad de tu cuenta sincronizados entre dispositivos.\",\"breadcrumb\":{\"@id\":\"https:\\\/\\\/spinmamacasino.org\\\/es\\\/aplicacion\\\/#breadcrumb\"},\"inLanguage\":\"es-ES\",\"potentialAction\":[{\"@type\":\"ReadAction\",\"target\":[\"https:\\\/\\\/spinmamacasino.org\\\/es\\\/aplicacion\\\/\"]}]},{\"@type\":\"BreadcrumbList\",\"@id\":\"https:\\\/\\\/spinmamacasino.org\\\/es\\\/aplicacion\\\/#breadcrumb\",\"itemListElement\":[{\"@type\":\"ListItem\",\"position\":1,\"name\":\"Spinmama\",\"item\":\"https:\\\/\\\/spinmamacasino.org\\\/es\\\/\"},{\"@type\":\"ListItem\",\"position\":2,\"name\":\"Aplicaci\u00f3n\"}]},{\"@type\":\"WebSite\",\"@id\":\"https:\\\/\\\/spinmamacasino.org\\\/es\\\/#website\",\"url\":\"https:\\\/\\\/spinmamacasino.org\\\/es\\\/\",\"name\":\"Spinmama\",\"description\":\"\",\"publisher\":{\"@id\":\"https:\\\/\\\/spinmamacasino.org\\\/es\\\/#organization\"},\"potentialAction\":[{\"@type\":\"SearchAction\",\"target\":{\"@type\":\"EntryPoint\",\"urlTemplate\":\"https:\\\/\\\/spinmamacasino.org\\\/es\\\/?s={search_term_string}\"},\"query-input\":{\"@type\":\"PropertyValueSpecification\",\"valueRequired\":true,\"valueName\":\"search_term_string\"}}],\"inLanguage\":\"es-ES\"},{\"@type\":\"Organization\",\"@id\":\"https:\\\/\\\/spinmamacasino.org\\\/es\\\/#organization\",\"name\":\"Spinmama\",\"url\":\"https:\\\/\\\/spinmamacasino.org\\\/es\\\/\",\"logo\":{\"@type\":\"ImageObject\",\"inLanguage\":\"es-ES\",\"@id\":\"https:\\\/\\\/spinmamacasino.org\\\/es\\\/#\\\/schema\\\/logo\\\/image\\\/\",\"url\":\"https:\\\/\\\/spinmamacasino.org\\\/wp-content\\\/uploads\\\/2026\\\/05\\\/Casino-logo-Desktop.png\",\"contentUrl\":\"https:\\\/\\\/spinmamacasino.org\\\/wp-content\\\/uploads\\\/2026\\\/05\\\/Casino-logo-Desktop.png\",\"width\":320,\"height\":80,\"caption\":\"Spinmama\"},\"image\":{\"@id\":\"https:\\\/\\\/spinmamacasino.org\\\/es\\\/#\\\/schema\\\/logo\\\/image\\\/\"}}]}<\/script>\n<!-- \/ Yoast SEO plugin. -->","yoast_head_json":{"title":"Spinmama App: casino PWA en m\u00f3vil, tablet y PC","description":"Spin Mama App funciona como una PWA en iOS, Android, Mac y Windows, para que puedas usarla sin una descarga tradicional desde una tienda. \u00c1brela en Safari o Google Chrome, a\u00f1\u00e1dela a tu pantalla de inicio y mant\u00e9n tu saldo y la actividad de tu cuenta sincronizados entre dispositivos.","robots":{"index":"index","follow":"follow","max-snippet":"max-snippet:-1","max-image-preview":"max-image-preview:large","max-video-preview":"max-video-preview:-1"},"canonical":"https:\/\/spinmamacasino.org\/es\/aplicacion\/","og_locale":"es_ES","og_type":"article","og_title":"Spinmama App: casino PWA en m\u00f3vil, tablet y PC","og_description":"Spin Mama App funciona como una PWA en iOS, Android, Mac y Windows, para que puedas usarla sin una descarga tradicional desde una tienda. \u00c1brela en Safari o Google Chrome, a\u00f1\u00e1dela a tu pantalla de inicio y mant\u00e9n tu saldo y la actividad de tu cuenta sincronizados entre dispositivos.","og_url":"https:\/\/spinmamacasino.org\/es\/aplicacion\/","og_site_name":"spinmama","article_modified_time":"2026-05-05T08:54:37+00:00","twitter_card":"summary_large_image","twitter_misc":{"Est. reading time":"2 minutes"},"schema":{"@context":"https:\/\/schema.org","@graph":[{"@type":"WebPage","@id":"https:\/\/spinmamacasino.org\/es\/aplicacion\/","url":"https:\/\/spinmamacasino.org\/es\/aplicacion\/","name":"Spinmama App: casino PWA en m\u00f3vil, tablet y PC","isPartOf":{"@id":"https:\/\/spinmamacasino.org\/es\/#website"},"datePublished":"2026-05-04T12:53:17+00:00","dateModified":"2026-05-05T08:54:37+00:00","description":"Spin Mama App funciona como una PWA en iOS, Android, Mac y Windows, para que puedas usarla sin una descarga tradicional desde una tienda. \u00c1brela en Safari o Google Chrome, a\u00f1\u00e1dela a tu pantalla de inicio y mant\u00e9n tu saldo y la actividad de tu cuenta sincronizados entre dispositivos.","breadcrumb":{"@id":"https:\/\/spinmamacasino.org\/es\/aplicacion\/#breadcrumb"},"inLanguage":"es-ES","potentialAction":[{"@type":"ReadAction","target":["https:\/\/spinmamacasino.org\/es\/aplicacion\/"]}]},{"@type":"BreadcrumbList","@id":"https:\/\/spinmamacasino.org\/es\/aplicacion\/#breadcrumb","itemListElement":[{"@type":"ListItem","position":1,"name":"Spinmama","item":"https:\/\/spinmamacasino.org\/es\/"},{"@type":"ListItem","position":2,"name":"Aplicaci\u00f3n"}]},{"@type":"WebSite","@id":"https:\/\/spinmamacasino.org\/es\/#website","url":"https:\/\/spinmamacasino.org\/es\/","name":"Spinmama","description":"","publisher":{"@id":"https:\/\/spinmamacasino.org\/es\/#organization"},"potentialAction":[{"@type":"SearchAction","target":{"@type":"EntryPoint","urlTemplate":"https:\/\/spinmamacasino.org\/es\/?s={search_term_string}"},"query-input":{"@type":"PropertyValueSpecification","valueRequired":true,"valueName":"search_term_string"}}],"inLanguage":"es-ES"},{"@type":"Organization","@id":"https:\/\/spinmamacasino.org\/es\/#organization","name":"Spinmama","url":"https:\/\/spinmamacasino.org\/es\/","logo":{"@type":"ImageObject","inLanguage":"es-ES","@id":"https:\/\/spinmamacasino.org\/es\/#\/schema\/logo\/image\/","url":"https:\/\/spinmamacasino.org\/wp-content\/uploads\/2026\/05\/Casino-logo-Desktop.png","contentUrl":"https:\/\/spinmamacasino.org\/wp-content\/uploads\/2026\/05\/Casino-logo-Desktop.png","width":320,"height":80,"caption":"Spinmama"},"image":{"@id":"https:\/\/spinmamacasino.org\/es\/#\/schema\/logo\/image\/"}}]}},"_links":{"self":[{"href":"https:\/\/spinmamacasino.org\/es\/wp-json\/wp\/v2\/pages\/1410","targetHints":{"allow":["GET"]}}],"collection":[{"href":"https:\/\/spinmamacasino.org\/es\/wp-json\/wp\/v2\/pages"}],"about":[{"href":"https:\/\/spinmamacasino.org\/es\/wp-json\/wp\/v2\/types\/page"}],"author":[{"embeddable":true,"href":"https:\/\/spinmamacasino.org\/es\/wp-json\/wp\/v2\/users\/1"}],"replies":[{"embeddable":true,"href":"https:\/\/spinmamacasino.org\/es\/wp-json\/wp\/v2\/comments?post=1410"}],"version-history":[{"count":3,"href":"https:\/\/spinmamacasino.org\/es\/wp-json\/wp\/v2\/pages\/1410\/revisions"}],"predecessor-version":[{"id":1902,"href":"https:\/\/spinmamacasino.org\/es\/wp-json\/wp\/v2\/pages\/1410\/revisions\/1902"}],"wp:attachment":[{"href":"https:\/\/spinmamacasino.org\/es\/wp-json\/wp\/v2\/media?parent=1410"}],"curies":[{"name":"wp","href":"https:\/\/api.w.org\/{rel}","templated":true}]}}