{"id":1455,"date":"2026-05-04T14:36:19","date_gmt":"2026-05-04T13:36:19","guid":{"rendered":"https:\/\/spinmamacasino.org\/login-and-registration\/"},"modified":"2026-05-05T09:56:17","modified_gmt":"2026-05-05T08:56:17","slug":"inicio-de-sesion-y-registro","status":"publish","type":"page","link":"https:\/\/spinmamacasino.org\/es\/inicio-de-sesion-y-registro\/","title":{"rendered":"Inicio de sesi\u00f3n y Registro"},"content":{"rendered":"<h1>Inicio de sesi\u00f3n en Spinmama<\/h1>\n<p>Todos los jugadores espa\u00f1oles registrados quieren saber cu\u00e1l es el siguiente paso, y ah\u00ed es donde entra en juego el Spinmama login. Puedes hacerlo desde tu ordenador personal o haciendo clic desde tu tel\u00e9fono m\u00f3vil. Iniciar sesi\u00f3n nunca ha sido tan f\u00e1cil, porque hemos hecho todo para que todos los usuarios puedan acceder de forma segura: verificaci\u00f3n 2FA disponible, solo perfiles verificados y la protecci\u00f3n m\u00e1s avanzada en cada paso; esto es lo que obtienes tras registrarte en Spin Mama Casino.<\/p>\n<p><div class=\"banner-wrap\" aria-label=\"Banner\"><img src=\"https:\/\/spinmamacasino.org\/wp-content\/uploads\/2026\/05\/Spinmama-banner-desktop.webp\" class=\"w-100 d-none d-lg-block img-pc main-banner-img\" alt=\"Spinmama banner desktop\" fetchpriority=\"high\" decoding=\"async\"><img src=\"https:\/\/spinmamacasino.org\/wp-content\/uploads\/2026\/05\/Spinmama-banner-mobile.webp\" class=\"w-100 d-none d-md-block d-lg-none main-banner-img\" alt=\"Spinmama banner mobile\" fetchpriority=\"high\" decoding=\"async\"><img src=\"https:\/\/spinmamacasino.org\/wp-content\/uploads\/2026\/05\/Spinmama-banner-mobile.webp\" class=\"w-100 d-md-none\" alt=\"Spinmama banner mobile\" fetchpriority=\"high\" decoding=\"async\"><div class=\"banner-description\">\n<div class=\"banner-title\">Bonos de bienvenida<\/div>\n<p class=\"banner-header-title\">1500 \u20ac<\/p>\n<div class=\"banner-header-AdditionalText\">+ 250 Tiradas gratis<\/div>\n<button data-item=\"homepage_banner_link\" class=\"goto m-button m-gradient-border m-button--primary m-button--large banner-button btn-orange\">\n            <div class=\"m-button-content\">\n                <span>Reg\u00edstrate ahora<\/span>\n                <span><\/span>\n            <\/div>\n        <\/button>\n<\/div>\n<div class=\"WelcomePack\">\n<p><img loading=\"lazy\" decoding=\"async\" class=\"alignnone size-full wp-image-1339\" src=\"https:\/\/spinmamacasino.org\/wp-content\/uploads\/2026\/05\/welcome-crown.png\" alt=\"crown\" width=\"25\" height=\"26\" \/><\/p>\n<div class=\"WelcomePack-Info\">Reembolso semanal de hasta el 25 %<\/div>\n<p><img loading=\"lazy\" decoding=\"async\" class=\"alignnone size-full wp-image-1339\" src=\"https:\/\/spinmamacasino.org\/wp-content\/uploads\/2026\/05\/welcome-crown.png\" alt=\"crown\" width=\"25\" height=\"26\" \/><\/p>\n<\/div>\n<\/div><div class=\"scrollable-content-wrap my-5\"><div class=\"scrollable-content-inner\"><h2>Registro en Spinmama Casino<\/h2>\n<p>Siempre nos esforzamos al m\u00e1ximo para que nuestro casino online sea f\u00e1cil de usar, especialmente en los primeros pasos. Entendemos que no es tan f\u00e1cil comprender de inmediato todas las funciones y el funcionamiento de la nueva plataforma. \u00a1As\u00ed que no te preocupes! Para registrarte e iniciar sesi\u00f3n en Spinmama Casino solo necesitas un par de clics, y a partir de ah\u00ed tendr\u00e1s acceso a un enorme cat\u00e1logo de juegos, una comunidad acogedora de personas con tus mismos intereses y asistencia las 24 horas del d\u00eda, los 7 d\u00edas de la semana.<\/p>\n<h2>Crea una cuenta en dos pasos<\/h2>\n<p>Registrarse es una de las cosas m\u00e1s f\u00e1ciles que puedes hacer cuando quieres unirte a Spin Mama. D\u00e9janos mostrarte c\u00f3mo puedes registrarte t\u00fa mismo y no tardar m\u00e1s de un minuto en el proceso:<\/p>\n<ol>\n<li>Abre la p\u00e1gina web de Spinmama.<\/li>\n<li>F\u00edjate en la esquina superior derecha y haz clic en el bot\u00f3n \u00abReg\u00edstrate\u00bb.<\/li>\n<li>Haz clic ah\u00ed y abre el peque\u00f1o formulario de registro.<\/li>\n<li>Introduce solo la direcci\u00f3n de correo electr\u00f3nico que usas a diario; te enviaremos un enlace.<\/li>\n<li>Crea una contrase\u00f1a que sea casi imposible de hackear y gu\u00e1rdala en alg\u00fan sitio (gestor de contrase\u00f1as, an\u00f3tala en un papel, etc.).<\/li>\n<li>Lee atentamente (te lo recomendamos encarecidamente) y acepta nuestros T\u00e9rminos y condiciones.<\/li>\n<li>A\u00f1ade cualquier c\u00f3digo promocional si lo tienes.<\/li>\n<li>Marca la casilla para recibir nuestras cartas promocionales y mantenerte en contacto.<\/li>\n<li>Pulsa \u00abReg\u00edstrate\u00bb.<\/li>\n<li>Ve a tu bandeja de entrada y busca el correo de Spinmama Casino.<\/li>\n<li>Sigue los pasos del correo electr\u00f3nico de confirmaci\u00f3n y finaliza el proceso.<\/li>\n<\/ol>\n<p>Como ves, nada especial, pero todo es muy c\u00f3modo y s\u00faper \u00fatil. Sin pasos adicionales, sin movimientos poco convencionales que compliquen el proceso.<\/p>\n<p><img loading=\"lazy\" decoding=\"async\" src=\"https:\/\/spinmamacasino.org\/wp-content\/uploads\/Spinmama-Login.webp\" alt=\"Spinmama Login\" width=\"1248\" height=\"536\" \/><\/p>\n<h2>Inicia sesi\u00f3n y gestiona tu cuenta de Spinmama<\/h2>\n<p>A\u00fan m\u00e1s f\u00e1cil te resultar\u00e1 iniciar sesi\u00f3n en Spinmama por primera vez despu\u00e9s de registrarte, porque b\u00e1sicamente solo tienes que volver a introducir tus datos de acceso. Te mostramos con m\u00e1s detalle c\u00f3mo se hace.<\/p>\n<table>\n<tbody>\n<tr>\n<td>Paso 1<\/td>\n<td>Abre la p\u00e1gina web de Spin Mama Casino, la p\u00e1gina donde te registraste.<\/td>\n<\/tr>\n<tr>\n<td>Paso 2<\/td>\n<td>Haz clic en el bot\u00f3n \u00abIniciar sesi\u00f3n\u00bb que est\u00e1 junto al de registro.<\/td>\n<\/tr>\n<tr>\n<td>Paso 3<\/td>\n<td>Introduce tu correo electr\u00f3nico y la contrase\u00f1a que creaste<\/td>\n<\/tr>\n<tr>\n<td>Paso 4<\/td>\n<td>Haz clic en \u00abIniciar sesi\u00f3n\u00bb y ve a tu panel de control para ver las novedades y jugar a los juegos de Spinmama Casino.<\/td>\n<\/tr>\n<\/tbody>\n<\/table>\n<h3>C\u00f3mo iniciar sesi\u00f3n a trav\u00e9s de la aplicaci\u00f3n m\u00f3vil<\/h3>\n<p>Si te preocupa que en el smartphone todo sea diferente, nos apresuramos a confirmarte que el proceso de inicio de sesi\u00f3n en Spinmama es exactamente el mismo. Sin embargo, la naturaleza m\u00f3vil de nuestro casino requiere algunas precauciones espec\u00edficas para que el proceso sea m\u00e1s sencillo.<\/p>\n<p>Para garantizar que tu cuenta permanezca segura y que tu proceso de inicio de sesi\u00f3n o registro se desarrolle sin problemas, es fundamental seguir las mejores pr\u00e1cticas t\u00e9cnicas. Presta mucha atenci\u00f3n a tu entorno y a los m\u00e9todos de introducci\u00f3n de datos antes de enviar informaci\u00f3n confidencial.<\/p>\n<table>\n<tbody>\n<tr>\n<td>Detalles de seguridad<\/td>\n<td>Acci\u00f3n necesaria<\/td>\n<td>Por qu\u00e9 es importante para nosotros y para ti<\/td>\n<\/tr>\n<tr>\n<td>Precisi\u00f3n en la introducci\u00f3n de datos<\/td>\n<td>Desactiva el bloqueo de may\u00fasculas y comprueba el idioma activo del teclado.<\/td>\n<td>Evita los intentos fallidos de inicio de sesi\u00f3n en Spinmama que pueden provocar un bloqueo temporal de la cuenta.<\/td>\n<\/tr>\n<tr>\n<td>Precisi\u00f3n de las credenciales<\/td>\n<td>Usa la direcci\u00f3n de correo electr\u00f3nico espec\u00edfica vinculada a tu cuenta y desactiva el autocompletado.<\/td>\n<td>El autocompletado puede introducir contrase\u00f1as antiguas o incorrectas, lo que puede provocar errores y posibles alertas de seguridad.<\/td>\n<\/tr>\n<tr>\n<td>Integridad de la conexi\u00f3n<\/td>\n<td>Desactiva las VPN, los proxies o cualquier software de enmascaramiento de IP.<\/td>\n<td>A veces, Spinmama puede marcar el uso de una VPN como actividad sospechosa o una infracci\u00f3n de nuestras condiciones, as\u00ed que ten cuidado con la suspensi\u00f3n de la cuenta.<\/td>\n<\/tr>\n<tr>\n<td>Higiene del sistema<\/td>\n<td>Borra la cach\u00e9 y las cookies de tu navegador al menos de vez en cuando.<\/td>\n<td>Hazlo para ver la versi\u00f3n m\u00e1s actualizada del sitio y evitar que los datos de sesiones antiguas interfieran con tu inicio de sesi\u00f3n.<\/td>\n<\/tr>\n<\/tbody>\n<\/table>\n<h3>\u00bfHas olvidado tu contrase\u00f1a?<\/h3>\n<p>Perder tus credenciales no es un gran problema, ya que contamos con una forma r\u00e1pida y segura de recuperarlas.<\/p>\n<p>Si haces clic en el bot\u00f3n \u00ab\u00bfHas olvidado tu contrase\u00f1a?\u00bb en el formulario de inicio de sesi\u00f3n de Spinmama, te guiar\u00e1 r\u00e1pidamente a trav\u00e9s del proceso de recuperaci\u00f3n de toda tu cuenta y de las credenciales perdidas. Si creas una contrase\u00f1a m\u00e1s segura y la guardas en un lugar que no olvides, tu problema desaparecer\u00e1.<\/p>\n<p>Cuando hayas seguido esta vez todos los pasos de recuperaci\u00f3n de contrase\u00f1a, minimizar\u00e1s el riesgo de nuevos fallos t\u00e9cnicos o errores de inicio de sesi\u00f3n en Spinmama.<\/p>\n<h2>Verificaci\u00f3n de Spin Mama Casino<\/h2>\n<p>La seguridad es la m\u00e1xima prioridad en nuestro casino, Spin Mama. Contamos con un proceso de verificaci\u00f3n KYC (\u00abConoce a tu cliente\u00bb) obligatorio como requisito est\u00e1ndar de verificaci\u00f3n de identidad en nuestra plataforma.<\/p>\n<p>Es fundamental porque saber que todos nuestros jugadores son reales ayuda a que nuestros sistemas de seguridad avanzados mantengan todo bajo control y luchen contra los jugadores falsos y los bots, que no solo ponen en peligro la seguridad, sino que tambi\u00e9n arruinan tu diversi\u00f3n en la mesa de juego.<\/p>\n<p>El procedimiento KYC (Know Your Customer) es un proceso de seguridad est\u00e1ndar que se utiliza para verificar tu identidad y proteger tu cuenta contra el acceso no autorizado y el fraude.<\/p>\n<table>\n<tbody>\n<tr>\n<td>Paso<\/td>\n<td>Documentos necesarios<\/td>\n<td>Finalidad<\/td>\n<\/tr>\n<tr>\n<td>Verificaci\u00f3n de identidad<\/td>\n<td>Pasaporte v\u00e1lido, permiso de conducir o tu documento nacional de identidad.<\/td>\n<td>Demuestra tu nombre real, fecha de nacimiento y edad legal para participar. Comprobaci\u00f3n de tu zona geogr\u00e1fica.<\/td>\n<\/tr>\n<tr>\n<td>Prueba de domicilio<\/td>\n<td>Factura de servicios p\u00fablicos (agua\/electricidad) o extracto bancario emitido en los \u00faltimos 3-6 meses.<\/td>\n<td>Valida tu lugar de residencia actual y garantiza el cumplimiento de la normativa regional.<\/td>\n<\/tr>\n<tr>\n<td>Verificaci\u00f3n de pago<\/td>\n<td>Env\u00eda una foto y\/o una captura de pantalla de tu tarjeta bancaria (de cr\u00e9dito y d\u00e9bito) y\/o monedero electr\u00f3nico.<\/td>\n<td>Confirma que los m\u00e9todos de dep\u00f3sito y retirada pertenecen al titular de la cuenta.<\/td>\n<\/tr>\n<tr>\n<td>Verificaci\u00f3n adicional<\/td>\n<td>Selfie adicional con documento de identidad si lo solicita el equipo de atenci\u00f3n al cliente, a veces a trav\u00e9s del chat en vivo.<\/td>\n<td>Esto proporciona una capa adicional de seguridad para evitar el robo de identidad.<\/td>\n<\/tr>\n<\/tbody>\n<\/table>\n<p>Aseg\u00farate de ponerte en contacto con nuestro servicio de atenci\u00f3n al cliente multiling\u00fce si no entiendes alguno de los requisitos. Justo despu\u00e9s de que te aprueben, podr\u00e1s depositar y retirar dinero de tu cuenta, disfrutar de tus victorias en los torneos y jugar a los juegos m\u00e1s emocionantes de Spinmama.<\/p>\n<h2>Preguntas frecuentes<\/h2>\n<h3>\u00bfPuedo cambiar mis datos personales despu\u00e9s de registrarme?<\/h3>\n<p>Puedes actualizar tu informaci\u00f3n personal en la configuraci\u00f3n de tu cuenta. Esto garantiza que la informaci\u00f3n sea correcta y est\u00e9 actualizada para la verificaci\u00f3n y una gesti\u00f3n sencilla de la cuenta. Solo tienes que pasar primero la verificaci\u00f3n KYC y la plataforma no marcar\u00e1 nada.<\/p>\n<h3>\u00bfIniciar sesi\u00f3n desde un nuevo pa\u00eds activa comprobaciones adicionales?<\/h3>\n<p>En algunos casos, s\u00ed. Supervisamos a los jugadores de zonas restringidas, y cualquier manipulaci\u00f3n de la geolocalizaci\u00f3n es una se\u00f1al de alerta para el sistema de Spin Mama Casino. El uso de VPN y el inicio de sesi\u00f3n desde un nuevo pa\u00eds pueden activar comprobaciones adicionales de seguridad y cumplimiento, de acuerdo con nuestras pol\u00edticas de juego responsable y seguridad. Esto nos permite proteger tu cuenta y cumplir con los requisitos normativos.<\/p>\n<h3>\u00bfQu\u00e9 pasa si introduzco datos incorrectos varias veces?<\/h3>\n<p>Introducir datos de inicio de sesi\u00f3n de Spinmama incorrectos varias veces podr\u00eda bloquear temporalmente tu cuenta por motivos de seguridad. Es posible que tengas que verificar tu cuenta o restablecer tu contrase\u00f1a a trav\u00e9s del proceso de recuperaci\u00f3n de cuenta para desbloquearla.<\/p>\n<h3>\u00bfPuedo crear varias cuentas en vuestro casino online?<\/h3>\n<p>No, tener varias cuentas va en contra de nuestras condiciones de servicio. Solo permitimos una cuenta por jugador para mantener la integridad del juego y evitar el abuso de bonos y promociones. As\u00ed que aseg\u00farate de utilizar una sola IP, una sola direcci\u00f3n y una sola cuenta para jugar a los juegos<\/p>\n<\/div><\/div><\/p>\n","protected":false},"excerpt":{"rendered":"<p>Inicio de sesi\u00f3n en Spinmama Todos los jugadores espa\u00f1oles registrados quieren saber cu\u00e1l es el siguiente paso, y ah\u00ed es donde entra en juego el Spinmama login. Puedes hacerlo desde tu ordenador personal o haciendo clic desde tu tel\u00e9fono m\u00f3vil. Iniciar sesi\u00f3n nunca ha sido tan f\u00e1cil, porque hemos hecho todo para que todos los [&hellip;]<\/p>\n","protected":false},"author":1,"featured_media":0,"parent":0,"menu_order":0,"comment_status":"closed","ping_status":"closed","template":"template-builder.php","meta":{"_acf_changed":false,"inline_featured_image":false,"footnotes":""},"class_list":["post-1455","page","type-page","status-publish","hentry"],"acf":[],"yoast_head":"<!-- This site is optimized with the Yoast SEO plugin v27.3 - https:\/\/yoast.com\/product\/yoast-seo-wordpress\/ -->\n<title>Spinmama Login: acceso a la cuenta, registro y contrase\u00f1a olvidada<\/title>\n<meta name=\"description\" content=\"Spin Mama Login es la p\u00e1gina para iniciar sesi\u00f3n, registrarse, recuperar la contrase\u00f1a y completar la verificaci\u00f3n. Reg\u00edstrate en dos pasos, accede a tu cuenta desde ordenador o m\u00f3vil, usa Google si est\u00e1 disponible y abre el perfil, los pagos y el paquete de bienvenida.\" \/>\n<meta name=\"robots\" content=\"index, follow, max-snippet:-1, max-image-preview:large, max-video-preview:-1\" \/>\n<link rel=\"canonical\" href=\"https:\/\/spinmamacasino.org\/es\/inicio-de-sesion-y-registro\/\" \/>\n<meta property=\"og:locale\" content=\"es_ES\" \/>\n<meta property=\"og:type\" content=\"article\" \/>\n<meta property=\"og:title\" content=\"Spinmama Login: acceso a la cuenta, registro y contrase\u00f1a olvidada\" \/>\n<meta property=\"og:description\" content=\"Spin Mama Login es la p\u00e1gina para iniciar sesi\u00f3n, registrarse, recuperar la contrase\u00f1a y completar la verificaci\u00f3n. Reg\u00edstrate en dos pasos, accede a tu cuenta desde ordenador o m\u00f3vil, usa Google si est\u00e1 disponible y abre el perfil, los pagos y el paquete de bienvenida.\" \/>\n<meta property=\"og:url\" content=\"https:\/\/spinmamacasino.org\/es\/inicio-de-sesion-y-registro\/\" \/>\n<meta property=\"og:site_name\" content=\"spinmama\" \/>\n<meta property=\"article:modified_time\" content=\"2026-05-05T08:56:17+00:00\" \/>\n<meta name=\"twitter:card\" content=\"summary_large_image\" \/>\n<meta name=\"twitter:label1\" content=\"Est. reading time\" \/>\n\t<meta name=\"twitter:data1\" content=\"1 minute\" \/>\n<script type=\"application\/ld+json\" class=\"yoast-schema-graph\">{\"@context\":\"https:\\\/\\\/schema.org\",\"@graph\":[{\"@type\":\"WebPage\",\"@id\":\"https:\\\/\\\/spinmamacasino.org\\\/es\\\/inicio-de-sesion-y-registro\\\/\",\"url\":\"https:\\\/\\\/spinmamacasino.org\\\/es\\\/inicio-de-sesion-y-registro\\\/\",\"name\":\"Spinmama Login: acceso a la cuenta, registro y contrase\u00f1a olvidada\",\"isPartOf\":{\"@id\":\"https:\\\/\\\/spinmamacasino.org\\\/es\\\/#website\"},\"datePublished\":\"2026-05-04T13:36:19+00:00\",\"dateModified\":\"2026-05-05T08:56:17+00:00\",\"description\":\"Spin Mama Login es la p\u00e1gina para iniciar sesi\u00f3n, registrarse, recuperar la contrase\u00f1a y completar la verificaci\u00f3n. Reg\u00edstrate en dos pasos, accede a tu cuenta desde ordenador o m\u00f3vil, usa Google si est\u00e1 disponible y abre el perfil, los pagos y el paquete de bienvenida.\",\"breadcrumb\":{\"@id\":\"https:\\\/\\\/spinmamacasino.org\\\/es\\\/inicio-de-sesion-y-registro\\\/#breadcrumb\"},\"inLanguage\":\"es-ES\",\"potentialAction\":[{\"@type\":\"ReadAction\",\"target\":[\"https:\\\/\\\/spinmamacasino.org\\\/es\\\/inicio-de-sesion-y-registro\\\/\"]}]},{\"@type\":\"BreadcrumbList\",\"@id\":\"https:\\\/\\\/spinmamacasino.org\\\/es\\\/inicio-de-sesion-y-registro\\\/#breadcrumb\",\"itemListElement\":[{\"@type\":\"ListItem\",\"position\":1,\"name\":\"Spinmama\",\"item\":\"https:\\\/\\\/spinmamacasino.org\\\/es\\\/\"},{\"@type\":\"ListItem\",\"position\":2,\"name\":\"Inicio de sesi\u00f3n y Registro\"}]},{\"@type\":\"WebSite\",\"@id\":\"https:\\\/\\\/spinmamacasino.org\\\/es\\\/#website\",\"url\":\"https:\\\/\\\/spinmamacasino.org\\\/es\\\/\",\"name\":\"Spinmama\",\"description\":\"\",\"publisher\":{\"@id\":\"https:\\\/\\\/spinmamacasino.org\\\/es\\\/#organization\"},\"potentialAction\":[{\"@type\":\"SearchAction\",\"target\":{\"@type\":\"EntryPoint\",\"urlTemplate\":\"https:\\\/\\\/spinmamacasino.org\\\/es\\\/?s={search_term_string}\"},\"query-input\":{\"@type\":\"PropertyValueSpecification\",\"valueRequired\":true,\"valueName\":\"search_term_string\"}}],\"inLanguage\":\"es-ES\"},{\"@type\":\"Organization\",\"@id\":\"https:\\\/\\\/spinmamacasino.org\\\/es\\\/#organization\",\"name\":\"Spinmama\",\"url\":\"https:\\\/\\\/spinmamacasino.org\\\/es\\\/\",\"logo\":{\"@type\":\"ImageObject\",\"inLanguage\":\"es-ES\",\"@id\":\"https:\\\/\\\/spinmamacasino.org\\\/es\\\/#\\\/schema\\\/logo\\\/image\\\/\",\"url\":\"https:\\\/\\\/spinmamacasino.org\\\/wp-content\\\/uploads\\\/2026\\\/05\\\/Casino-logo-Desktop.png\",\"contentUrl\":\"https:\\\/\\\/spinmamacasino.org\\\/wp-content\\\/uploads\\\/2026\\\/05\\\/Casino-logo-Desktop.png\",\"width\":320,\"height\":80,\"caption\":\"Spinmama\"},\"image\":{\"@id\":\"https:\\\/\\\/spinmamacasino.org\\\/es\\\/#\\\/schema\\\/logo\\\/image\\\/\"}}]}<\/script>\n<!-- \/ Yoast SEO plugin. -->","yoast_head_json":{"title":"Spinmama Login: acceso a la cuenta, registro y contrase\u00f1a olvidada","description":"Spin Mama Login es la p\u00e1gina para iniciar sesi\u00f3n, registrarse, recuperar la contrase\u00f1a y completar la verificaci\u00f3n. Reg\u00edstrate en dos pasos, accede a tu cuenta desde ordenador o m\u00f3vil, usa Google si est\u00e1 disponible y abre el perfil, los pagos y el paquete de bienvenida.","robots":{"index":"index","follow":"follow","max-snippet":"max-snippet:-1","max-image-preview":"max-image-preview:large","max-video-preview":"max-video-preview:-1"},"canonical":"https:\/\/spinmamacasino.org\/es\/inicio-de-sesion-y-registro\/","og_locale":"es_ES","og_type":"article","og_title":"Spinmama Login: acceso a la cuenta, registro y contrase\u00f1a olvidada","og_description":"Spin Mama Login es la p\u00e1gina para iniciar sesi\u00f3n, registrarse, recuperar la contrase\u00f1a y completar la verificaci\u00f3n. Reg\u00edstrate en dos pasos, accede a tu cuenta desde ordenador o m\u00f3vil, usa Google si est\u00e1 disponible y abre el perfil, los pagos y el paquete de bienvenida.","og_url":"https:\/\/spinmamacasino.org\/es\/inicio-de-sesion-y-registro\/","og_site_name":"spinmama","article_modified_time":"2026-05-05T08:56:17+00:00","twitter_card":"summary_large_image","twitter_misc":{"Est. reading time":"1 minute"},"schema":{"@context":"https:\/\/schema.org","@graph":[{"@type":"WebPage","@id":"https:\/\/spinmamacasino.org\/es\/inicio-de-sesion-y-registro\/","url":"https:\/\/spinmamacasino.org\/es\/inicio-de-sesion-y-registro\/","name":"Spinmama Login: acceso a la cuenta, registro y contrase\u00f1a olvidada","isPartOf":{"@id":"https:\/\/spinmamacasino.org\/es\/#website"},"datePublished":"2026-05-04T13:36:19+00:00","dateModified":"2026-05-05T08:56:17+00:00","description":"Spin Mama Login es la p\u00e1gina para iniciar sesi\u00f3n, registrarse, recuperar la contrase\u00f1a y completar la verificaci\u00f3n. Reg\u00edstrate en dos pasos, accede a tu cuenta desde ordenador o m\u00f3vil, usa Google si est\u00e1 disponible y abre el perfil, los pagos y el paquete de bienvenida.","breadcrumb":{"@id":"https:\/\/spinmamacasino.org\/es\/inicio-de-sesion-y-registro\/#breadcrumb"},"inLanguage":"es-ES","potentialAction":[{"@type":"ReadAction","target":["https:\/\/spinmamacasino.org\/es\/inicio-de-sesion-y-registro\/"]}]},{"@type":"BreadcrumbList","@id":"https:\/\/spinmamacasino.org\/es\/inicio-de-sesion-y-registro\/#breadcrumb","itemListElement":[{"@type":"ListItem","position":1,"name":"Spinmama","item":"https:\/\/spinmamacasino.org\/es\/"},{"@type":"ListItem","position":2,"name":"Inicio de sesi\u00f3n y Registro"}]},{"@type":"WebSite","@id":"https:\/\/spinmamacasino.org\/es\/#website","url":"https:\/\/spinmamacasino.org\/es\/","name":"Spinmama","description":"","publisher":{"@id":"https:\/\/spinmamacasino.org\/es\/#organization"},"potentialAction":[{"@type":"SearchAction","target":{"@type":"EntryPoint","urlTemplate":"https:\/\/spinmamacasino.org\/es\/?s={search_term_string}"},"query-input":{"@type":"PropertyValueSpecification","valueRequired":true,"valueName":"search_term_string"}}],"inLanguage":"es-ES"},{"@type":"Organization","@id":"https:\/\/spinmamacasino.org\/es\/#organization","name":"Spinmama","url":"https:\/\/spinmamacasino.org\/es\/","logo":{"@type":"ImageObject","inLanguage":"es-ES","@id":"https:\/\/spinmamacasino.org\/es\/#\/schema\/logo\/image\/","url":"https:\/\/spinmamacasino.org\/wp-content\/uploads\/2026\/05\/Casino-logo-Desktop.png","contentUrl":"https:\/\/spinmamacasino.org\/wp-content\/uploads\/2026\/05\/Casino-logo-Desktop.png","width":320,"height":80,"caption":"Spinmama"},"image":{"@id":"https:\/\/spinmamacasino.org\/es\/#\/schema\/logo\/image\/"}}]}},"_links":{"self":[{"href":"https:\/\/spinmamacasino.org\/es\/wp-json\/wp\/v2\/pages\/1455","targetHints":{"allow":["GET"]}}],"collection":[{"href":"https:\/\/spinmamacasino.org\/es\/wp-json\/wp\/v2\/pages"}],"about":[{"href":"https:\/\/spinmamacasino.org\/es\/wp-json\/wp\/v2\/types\/page"}],"author":[{"embeddable":true,"href":"https:\/\/spinmamacasino.org\/es\/wp-json\/wp\/v2\/users\/1"}],"replies":[{"embeddable":true,"href":"https:\/\/spinmamacasino.org\/es\/wp-json\/wp\/v2\/comments?post=1455"}],"version-history":[{"count":2,"href":"https:\/\/spinmamacasino.org\/es\/wp-json\/wp\/v2\/pages\/1455\/revisions"}],"predecessor-version":[{"id":1903,"href":"https:\/\/spinmamacasino.org\/es\/wp-json\/wp\/v2\/pages\/1455\/revisions\/1903"}],"wp:attachment":[{"href":"https:\/\/spinmamacasino.org\/es\/wp-json\/wp\/v2\/media?parent=1455"}],"curies":[{"name":"wp","href":"https:\/\/api.w.org\/{rel}","templated":true}]}}