{"id":1411,"date":"2026-05-04T13:53:17","date_gmt":"2026-05-04T12:53:17","guid":{"rendered":"https:\/\/spinmamacasino.org\/app\/"},"modified":"2026-05-04T15:53:14","modified_gmt":"2026-05-04T14:53:14","slug":"app","status":"publish","type":"page","link":"https:\/\/spinmamacasino.org\/fr\/app\/","title":{"rendered":"App"},"content":{"rendered":"<h1>Application Spinmama : jouez sur iOS et Android<\/h1>\n<p>Spinmama app est notre solution id\u00e9ale pour faire une pause dans le jeu sur ordinateur et passer au mobile. Tous les joueurs peuvent profiter de l&rsquo;\u00e9norme catalogue Spinmama et ressentir l&rsquo;excitation du jeu sur smartphone d\u00e8s l&rsquo;installation rapide et fluide de notre PWA la plus moderne et sophistiqu\u00e9e. Si vous recherchez un jeu en ligne fiable et souhaitez \u00eatre toujours inform\u00e9 de nos derni\u00e8res offres, vous devez absolument essayer notre version mobile pratique.<\/p>\n<div class=\"banner-wrap\" aria-label=\"Banner\"><img src=\"https:\/\/spinmamacasino.org\/wp-content\/uploads\/2026\/05\/Spinmama-banner-desktop.webp\" class=\"w-100 d-none d-lg-block img-pc main-banner-img\" alt=\"Spinmama banner desktop\" fetchpriority=\"high\" decoding=\"async\"><img src=\"https:\/\/spinmamacasino.org\/wp-content\/uploads\/2026\/05\/Spinmama-banner-mobile.webp\" class=\"w-100 d-none d-md-block d-lg-none main-banner-img\" alt=\"Spinmama banner mobile\" fetchpriority=\"high\" decoding=\"async\"><img src=\"https:\/\/spinmamacasino.org\/wp-content\/uploads\/2026\/05\/Spinmama-banner-mobile.webp\" class=\"w-100 d-md-none\" alt=\"Spinmama banner mobile\" fetchpriority=\"high\" decoding=\"async\"><div class=\"banner-description\">\n<div class=\"banner-title\">Bonus de bienvenue<\/div>\n<p class=\"banner-header-title\">1500 \u20ac<\/p>\n<div class=\"banner-header-AdditionalText\">+ 250 Tours gratuits<\/div>\n<button data-item=\"homepage_banner_link\" class=\"goto m-button m-gradient-border m-button--primary m-button--large banner-button btn-orange\">\n            <div class=\"m-button-content\">\n                <span>Inscrivez-vous d\u00e8s maintenant<\/span>\n                <span><\/span>\n            <\/div>\n        <\/button>\n<\/div>\n<div class=\"WelcomePack\">\n<p><img loading=\"lazy\" decoding=\"async\" class=\"alignnone size-full wp-image-1339\" src=\"https:\/\/spinmamacasino.org\/wp-content\/uploads\/2026\/05\/welcome-crown.png\" alt=\"crown\" width=\"25\" height=\"26\" \/><\/p>\n<div class=\"WelcomePack-Info\">Cashback hebdomadaire jusqu&rsquo;\u00e0 25 %<\/div>\n<p><img loading=\"lazy\" decoding=\"async\" class=\"alignnone size-full wp-image-1339\" src=\"https:\/\/spinmamacasino.org\/wp-content\/uploads\/2026\/05\/welcome-crown.png\" alt=\"crown\" width=\"25\" height=\"26\" \/><\/p>\n<\/div>\n<\/div>\n<h2>Avantages et fonctionnalit\u00e9s de l&rsquo;application Spinmama<\/h2>\n<p>L&rsquo;application Spinmama \u00e9tablit une nouvelle r\u00e9f\u00e9rence dans le domaine des jeux de casino sur mobile. Nous comptons vous impressionner d\u00e8s que vous vous connecterez sur votre mobile : des performances am\u00e9lior\u00e9es, un jeu fluide, de superbes graphismes et un design intuitif avec toutes les fonctionnalit\u00e9s et onglets n\u00e9cessaires vous attendent.<\/p>\n<p>L&rsquo;application offre un espace d\u00e9di\u00e9 aux jeux. Tout est disponible sur votre smartphone :<\/p>\n<ul>\n<li>Une page d&rsquo;accueil avec toutes les offres de bienvenue et les bonus, les rubriques \u00ab Les meilleurs jeux \u00bb, \u00ab Tendance actuelle \u00bb, \u00ab Jeux Live \u00bb et \u00ab Nouveaux jeux \u00bb \u00e0 d\u00e9couvrir.<\/li>\n<li>L&rsquo;onglet cach\u00e9 (et le plus important) \u00e0 gauche est d\u00e9di\u00e9 aux bonus, aux activit\u00e9s, au programme de fid\u00e9lit\u00e9, au cashback et aux promotions.<\/li>\n<li>Centre d&rsquo;aide avec les questions les plus fr\u00e9quentes et un bouton pour l&rsquo;assistance par chat en direct.<\/li>\n<\/ul>\n<p>Nous travaillons sans cesse \u00e0 am\u00e9liorer la r\u00e9activit\u00e9 et la stabilit\u00e9 des jeux, m\u00eame sur des appareils moins puissants que ceux pris en charge par le navigateur. Le design est \u00e9pur\u00e9, avec une faible empreinte m\u00e9moire tout en offrant des graphismes et des interactions de qualit\u00e9 sup\u00e9rieure. Des mises \u00e0 jour r\u00e9guli\u00e8res permettent de maintenir l&rsquo;application \u00e0 jour avec de nouvelles fonctionnalit\u00e9s et des correctifs de s\u00e9curit\u00e9, garantissant des transitions de jeu fluides.<\/p>\n<p><div class=\"scrollable-content-wrap my-5\"><div class=\"scrollable-content-inner\"><h2>Principales diff\u00e9rences entre l&rsquo;exp\u00e9rience PWA et le jeu sur ordinateur<\/h2>\n<p>Nous allons vous montrer que, bien que les deux plateformes offrent une excellente exp\u00e9rience de jeu, l&rsquo;application Spinmama offre davantage de flexibilit\u00e9 et de commodit\u00e9, ce qui la rend id\u00e9ale pour le jeu sur mobile.<\/p>\n<table>\n<tbody>\n<tr>\n<td>Fonctionnalit\u00e9<\/td>\n<td>Application Spin Mama (PWA)<\/td>\n<td>Version pour ordinateur<\/td>\n<\/tr>\n<tr>\n<td>Accessibilit\u00e9<\/td>\n<td>Instantan\u00e9e, aucune installation requise<\/td>\n<td>N\u00e9cessite le t\u00e9l\u00e9chargement d&rsquo;un logiciel ou l&rsquo;acc\u00e8s via un navigateur<\/td>\n<\/tr>\n<tr>\n<td>Compatibilit\u00e9 avec les appareils<\/td>\n<td>Optimis\u00e9 pour les appareils mobiles<\/td>\n<td>Con\u00e7u pour les PC et les iPad<\/td>\n<\/tr>\n<tr>\n<td>Performances<\/td>\n<td>Temps de chargement rapides, latence r\u00e9duite au minimum, moins de blocages<\/td>\n<td>Utilisation optimale du mat\u00e9riel<\/td>\n<\/tr>\n<tr>\n<td>S\u00e9curit\u00e9<\/td>\n<td>Connexions crypt\u00e9es, connexion s\u00e9curis\u00e9e \u00e0 Spinmama<\/td>\n<td>S\u00e9curit\u00e9 \u00e9lev\u00e9e, authentification complexe<\/td>\n<\/tr>\n<tr>\n<td>Notifications<\/td>\n<td>Notifications push pour les promotions et les actualit\u00e9s, les \u00e9v\u00e9nements li\u00e9s au compte<\/td>\n<td>Pas de prise en charge directe des notifications push<\/td>\n<\/tr>\n<tr>\n<td>Gameplay<\/td>\n<td>Commandes tactiles, interface r\u00e9active<\/td>\n<td>Navigation \u00e0 l&rsquo;aide de la souris et du clavier<\/td>\n<\/tr>\n<tr>\n<td>Stockage<\/td>\n<td>Espace de stockage minimal requis<\/td>\n<td>Aucune limite de stockage<\/td>\n<\/tr>\n<\/tbody>\n<\/table>\n<p>L&rsquo;application Spinmama est facile \u00e0 installer sur les t\u00e9l\u00e9phones et les ordinateurs de bureau. Sur un iPhone, il suffit aux joueurs d&rsquo;ajouter l&rsquo;application via le menu du navigateur, ce qui installe un raccourci vers l&rsquo;application sur l&rsquo;\u00e9cran d&rsquo;accueil. Pour les appareils Android, l&rsquo;application peut \u00eatre t\u00e9l\u00e9charg\u00e9e depuis le site web en cliquant sur le bouton d&rsquo;aide \u00ab Casino App \u00bb, qui redirige vers notre PWA. Quant aux utilisateurs d&rsquo;ordinateurs de bureau, ils peuvent simplement se rendre sur le site web du casino et se connecter via leur navigateur. Nous aborderons ce sujet plus en d\u00e9tail ci-dessous pour chaque type d&rsquo;appareil.<\/p>\n<p>L&rsquo;application est con\u00e7ue pour fonctionner avec :<\/p>\n<ul>\n<li>Les smartphones et tablettes haut de gamme.<\/li>\n<li>Les appareils d&rsquo;entr\u00e9e de gamme aux performances r\u00e9duites.<\/li>\n<li>Les ordinateurs de bureau et les ordinateurs portables.<\/li>\n<\/ul>\n<\/div><\/div><div style=\"clear: both\"><\/div><div class=\"d-flex justify-content-center\"><button data-item=\"decouvrez_link\" data-group=\"website_links\" class=\"goto fw-bold rounded-pill btn btn-orange\" aria-label=\"T\u00e9l\u00e9chargez l&#039;application Spinmama\" >T\u00e9l\u00e9chargez l&#039;application Spinmama<\/button><\/div><div class=\"scrollable-content-wrap my-5\"><div class=\"scrollable-content-inner\"><h2>Application mobile pour iOS<\/h2>\n<p>L&rsquo;application Spinmama pour iOS offre un processus d&rsquo;installation simple, sans passer par l&rsquo;App Store. Pour utiliser l&rsquo;application, nos joueurs doivent se rendre sur le site du casino Spin Mama et ajouter l&rsquo;application \u00e0 leur \u00e9cran d&rsquo;accueil. Le processus d&rsquo;installation est simple :<\/p>\n<ol>\n<li>Connectez-vous au site Spinmama Casino.<\/li>\n<li>Cliquez sur les trois points situ\u00e9s dans la barre d&rsquo;adresse.<\/li>\n<li>Appuyez sur le bouton \u00ab Ajouter \u00e0 l&rsquo;\u00e9cran d&rsquo;accueil \u00bb.<\/li>\n<li>Confirmez, et l&rsquo;ic\u00f4ne de l&rsquo;application sera ajout\u00e9e \u00e0 votre \u00e9cran d&rsquo;accueil.<\/li>\n<\/ol>\n<p>Une fois t\u00e9l\u00e9charg\u00e9e, l&rsquo;application Spinmama pour iOS offre un design r\u00e9actif adapt\u00e9 aux iPhone et iPad. Elle permet d&rsquo;acc\u00e9der facilement \u00e0 une large gamme de machines \u00e0 sous en ligne. Des jeux de casino en direct et des tournois sont \u00e9galement disponibles. Elle tire parti des mesures de s\u00e9curit\u00e9 iOS et dispose de notifications push pour informer les utilisateurs des offres et des actualit\u00e9s.<\/p>\n<p><img loading=\"lazy\" decoding=\"async\" src=\"https:\/\/spinmamacasino.org\/wp-content\/uploads\/Spinmama-iOS-App.webp\" alt=\"Spinmama iOS App\" width=\"1248\" height=\"536\" \/><\/p>\n<\/div><\/div><div style=\"clear: both\"><\/div><div class=\"d-flex justify-content-center\"><button data-item=\"decouvrez_link\" data-group=\"website_links\" class=\"goto fw-bold rounded-pill btn btn-orange\" aria-label=\"T\u00e9l\u00e9charger Spinmama\" >T\u00e9l\u00e9charger Spinmama<\/button><\/div><div class=\"scrollable-content-wrap my-5\"><div class=\"scrollable-content-inner\"><h2>Application Spinmama pour Android<\/h2>\n<p>Si vous poss\u00e9dez un appareil Android, tout est tout aussi simple. L&rsquo;application Spinmama est \u00e9galement disponible pour les utilisateurs d&rsquo;Android sous la forme d&rsquo;une application web progressive (PWA) all\u00e9g\u00e9e. Elle est facile \u00e0 installer :<\/p>\n<ol>\n<li>Rendez-vous sur le site web de Spin Mama Casino.<\/li>\n<li>Cliquez sur le bouton \u00ab Casino App \u00bb pour installer la PWA.<\/li>\n<li>Cliquez sur le bouton suivant intitul\u00e9 \u00ab Installer \u00bb.<\/li>\n<li>Appuyez sur OK et poursuivez le processus d&rsquo;installation.<\/li>\n<li>Vous pourrez ensuite ajouter notre application Spin Mama \u00e0 votre \u00e9cran d&rsquo;accueil, comme aiment le faire les utilisateurs Apple.<\/li>\n<\/ol>\n<p>Et voil\u00e0, notre application est sur votre fond d&rsquo;\u00e9cran, pr\u00eate \u00e0 l&#8217;emploi ! Elle est compatible avec Android 8.0 et les versions ult\u00e9rieures, et fonctionne sur la plupart des appareils. L&rsquo;interface tactile de l&rsquo;application est sensible et r\u00e9active, ce qui facilite le jeu sur les mobiles et les tablettes.<\/p>\n<p><img loading=\"lazy\" decoding=\"async\" src=\"https:\/\/spinmamacasino.org\/wp-content\/uploads\/Spinmama-Android-App.webp\" alt=\"Spinmama Android App\" width=\"1248\" height=\"536\" \/><\/p>\n<\/div><\/div><div style=\"clear: both\"><\/div><div class=\"d-flex justify-content-center\"><button data-item=\"decouvrez_link\" data-group=\"website_links\" class=\"goto fw-bold rounded-pill btn btn-orange\" aria-label=\"T\u00e9l\u00e9chargez l&#039;application Spinmama\" >T\u00e9l\u00e9chargez l&#039;application Spinmama<\/button><\/div><div class=\"scrollable-content-wrap my-5\"><div class=\"scrollable-content-inner\"><h2>Jouez \u00e0 Spin Mama Casino sur Mac ou Windows<\/h2>\n<p>La version bureau de Spinmama Casino est enti\u00e8rement synchronis\u00e9e sur Windows et macOS via un navigateur web. Sur ordinateur, vous b\u00e9n\u00e9ficiez d\u2019une meilleure s\u00e9lection de jeux, ce qui est particuli\u00e8rement utile pour les jeux avec croupier en direct, o\u00f9 les d\u00e9tails comptent. Pour jouer \u00e0 Spinmama sur un ordinateur :<\/p>\n<ol>\n<li>Acc\u00e9dez au site web via un raccourci ou un navigateur.<\/li>\n<li>Saisissez vos identifiants de connexion.<\/li>\n<li>Acc\u00e9dez imm\u00e9diatement \u00e0 toutes nos machines \u00e0 sous en ligne, jeux de cartes et jeux avec croupier en direct !<\/li>\n<\/ol>\n<p>La version pour ordinateur est compatible avec tous les principaux navigateurs et garantit la s\u00e9curit\u00e9. Elle offre une exp\u00e9rience utilisateur fluide sur plusieurs appareils, avec des mises \u00e0 jour en temps r\u00e9el des d\u00e9tails de votre compte et de votre progression dans les jeux. Vous pouvez consulter l&rsquo;historique de votre solde depuis un tableau de bord.<\/p>\n<p><img loading=\"lazy\" decoding=\"async\" src=\"https:\/\/spinmamacasino.org\/wp-content\/uploads\/Spinmama-Desktop.webp\" alt=\"Spinmama Desktop\" width=\"1248\" height=\"536\" \/><\/p>\n<\/div><\/div><div style=\"clear: both\"><\/div><div class=\"d-flex justify-content-center\"><button data-item=\"decouvrez_link\" data-group=\"website_links\" class=\"goto fw-bold rounded-pill btn btn-orange\" aria-label=\"T\u00e9l\u00e9charger Spinmama\" >T\u00e9l\u00e9charger Spinmama<\/button><\/div><div class=\"scrollable-content-wrap my-5\"><div class=\"scrollable-content-inner\"><h2>FAQ<\/h2>\n<h3>Ai-je acc\u00e8s aux m\u00eames jeux sur mobile que sur ordinateur ?<\/h3>\n<p>Oui, vous pouvez jouer \u00e0 tous les jeux disponibles sur ordinateur, tels que les machines \u00e0 sous en ligne, les jeux de table et les jeux avec croupiers en direct. Nous synchronisons tout, donc ce que vous faites sur votre PC sera automatiquement refl\u00e9t\u00e9 sur votre mobile et vice versa.<\/p>\n<h3>Mon solde est-il synchronis\u00e9 en temps r\u00e9el sur tous les appareils ?<\/h3>\n<p>En temps r\u00e9el, oui. Spinmama Casino utilise une synchronisation s\u00e9curis\u00e9e en temps r\u00e9el pour maintenir votre solde et votre progression \u00e0 jour sur tous les appareils.<\/p>\n<h3>L&rsquo;application prend-elle en charge les notifications push ?<\/h3>\n<p>L&rsquo;application Spinmama propose des notifications push pour les promotions, les \u00e9v\u00e9nements en jeu et les mises \u00e0 jour de compte. Vous pouvez \u00e9galement vous inscrire pour recevoir nos actualit\u00e9s et \u00eatre inform\u00e9 des \u00e9v\u00e9nements sympas \u00e0 venir. Sur votre mobile, vous pouvez voir une fen\u00eatre contextuelle de Spin Mama vous invitant \u00e0 essayer quelque chose de nouveau ou des messages de l&rsquo;\u00e9quipe d&rsquo;assistance concernant votre processus de v\u00e9rification.<\/p>\n<h3>La PWA fonctionnera-t-elle correctement sur des appareils plus anciens ?<\/h3>\n<p>La PWA du casino Spinmama est con\u00e7ue pour \u00eatre rapide, mais vous pourriez rencontrer des probl\u00e8mes sur des appareils plus anciens dot\u00e9s de mat\u00e9riel et de logiciels obsol\u00e8tes. Elle devrait toutefois fonctionner sans probl\u00e8me sur la plupart des smartphones et tablettes. \u00c9vitez d&rsquo;installer notre application Spinmama sur des mobiles tr\u00e8s anciens, et elle fonctionnera \u00e0 merveille.<\/p>\n<\/div><\/div><\/p>\n","protected":false},"excerpt":{"rendered":"<p>Application Spinmama : jouez sur iOS et Android Spinmama app est notre solution id\u00e9ale pour faire une pause dans le jeu sur ordinateur et passer au mobile. Tous les joueurs peuvent profiter de l&rsquo;\u00e9norme catalogue Spinmama et ressentir l&rsquo;excitation du jeu sur smartphone d\u00e8s l&rsquo;installation rapide et fluide de notre PWA la plus moderne et [&hellip;]<\/p>\n","protected":false},"author":1,"featured_media":0,"parent":0,"menu_order":0,"comment_status":"closed","ping_status":"closed","template":"template-builder.php","meta":{"_acf_changed":false,"inline_featured_image":false,"footnotes":""},"class_list":["post-1411","page","type-page","status-publish","hentry"],"acf":[],"yoast_head":"<!-- This site is optimized with the Yoast SEO plugin v27.3 - https:\/\/yoast.com\/product\/yoast-seo-wordpress\/ -->\n<title>Spinmama App : casino PWA sur t\u00e9l\u00e9phone, tablette et PC<\/title>\n<meta name=\"description\" content=\"Spin Mama App fonctionne comme une PWA sur iOS, Android, Mac et Windows, pour que vous puissiez l\u2019utiliser sans t\u00e9l\u00e9chargement classique depuis un store. Ouvrez-la dans Safari ou Google Chrome, ajoutez-la \u00e0 votre \u00e9cran d\u2019accueil et gardez votre solde et votre activit\u00e9 synchronis\u00e9s sur tous vos appareils.\" \/>\n<meta name=\"robots\" content=\"index, follow, max-snippet:-1, max-image-preview:large, max-video-preview:-1\" \/>\n<link rel=\"canonical\" href=\"https:\/\/spinmamacasino.org\/fr\/app\/\" \/>\n<meta property=\"og:locale\" content=\"fr_FR\" \/>\n<meta property=\"og:type\" content=\"article\" \/>\n<meta property=\"og:title\" content=\"Spinmama App : casino PWA sur t\u00e9l\u00e9phone, tablette et PC\" \/>\n<meta property=\"og:description\" content=\"Spin Mama App fonctionne comme une PWA sur iOS, Android, Mac et Windows, pour que vous puissiez l\u2019utiliser sans t\u00e9l\u00e9chargement classique depuis un store. Ouvrez-la dans Safari ou Google Chrome, ajoutez-la \u00e0 votre \u00e9cran d\u2019accueil et gardez votre solde et votre activit\u00e9 synchronis\u00e9s sur tous vos appareils.\" \/>\n<meta property=\"og:url\" content=\"https:\/\/spinmamacasino.org\/fr\/app\/\" \/>\n<meta property=\"og:site_name\" content=\"spinmama\" \/>\n<meta property=\"article:modified_time\" content=\"2026-05-04T14:53:14+00:00\" \/>\n<meta name=\"twitter:card\" content=\"summary_large_image\" \/>\n<meta name=\"twitter:label1\" content=\"Dur\u00e9e de lecture estim\u00e9e\" \/>\n\t<meta name=\"twitter:data1\" content=\"2 minutes\" \/>\n<script type=\"application\/ld+json\" class=\"yoast-schema-graph\">{\"@context\":\"https:\\\/\\\/schema.org\",\"@graph\":[{\"@type\":\"WebPage\",\"@id\":\"https:\\\/\\\/spinmamacasino.org\\\/fr\\\/app\\\/\",\"url\":\"https:\\\/\\\/spinmamacasino.org\\\/fr\\\/app\\\/\",\"name\":\"Spinmama App : casino PWA sur t\u00e9l\u00e9phone, tablette et PC\",\"isPartOf\":{\"@id\":\"https:\\\/\\\/spinmamacasino.org\\\/fr\\\/#website\"},\"datePublished\":\"2026-05-04T12:53:17+00:00\",\"dateModified\":\"2026-05-04T14:53:14+00:00\",\"description\":\"Spin Mama App fonctionne comme une PWA sur iOS, Android, Mac et Windows, pour que vous puissiez l\u2019utiliser sans t\u00e9l\u00e9chargement classique depuis un store. Ouvrez-la dans Safari ou Google Chrome, ajoutez-la \u00e0 votre \u00e9cran d\u2019accueil et gardez votre solde et votre activit\u00e9 synchronis\u00e9s sur tous vos appareils.\",\"breadcrumb\":{\"@id\":\"https:\\\/\\\/spinmamacasino.org\\\/fr\\\/app\\\/#breadcrumb\"},\"inLanguage\":\"fr-FR\",\"potentialAction\":[{\"@type\":\"ReadAction\",\"target\":[\"https:\\\/\\\/spinmamacasino.org\\\/fr\\\/app\\\/\"]}]},{\"@type\":\"BreadcrumbList\",\"@id\":\"https:\\\/\\\/spinmamacasino.org\\\/fr\\\/app\\\/#breadcrumb\",\"itemListElement\":[{\"@type\":\"ListItem\",\"position\":1,\"name\":\"Spinmama\",\"item\":\"https:\\\/\\\/spinmamacasino.org\\\/fr\\\/\"},{\"@type\":\"ListItem\",\"position\":2,\"name\":\"App\"}]},{\"@type\":\"WebSite\",\"@id\":\"https:\\\/\\\/spinmamacasino.org\\\/fr\\\/#website\",\"url\":\"https:\\\/\\\/spinmamacasino.org\\\/fr\\\/\",\"name\":\"Spinmama\",\"description\":\"\",\"publisher\":{\"@id\":\"https:\\\/\\\/spinmamacasino.org\\\/fr\\\/#organization\"},\"potentialAction\":[{\"@type\":\"SearchAction\",\"target\":{\"@type\":\"EntryPoint\",\"urlTemplate\":\"https:\\\/\\\/spinmamacasino.org\\\/fr\\\/?s={search_term_string}\"},\"query-input\":{\"@type\":\"PropertyValueSpecification\",\"valueRequired\":true,\"valueName\":\"search_term_string\"}}],\"inLanguage\":\"fr-FR\"},{\"@type\":\"Organization\",\"@id\":\"https:\\\/\\\/spinmamacasino.org\\\/fr\\\/#organization\",\"name\":\"Spinmama\",\"url\":\"https:\\\/\\\/spinmamacasino.org\\\/fr\\\/\",\"logo\":{\"@type\":\"ImageObject\",\"inLanguage\":\"fr-FR\",\"@id\":\"https:\\\/\\\/spinmamacasino.org\\\/fr\\\/#\\\/schema\\\/logo\\\/image\\\/\",\"url\":\"https:\\\/\\\/spinmamacasino.org\\\/wp-content\\\/uploads\\\/2026\\\/05\\\/Casino-logo-Desktop.png\",\"contentUrl\":\"https:\\\/\\\/spinmamacasino.org\\\/wp-content\\\/uploads\\\/2026\\\/05\\\/Casino-logo-Desktop.png\",\"width\":320,\"height\":80,\"caption\":\"Spinmama\"},\"image\":{\"@id\":\"https:\\\/\\\/spinmamacasino.org\\\/fr\\\/#\\\/schema\\\/logo\\\/image\\\/\"}}]}<\/script>\n<!-- \/ Yoast SEO plugin. -->","yoast_head_json":{"title":"Spinmama App : casino PWA sur t\u00e9l\u00e9phone, tablette et PC","description":"Spin Mama App fonctionne comme une PWA sur iOS, Android, Mac et Windows, pour que vous puissiez l\u2019utiliser sans t\u00e9l\u00e9chargement classique depuis un store. Ouvrez-la dans Safari ou Google Chrome, ajoutez-la \u00e0 votre \u00e9cran d\u2019accueil et gardez votre solde et votre activit\u00e9 synchronis\u00e9s sur tous vos appareils.","robots":{"index":"index","follow":"follow","max-snippet":"max-snippet:-1","max-image-preview":"max-image-preview:large","max-video-preview":"max-video-preview:-1"},"canonical":"https:\/\/spinmamacasino.org\/fr\/app\/","og_locale":"fr_FR","og_type":"article","og_title":"Spinmama App : casino PWA sur t\u00e9l\u00e9phone, tablette et PC","og_description":"Spin Mama App fonctionne comme une PWA sur iOS, Android, Mac et Windows, pour que vous puissiez l\u2019utiliser sans t\u00e9l\u00e9chargement classique depuis un store. Ouvrez-la dans Safari ou Google Chrome, ajoutez-la \u00e0 votre \u00e9cran d\u2019accueil et gardez votre solde et votre activit\u00e9 synchronis\u00e9s sur tous vos appareils.","og_url":"https:\/\/spinmamacasino.org\/fr\/app\/","og_site_name":"spinmama","article_modified_time":"2026-05-04T14:53:14+00:00","twitter_card":"summary_large_image","twitter_misc":{"Dur\u00e9e de lecture estim\u00e9e":"2 minutes"},"schema":{"@context":"https:\/\/schema.org","@graph":[{"@type":"WebPage","@id":"https:\/\/spinmamacasino.org\/fr\/app\/","url":"https:\/\/spinmamacasino.org\/fr\/app\/","name":"Spinmama App : casino PWA sur t\u00e9l\u00e9phone, tablette et PC","isPartOf":{"@id":"https:\/\/spinmamacasino.org\/fr\/#website"},"datePublished":"2026-05-04T12:53:17+00:00","dateModified":"2026-05-04T14:53:14+00:00","description":"Spin Mama App fonctionne comme une PWA sur iOS, Android, Mac et Windows, pour que vous puissiez l\u2019utiliser sans t\u00e9l\u00e9chargement classique depuis un store. Ouvrez-la dans Safari ou Google Chrome, ajoutez-la \u00e0 votre \u00e9cran d\u2019accueil et gardez votre solde et votre activit\u00e9 synchronis\u00e9s sur tous vos appareils.","breadcrumb":{"@id":"https:\/\/spinmamacasino.org\/fr\/app\/#breadcrumb"},"inLanguage":"fr-FR","potentialAction":[{"@type":"ReadAction","target":["https:\/\/spinmamacasino.org\/fr\/app\/"]}]},{"@type":"BreadcrumbList","@id":"https:\/\/spinmamacasino.org\/fr\/app\/#breadcrumb","itemListElement":[{"@type":"ListItem","position":1,"name":"Spinmama","item":"https:\/\/spinmamacasino.org\/fr\/"},{"@type":"ListItem","position":2,"name":"App"}]},{"@type":"WebSite","@id":"https:\/\/spinmamacasino.org\/fr\/#website","url":"https:\/\/spinmamacasino.org\/fr\/","name":"Spinmama","description":"","publisher":{"@id":"https:\/\/spinmamacasino.org\/fr\/#organization"},"potentialAction":[{"@type":"SearchAction","target":{"@type":"EntryPoint","urlTemplate":"https:\/\/spinmamacasino.org\/fr\/?s={search_term_string}"},"query-input":{"@type":"PropertyValueSpecification","valueRequired":true,"valueName":"search_term_string"}}],"inLanguage":"fr-FR"},{"@type":"Organization","@id":"https:\/\/spinmamacasino.org\/fr\/#organization","name":"Spinmama","url":"https:\/\/spinmamacasino.org\/fr\/","logo":{"@type":"ImageObject","inLanguage":"fr-FR","@id":"https:\/\/spinmamacasino.org\/fr\/#\/schema\/logo\/image\/","url":"https:\/\/spinmamacasino.org\/wp-content\/uploads\/2026\/05\/Casino-logo-Desktop.png","contentUrl":"https:\/\/spinmamacasino.org\/wp-content\/uploads\/2026\/05\/Casino-logo-Desktop.png","width":320,"height":80,"caption":"Spinmama"},"image":{"@id":"https:\/\/spinmamacasino.org\/fr\/#\/schema\/logo\/image\/"}}]}},"_links":{"self":[{"href":"https:\/\/spinmamacasino.org\/fr\/wp-json\/wp\/v2\/pages\/1411","targetHints":{"allow":["GET"]}}],"collection":[{"href":"https:\/\/spinmamacasino.org\/fr\/wp-json\/wp\/v2\/pages"}],"about":[{"href":"https:\/\/spinmamacasino.org\/fr\/wp-json\/wp\/v2\/types\/page"}],"author":[{"embeddable":true,"href":"https:\/\/spinmamacasino.org\/fr\/wp-json\/wp\/v2\/users\/1"}],"replies":[{"embeddable":true,"href":"https:\/\/spinmamacasino.org\/fr\/wp-json\/wp\/v2\/comments?post=1411"}],"version-history":[{"count":3,"href":"https:\/\/spinmamacasino.org\/fr\/wp-json\/wp\/v2\/pages\/1411\/revisions"}],"predecessor-version":[{"id":1619,"href":"https:\/\/spinmamacasino.org\/fr\/wp-json\/wp\/v2\/pages\/1411\/revisions\/1619"}],"wp:attachment":[{"href":"https:\/\/spinmamacasino.org\/fr\/wp-json\/wp\/v2\/media?parent=1411"}],"curies":[{"name":"wp","href":"https:\/\/api.w.org\/{rel}","templated":true}]}}