{"id":1449,"date":"2026-05-04T14:36:19","date_gmt":"2026-05-04T13:36:19","guid":{"rendered":"https:\/\/spinmamacasino.org\/login-and-registration\/"},"modified":"2026-05-04T15:55:05","modified_gmt":"2026-05-04T14:55:05","slug":"connexion-et-inscription","status":"publish","type":"page","link":"https:\/\/spinmamacasino.org\/fr\/connexion-et-inscription\/","title":{"rendered":"Connexion et inscription"},"content":{"rendered":"<h1>Connexion \u00e0 Spinmama<\/h1>\n<p>Chaque joueur inscrit souhaite conna\u00eetre la prochaine \u00e9tape, et c&rsquo;est l\u00e0 que Spinmama login entre en jeu. Vous pouvez vous connecter depuis votre ordinateur personnel ou en cliquant depuis votre t\u00e9l\u00e9phone portable. Se connecter n&rsquo;a jamais \u00e9t\u00e9 aussi simple, car nous avons tout mis en \u0153uvre pour que tous les utilisateurs puissent acc\u00e9der \u00e0 en toute s\u00e9curit\u00e9 : v\u00e9rification 2FA disponible, profils v\u00e9rifi\u00e9s uniquement et protection de pointe \u00e0 chaque \u00e9tape. Voil\u00e0 ce dont vous b\u00e9n\u00e9ficiez apr\u00e8s votre inscription sur Spin Mama Casino.<\/p>\n<p><div class=\"banner-wrap\" aria-label=\"Banner\"><img src=\"https:\/\/spinmamacasino.org\/wp-content\/uploads\/2026\/05\/Spinmama-banner-desktop.webp\" class=\"w-100 d-none d-lg-block img-pc main-banner-img\" alt=\"Spinmama banner desktop\" fetchpriority=\"high\" decoding=\"async\"><img src=\"https:\/\/spinmamacasino.org\/wp-content\/uploads\/2026\/05\/Spinmama-banner-mobile.webp\" class=\"w-100 d-none d-md-block d-lg-none main-banner-img\" alt=\"Spinmama banner mobile\" fetchpriority=\"high\" decoding=\"async\"><img src=\"https:\/\/spinmamacasino.org\/wp-content\/uploads\/2026\/05\/Spinmama-banner-mobile.webp\" class=\"w-100 d-md-none\" alt=\"Spinmama banner mobile\" fetchpriority=\"high\" decoding=\"async\"><div class=\"banner-description\">\n<div class=\"banner-title\">Bonus de bienvenue<\/div>\n<p class=\"banner-header-title\">1500 \u20ac<\/p>\n<div class=\"banner-header-AdditionalText\">+ 250 Tours gratuits<\/div>\n<button data-item=\"homepage_banner_link\" class=\"goto m-button m-gradient-border m-button--primary m-button--large banner-button btn-orange\">\n            <div class=\"m-button-content\">\n                <span>Inscrivez-vous d\u00e8s maintenant<\/span>\n                <span><\/span>\n            <\/div>\n        <\/button>\n<\/div>\n<div class=\"WelcomePack\">\n<p><img loading=\"lazy\" decoding=\"async\" class=\"alignnone size-full wp-image-1339\" src=\"https:\/\/spinmamacasino.org\/wp-content\/uploads\/2026\/05\/welcome-crown.png\" alt=\"crown\" width=\"25\" height=\"26\" \/><\/p>\n<div class=\"WelcomePack-Info\">Cashback hebdomadaire jusqu&rsquo;\u00e0 25 %<\/div>\n<p><img loading=\"lazy\" decoding=\"async\" class=\"alignnone size-full wp-image-1339\" src=\"https:\/\/spinmamacasino.org\/wp-content\/uploads\/2026\/05\/welcome-crown.png\" alt=\"crown\" width=\"25\" height=\"26\" \/><\/p>\n<\/div>\n<\/div><div class=\"scrollable-content-wrap my-5\"><div class=\"scrollable-content-inner\"><h2>Inscription au casino Spinmama<\/h2>\n<p>Nous mettons toujours tout en \u0153uvre pour rendre notre casino en ligne convivial, en particulier lors des premi\u00e8res \u00e9tapes. Nous comprenons qu&rsquo;il n&rsquo;est pas si facile de saisir imm\u00e9diatement toutes les fonctionnalit\u00e9s et le fonctionnement de la nouvelle plateforme. Alors ne vous inqui\u00e9tez pas ! Pour vous inscrire et vous connecter \u00e0 Spinmama Casino, il suffit de quelques clics, et d\u00e8s lors, vous avez acc\u00e8s \u00e0 un catalogue gigantesque de jeux, \u00e0 une communaut\u00e9 conviviale de personnes partageant les m\u00eames id\u00e9es et \u00e0 une assistance disponible 24\/7.<\/p>\n<h2>Cr\u00e9ez un compte en deux \u00e9tapes<\/h2>\n<p>L&rsquo;inscription est l&rsquo;une des choses les plus simples \u00e0 faire lorsque vous souhaitez rejoindre Spin Mama. Laissez-nous vous montrer comment vous pouvez vous inscrire tout seul en moins d&rsquo;une minute :<\/p>\n<ol>\n<li>Ouvrez le site web de Spinmama.<\/li>\n<li>Regardez dans le coin sup\u00e9rieur droit et cliquez sur le bouton \u00ab S&rsquo;inscrire \u00bb.<\/li>\n<li>Cliquez dessus pour ouvrir le petit formulaire d&rsquo;inscription.<\/li>\n<li>Indiquez uniquement l&rsquo;adresse e-mail active que vous utilisez quotidiennement : nous vous enverrons un lien.<\/li>\n<li>Cr\u00e9ez un mot de passe pratiquement impossible \u00e0 pirater et conservez-le en lieu s\u00fbr (gestionnaire de mots de passe, sur un bout de papier, etc.).<\/li>\n<li>Lisez attentivement (fortement recommand\u00e9) et acceptez nos Conditions g\u00e9n\u00e9rales.<\/li>\n<li>Ajoutez vos codes promotionnels si vous en avez.<\/li>\n<li>Cochez la case pour recevoir nos lettres promotionnelles et rester en contact.<\/li>\n<li>Cliquez sur \u00ab S&rsquo;inscrire \u00bb.<\/li>\n<li>Rendez-vous dans votre bo\u00eete de r\u00e9ception et recherchez l&rsquo;e-mail de Spinmama Casino.<\/li>\n<li>Suivez les \u00e9tapes indiqu\u00e9es dans l&rsquo;e-mail de confirmation et terminez la proc\u00e9dure.<\/li>\n<\/ol>\n<p>Comme vous pouvez le constater, rien d&rsquo;extraordinaire, mais tout est extr\u00eamement pratique et tr\u00e8s utile. Pas d&rsquo;\u00e9tapes suppl\u00e9mentaires, pas de manipulations inhabituelles qui compliquent le processus.<\/p>\n<p><img loading=\"lazy\" decoding=\"async\" src=\"https:\/\/spinmamacasino.org\/wp-content\/uploads\/Spinmama-Login.webp\" alt=\"Spinmama Login\" width=\"1248\" height=\"536\" \/><\/p>\n<h2>Connectez-vous et g\u00e9rez votre compte Spinmama<\/h2>\n<p>Il vous sera encore plus facile d&rsquo;effectuer votre premi\u00e8re connexion \u00e0 Spinmama apr\u00e8s votre inscription, car il vous suffit en fait de saisir \u00e0 nouveau vos identifiants. Laissez-nous vous montrer plus en d\u00e9tail comment proc\u00e9der.<\/p>\n<table>\n<tbody>\n<tr>\n<td>\u00c9tape 1<\/td>\n<td>Ouvrez le site web de Spin Mama Casino, la page sur laquelle vous vous \u00eates inscrit.<\/td>\n<\/tr>\n<tr>\n<td>\u00c9tape 2<\/td>\n<td>Cliquez sur le bouton \u00ab Se Connecter \u00bb situ\u00e9 \u00e0 c\u00f4t\u00e9 de celui d&rsquo;inscription.<\/td>\n<\/tr>\n<tr>\n<td>\u00c9tape 3<\/td>\n<td>Saisissez votre adresse e-mail et le mot de passe que vous avez cr\u00e9\u00e9.<\/td>\n<\/tr>\n<tr>\n<td>\u00c9tape 4<\/td>\n<td>Cliquez sur \u00ab Connexion \u00bb et acc\u00e9dez \u00e0 votre tableau de bord pour consulter les actualit\u00e9s et jouer aux jeux de Spinmama Casino !<\/td>\n<\/tr>\n<\/tbody>\n<\/table>\n<h3>Comment se connecter via l&rsquo;application mobile<\/h3>\n<p>Si vous craignez que tout soit diff\u00e9rent sur smartphone, nous nous empressons de vous confirmer que le processus de connexion \u00e0 Spinmama est exactement le m\u00eame. Cependant, la nature mobile de notre casino n\u00e9cessite certaines pr\u00e9cautions particuli\u00e8res pour rendre le processus moins fastidieux.<\/p>\n<p>Pour garantir la s\u00e9curit\u00e9 de votre compte et le bon d\u00e9roulement de votre connexion ou de votre inscription, il est essentiel de suivre les meilleures pratiques techniques. Soyez tr\u00e8s attentif \u00e0 votre environnement et \u00e0 vos m\u00e9thodes de saisie avant de soumettre des informations sensibles.<\/p>\n<table>\n<tbody>\n<tr>\n<td>D\u00e9tails de s\u00e9curit\u00e9<\/td>\n<td>Action requise<\/td>\n<td>Pourquoi c&rsquo;est important pour nous et pour vous<\/td>\n<\/tr>\n<tr>\n<td>Pr\u00e9cision de la saisie<\/td>\n<td>D\u00e9sactivez le verrouillage des majuscules et v\u00e9rifiez la langue active du clavier.<\/td>\n<td>Emp\u00eache les tentatives de connexion infructueuses \u00e0 Spinmama qui peuvent entra\u00eener un blocage temporaire du compte.<\/td>\n<\/tr>\n<tr>\n<td>Pr\u00e9cision des identifiants<\/td>\n<td>Utilisez l&rsquo;adresse e-mail sp\u00e9cifique associ\u00e9e \u00e0 votre compte et d\u00e9sactivez la saisie automatique.<\/td>\n<td>La saisie automatique peut remplir des mots de passe anciens ou incorrects, ce qui peut entra\u00eener des erreurs et des risques potentiels pour la s\u00e9curit\u00e9.<\/td>\n<\/tr>\n<tr>\n<td>Int\u00e9grit\u00e9 de la connexion<\/td>\n<td>D\u00e9sactivez les VPN, les proxys ou tout logiciel de masquage d&rsquo;adresse IP.<\/td>\n<td>Parfois, Spinmama peut consid\u00e9rer l&rsquo;utilisation d&rsquo;un VPN comme une activit\u00e9 suspecte ou une violation de nos conditions d&rsquo;utilisation, alors m\u00e9fiez-vous d&rsquo;une suspension de compte.<\/td>\n<\/tr>\n<tr>\n<td>Hygi\u00e8ne du syst\u00e8me<\/td>\n<td>Videz le cache et les cookies de votre navigateur au moins de temps en temps.<\/td>\n<td>Faites-le pour consulter la version la plus r\u00e9cente du site et \u00e9viter que d&rsquo;anciennes donn\u00e9es de session n&rsquo;interf\u00e8rent avec votre connexion.<\/td>\n<\/tr>\n<\/tbody>\n<\/table>\n<h3>Vous avez oubli\u00e9 votre mot de passe ?<\/h3>\n<p>La perte de vos identifiants n&rsquo;est pas un gros probl\u00e8me, car nous disposons d&rsquo;un moyen rapide et s\u00e9curis\u00e9 de les r\u00e9cup\u00e9rer.<\/p>\n<p>Si vous cliquez sur le bouton \u00ab Mot de passe oubli\u00e9 ? \u00bb dans le formulaire de connexion Spinmama, vous serez rapidement guid\u00e9 tout au long du processus de r\u00e9cup\u00e9ration de votre compte et de vos identifiants perdus. Si vous cr\u00e9ez un mot de passe plus s\u00fbr et que vous l&rsquo;enregistrez dans un endroit que vous n&rsquo;oublierez pas, votre probl\u00e8me sera r\u00e9solu.<\/p>\n<p>Une fois que vous aurez suivi toutes les \u00e9tapes de r\u00e9cup\u00e9ration du mot de passe, vous minimiserez le risque de nouveaux probl\u00e8mes techniques ou d&rsquo;erreurs de connexion \u00e0 Spinmama.<\/p>\n<h2>V\u00e9rification sur Spin Mama Casino<\/h2>\n<p>La s\u00e9curit\u00e9 est la priorit\u00e9 absolue de notre casino, Spin Mama. Nous avons mis en place un processus de v\u00e9rification KYC (\u00ab Know Your Customer \u00bb) obligatoire, qui constitue une exigence standard de v\u00e9rification d&rsquo;identit\u00e9 sur notre plateforme.<\/p>\n<p>Ce processus est essentiel, car le fait de savoir que tous nos joueurs sont r\u00e9els permet \u00e0 nos syst\u00e8mes de s\u00e9curit\u00e9 avanc\u00e9s de garder le contr\u00f4le et de lutter contre les faux joueurs et les bots, qui non seulement compromettent la s\u00e9curit\u00e9, mais g\u00e2chent \u00e9galement votre plaisir \u00e0 la table de jeu.<\/p>\n<p>La proc\u00e9dure KYC (Know Your Customer) est un processus de s\u00e9curit\u00e9 standard utilis\u00e9 pour v\u00e9rifier votre identit\u00e9 et prot\u00e9ger votre compte contre les acc\u00e8s non autoris\u00e9s et la fraude.<\/p>\n<table>\n<tbody>\n<tr>\n<td>\u00c9tape<\/td>\n<td>Documents requis<\/td>\n<td>Objectif<\/td>\n<\/tr>\n<tr>\n<td>V\u00e9rification d&rsquo;identit\u00e9<\/td>\n<td>Passeport, permis de conduire ou carte d&rsquo;identit\u00e9 nationale en cours de validit\u00e9.<\/td>\n<td>Permet de v\u00e9rifier votre nom r\u00e9el, votre date de naissance et que vous avez l&rsquo;\u00e2ge l\u00e9gal pour participer. V\u00e9rification de votre zone g\u00e9ographique.<\/td>\n<\/tr>\n<tr>\n<td>Justificatif de domicile<\/td>\n<td>Facture de services publics (eau\/\u00e9lectricit\u00e9) ou relev\u00e9 bancaire datant de moins de 3 \u00e0 6 mois.<\/td>\n<td>V\u00e9rifie votre lieu de r\u00e9sidence actuel et garantit le respect des r\u00e9glementations r\u00e9gionales.<\/td>\n<\/tr>\n<tr>\n<td>V\u00e9rification du moyen de paiement<\/td>\n<td>Fournissez une photo et\/ou une capture d&rsquo;\u00e9cran de votre carte bancaire (cr\u00e9dit et d\u00e9bit) et\/ou de votre portefeuille \u00e9lectronique.<\/td>\n<td>Confirme que les m\u00e9thodes de d\u00e9p\u00f4t et de retrait appartiennent au titulaire du compte.<\/td>\n<\/tr>\n<tr>\n<td>V\u00e9rification suppl\u00e9mentaire<\/td>\n<td>Selfie suppl\u00e9mentaire avec pi\u00e8ce d&rsquo;identit\u00e9 si demand\u00e9 par l&rsquo;\u00e9quipe d&rsquo;assistance, parfois via le chat en direct.<\/td>\n<td>Cela offre une s\u00e9curit\u00e9 suppl\u00e9mentaire pour pr\u00e9venir l&rsquo;usurpation d&rsquo;identit\u00e9.<\/td>\n<\/tr>\n<\/tbody>\n<\/table>\n<p>N&rsquo;h\u00e9sitez pas \u00e0 contacter notre service client multilingue si vous ne comprenez pas l&rsquo;une des exigences. D\u00e8s que votre demande est approuv\u00e9e, vous pouvez librement d\u00e9poser et retirer de l&rsquo;argent de votre compte, profiter de vos victoires dans les tournois et jouer aux jeux Spinmama les plus passionnants !<\/p>\n<h2>FAQ<\/h2>\n<h3>Est-il possible de modifier mes informations personnelles apr\u00e8s mon inscription ?<\/h3>\n<p>Vous pouvez mettre \u00e0 jour vos informations personnelles dans les param\u00e8tres de votre compte. Cela garantit que vos informations sont correctes et \u00e0 jour pour la v\u00e9rification et une gestion facile de votre compte. Il vous suffit de passer le contr\u00f4le KYC en premier lieu, et la plateforme ne signalera aucun probl\u00e8me.<\/p>\n<h3>La connexion depuis un nouveau pays d\u00e9clenche-t-elle des v\u00e9rifications suppl\u00e9mentaires ?<\/h3>\n<p>Dans certains cas, oui. Nous surveillons les joueurs provenant de zones soumises \u00e0 des restrictions, et toute manipulation de la g\u00e9olocalisation d\u00e9clenche une alerte dans le syst\u00e8me de Spin Mama Casino. L&rsquo;utilisation de VPN et la connexion depuis un nouveau pays peuvent entra\u00eener des v\u00e9rifications suppl\u00e9mentaires en mati\u00e8re de s\u00e9curit\u00e9 et de conformit\u00e9, conform\u00e9ment \u00e0 nos politiques de jeu responsable et de s\u00e9curit\u00e9. Cela nous permet de s\u00e9curiser votre compte et de respecter les exigences r\u00e9glementaires.<\/p>\n<h3>Que se passe-t-il si je saisis plusieurs fois des informations incorrectes ?<\/h3>\n<p>La saisie r\u00e9p\u00e9t\u00e9e d&rsquo;informations de connexion Spinmama erron\u00e9es peut entra\u00eener le verrouillage temporaire de votre compte pour des raisons de s\u00e9curit\u00e9. Vous devrez peut-\u00eatre v\u00e9rifier votre compte ou r\u00e9initialiser votre mot de passe via la proc\u00e9dure de r\u00e9cup\u00e9ration de compte pour d\u00e9verrouiller votre compte.<\/p>\n<h3>Puis-je cr\u00e9er plusieurs comptes sur votre casino en ligne ?<\/h3>\n<p>Non, la possession de plusieurs comptes est contraire \u00e0 nos conditions d&rsquo;utilisation. Nous n&rsquo;autorisons qu&rsquo;un seul compte par joueur afin de pr\u00e9server l&rsquo;int\u00e9grit\u00e9 des jeux et d&#8217;emp\u00eacher tout abus des bonus et promotions. Veuillez donc vous assurer d&rsquo;utiliser une seule adresse IP, une seule adresse postale et un seul compte pour jouer aux jeux Spin Mama.<\/p>\n<\/div><\/div><\/p>\n","protected":false},"excerpt":{"rendered":"<p>Connexion \u00e0 Spinmama Chaque joueur inscrit souhaite conna\u00eetre la prochaine \u00e9tape, et c&rsquo;est l\u00e0 que Spinmama login entre en jeu. Vous pouvez vous connecter depuis votre ordinateur personnel ou en cliquant depuis votre t\u00e9l\u00e9phone portable. Se connecter n&rsquo;a jamais \u00e9t\u00e9 aussi simple, car nous avons tout mis en \u0153uvre pour que tous les utilisateurs puissent [&hellip;]<\/p>\n","protected":false},"author":1,"featured_media":0,"parent":0,"menu_order":0,"comment_status":"closed","ping_status":"closed","template":"template-builder.php","meta":{"_acf_changed":false,"inline_featured_image":false,"footnotes":""},"class_list":["post-1449","page","type-page","status-publish","hentry"],"acf":[],"yoast_head":"<!-- This site is optimized with the Yoast SEO plugin v27.3 - https:\/\/yoast.com\/product\/yoast-seo-wordpress\/ -->\n<title>Spinmama Login : acc\u00e8s au compte, inscription et mot de passe oubli\u00e9<\/title>\n<meta name=\"description\" content=\"Spin Mama Login est la page d\u00e9di\u00e9e \u00e0 la connexion, \u00e0 l\u2019inscription, \u00e0 la r\u00e9cup\u00e9ration du mot de passe et \u00e0 la v\u00e9rification. Inscrivez-vous en deux \u00e9tapes, acc\u00e9dez \u00e0 votre compte sur ordinateur ou mobile, utilisez Google si disponible et activez le profil, les paiements et l\u2019offre de bienvenue.\" \/>\n<meta name=\"robots\" content=\"index, follow, max-snippet:-1, max-image-preview:large, max-video-preview:-1\" \/>\n<link rel=\"canonical\" href=\"https:\/\/spinmamacasino.org\/fr\/connexion-et-inscription\/\" \/>\n<meta property=\"og:locale\" content=\"fr_FR\" \/>\n<meta property=\"og:type\" content=\"article\" \/>\n<meta property=\"og:title\" content=\"Spinmama Login : acc\u00e8s au compte, inscription et mot de passe oubli\u00e9\" \/>\n<meta property=\"og:description\" content=\"Spin Mama Login est la page d\u00e9di\u00e9e \u00e0 la connexion, \u00e0 l\u2019inscription, \u00e0 la r\u00e9cup\u00e9ration du mot de passe et \u00e0 la v\u00e9rification. Inscrivez-vous en deux \u00e9tapes, acc\u00e9dez \u00e0 votre compte sur ordinateur ou mobile, utilisez Google si disponible et activez le profil, les paiements et l\u2019offre de bienvenue.\" \/>\n<meta property=\"og:url\" content=\"https:\/\/spinmamacasino.org\/fr\/connexion-et-inscription\/\" \/>\n<meta property=\"og:site_name\" content=\"spinmama\" \/>\n<meta property=\"article:modified_time\" content=\"2026-05-04T14:55:05+00:00\" \/>\n<meta name=\"twitter:card\" content=\"summary_large_image\" \/>\n<meta name=\"twitter:label1\" content=\"Dur\u00e9e de lecture estim\u00e9e\" \/>\n\t<meta name=\"twitter:data1\" content=\"1 minute\" \/>\n<script type=\"application\/ld+json\" class=\"yoast-schema-graph\">{\"@context\":\"https:\\\/\\\/schema.org\",\"@graph\":[{\"@type\":\"WebPage\",\"@id\":\"https:\\\/\\\/spinmamacasino.org\\\/fr\\\/connexion-et-inscription\\\/\",\"url\":\"https:\\\/\\\/spinmamacasino.org\\\/fr\\\/connexion-et-inscription\\\/\",\"name\":\"Spinmama Login : acc\u00e8s au compte, inscription et mot de passe oubli\u00e9\",\"isPartOf\":{\"@id\":\"https:\\\/\\\/spinmamacasino.org\\\/fr\\\/#website\"},\"datePublished\":\"2026-05-04T13:36:19+00:00\",\"dateModified\":\"2026-05-04T14:55:05+00:00\",\"description\":\"Spin Mama Login est la page d\u00e9di\u00e9e \u00e0 la connexion, \u00e0 l\u2019inscription, \u00e0 la r\u00e9cup\u00e9ration du mot de passe et \u00e0 la v\u00e9rification. Inscrivez-vous en deux \u00e9tapes, acc\u00e9dez \u00e0 votre compte sur ordinateur ou mobile, utilisez Google si disponible et activez le profil, les paiements et l\u2019offre de bienvenue.\",\"breadcrumb\":{\"@id\":\"https:\\\/\\\/spinmamacasino.org\\\/fr\\\/connexion-et-inscription\\\/#breadcrumb\"},\"inLanguage\":\"fr-FR\",\"potentialAction\":[{\"@type\":\"ReadAction\",\"target\":[\"https:\\\/\\\/spinmamacasino.org\\\/fr\\\/connexion-et-inscription\\\/\"]}]},{\"@type\":\"BreadcrumbList\",\"@id\":\"https:\\\/\\\/spinmamacasino.org\\\/fr\\\/connexion-et-inscription\\\/#breadcrumb\",\"itemListElement\":[{\"@type\":\"ListItem\",\"position\":1,\"name\":\"Spinmama\",\"item\":\"https:\\\/\\\/spinmamacasino.org\\\/fr\\\/\"},{\"@type\":\"ListItem\",\"position\":2,\"name\":\"Connexion et inscription\"}]},{\"@type\":\"WebSite\",\"@id\":\"https:\\\/\\\/spinmamacasino.org\\\/fr\\\/#website\",\"url\":\"https:\\\/\\\/spinmamacasino.org\\\/fr\\\/\",\"name\":\"Spinmama\",\"description\":\"\",\"publisher\":{\"@id\":\"https:\\\/\\\/spinmamacasino.org\\\/fr\\\/#organization\"},\"potentialAction\":[{\"@type\":\"SearchAction\",\"target\":{\"@type\":\"EntryPoint\",\"urlTemplate\":\"https:\\\/\\\/spinmamacasino.org\\\/fr\\\/?s={search_term_string}\"},\"query-input\":{\"@type\":\"PropertyValueSpecification\",\"valueRequired\":true,\"valueName\":\"search_term_string\"}}],\"inLanguage\":\"fr-FR\"},{\"@type\":\"Organization\",\"@id\":\"https:\\\/\\\/spinmamacasino.org\\\/fr\\\/#organization\",\"name\":\"Spinmama\",\"url\":\"https:\\\/\\\/spinmamacasino.org\\\/fr\\\/\",\"logo\":{\"@type\":\"ImageObject\",\"inLanguage\":\"fr-FR\",\"@id\":\"https:\\\/\\\/spinmamacasino.org\\\/fr\\\/#\\\/schema\\\/logo\\\/image\\\/\",\"url\":\"https:\\\/\\\/spinmamacasino.org\\\/wp-content\\\/uploads\\\/2026\\\/05\\\/Casino-logo-Desktop.png\",\"contentUrl\":\"https:\\\/\\\/spinmamacasino.org\\\/wp-content\\\/uploads\\\/2026\\\/05\\\/Casino-logo-Desktop.png\",\"width\":320,\"height\":80,\"caption\":\"Spinmama\"},\"image\":{\"@id\":\"https:\\\/\\\/spinmamacasino.org\\\/fr\\\/#\\\/schema\\\/logo\\\/image\\\/\"}}]}<\/script>\n<!-- \/ Yoast SEO plugin. -->","yoast_head_json":{"title":"Spinmama Login : acc\u00e8s au compte, inscription et mot de passe oubli\u00e9","description":"Spin Mama Login est la page d\u00e9di\u00e9e \u00e0 la connexion, \u00e0 l\u2019inscription, \u00e0 la r\u00e9cup\u00e9ration du mot de passe et \u00e0 la v\u00e9rification. Inscrivez-vous en deux \u00e9tapes, acc\u00e9dez \u00e0 votre compte sur ordinateur ou mobile, utilisez Google si disponible et activez le profil, les paiements et l\u2019offre de bienvenue.","robots":{"index":"index","follow":"follow","max-snippet":"max-snippet:-1","max-image-preview":"max-image-preview:large","max-video-preview":"max-video-preview:-1"},"canonical":"https:\/\/spinmamacasino.org\/fr\/connexion-et-inscription\/","og_locale":"fr_FR","og_type":"article","og_title":"Spinmama Login : acc\u00e8s au compte, inscription et mot de passe oubli\u00e9","og_description":"Spin Mama Login est la page d\u00e9di\u00e9e \u00e0 la connexion, \u00e0 l\u2019inscription, \u00e0 la r\u00e9cup\u00e9ration du mot de passe et \u00e0 la v\u00e9rification. Inscrivez-vous en deux \u00e9tapes, acc\u00e9dez \u00e0 votre compte sur ordinateur ou mobile, utilisez Google si disponible et activez le profil, les paiements et l\u2019offre de bienvenue.","og_url":"https:\/\/spinmamacasino.org\/fr\/connexion-et-inscription\/","og_site_name":"spinmama","article_modified_time":"2026-05-04T14:55:05+00:00","twitter_card":"summary_large_image","twitter_misc":{"Dur\u00e9e de lecture estim\u00e9e":"1 minute"},"schema":{"@context":"https:\/\/schema.org","@graph":[{"@type":"WebPage","@id":"https:\/\/spinmamacasino.org\/fr\/connexion-et-inscription\/","url":"https:\/\/spinmamacasino.org\/fr\/connexion-et-inscription\/","name":"Spinmama Login : acc\u00e8s au compte, inscription et mot de passe oubli\u00e9","isPartOf":{"@id":"https:\/\/spinmamacasino.org\/fr\/#website"},"datePublished":"2026-05-04T13:36:19+00:00","dateModified":"2026-05-04T14:55:05+00:00","description":"Spin Mama Login est la page d\u00e9di\u00e9e \u00e0 la connexion, \u00e0 l\u2019inscription, \u00e0 la r\u00e9cup\u00e9ration du mot de passe et \u00e0 la v\u00e9rification. Inscrivez-vous en deux \u00e9tapes, acc\u00e9dez \u00e0 votre compte sur ordinateur ou mobile, utilisez Google si disponible et activez le profil, les paiements et l\u2019offre de bienvenue.","breadcrumb":{"@id":"https:\/\/spinmamacasino.org\/fr\/connexion-et-inscription\/#breadcrumb"},"inLanguage":"fr-FR","potentialAction":[{"@type":"ReadAction","target":["https:\/\/spinmamacasino.org\/fr\/connexion-et-inscription\/"]}]},{"@type":"BreadcrumbList","@id":"https:\/\/spinmamacasino.org\/fr\/connexion-et-inscription\/#breadcrumb","itemListElement":[{"@type":"ListItem","position":1,"name":"Spinmama","item":"https:\/\/spinmamacasino.org\/fr\/"},{"@type":"ListItem","position":2,"name":"Connexion et inscription"}]},{"@type":"WebSite","@id":"https:\/\/spinmamacasino.org\/fr\/#website","url":"https:\/\/spinmamacasino.org\/fr\/","name":"Spinmama","description":"","publisher":{"@id":"https:\/\/spinmamacasino.org\/fr\/#organization"},"potentialAction":[{"@type":"SearchAction","target":{"@type":"EntryPoint","urlTemplate":"https:\/\/spinmamacasino.org\/fr\/?s={search_term_string}"},"query-input":{"@type":"PropertyValueSpecification","valueRequired":true,"valueName":"search_term_string"}}],"inLanguage":"fr-FR"},{"@type":"Organization","@id":"https:\/\/spinmamacasino.org\/fr\/#organization","name":"Spinmama","url":"https:\/\/spinmamacasino.org\/fr\/","logo":{"@type":"ImageObject","inLanguage":"fr-FR","@id":"https:\/\/spinmamacasino.org\/fr\/#\/schema\/logo\/image\/","url":"https:\/\/spinmamacasino.org\/wp-content\/uploads\/2026\/05\/Casino-logo-Desktop.png","contentUrl":"https:\/\/spinmamacasino.org\/wp-content\/uploads\/2026\/05\/Casino-logo-Desktop.png","width":320,"height":80,"caption":"Spinmama"},"image":{"@id":"https:\/\/spinmamacasino.org\/fr\/#\/schema\/logo\/image\/"}}]}},"_links":{"self":[{"href":"https:\/\/spinmamacasino.org\/fr\/wp-json\/wp\/v2\/pages\/1449","targetHints":{"allow":["GET"]}}],"collection":[{"href":"https:\/\/spinmamacasino.org\/fr\/wp-json\/wp\/v2\/pages"}],"about":[{"href":"https:\/\/spinmamacasino.org\/fr\/wp-json\/wp\/v2\/types\/page"}],"author":[{"embeddable":true,"href":"https:\/\/spinmamacasino.org\/fr\/wp-json\/wp\/v2\/users\/1"}],"replies":[{"embeddable":true,"href":"https:\/\/spinmamacasino.org\/fr\/wp-json\/wp\/v2\/comments?post=1449"}],"version-history":[{"count":3,"href":"https:\/\/spinmamacasino.org\/fr\/wp-json\/wp\/v2\/pages\/1449\/revisions"}],"predecessor-version":[{"id":1621,"href":"https:\/\/spinmamacasino.org\/fr\/wp-json\/wp\/v2\/pages\/1449\/revisions\/1621"}],"wp:attachment":[{"href":"https:\/\/spinmamacasino.org\/fr\/wp-json\/wp\/v2\/media?parent=1449"}],"curies":[{"name":"wp","href":"https:\/\/api.w.org\/{rel}","templated":true}]}}