{"id":1413,"date":"2026-05-04T13:53:17","date_gmt":"2026-05-04T12:53:17","guid":{"rendered":"https:\/\/spinmamacasino.org\/app\/"},"modified":"2026-05-05T08:44:54","modified_gmt":"2026-05-05T07:44:54","slug":"applicazione","status":"publish","type":"page","link":"https:\/\/spinmamacasino.org\/it\/applicazione\/","title":{"rendered":"Applicazione"},"content":{"rendered":"<h1>App Spinmama: gioca su iOS e Android<\/h1>\n<p>Spinmama app \u00e8 la nostra soluzione definitiva per prendersi una pausa dal gioco su desktop e passare al mobile. Tutti i giocatori italiani possono godersi l&#8217;enorme catalogo di Spinmama e provare l&#8217;emozione di giocare sugli smartphone subito dopo un&#8217;installazione veloce e fluida della nostra PWA pi\u00f9 moderna e sofisticata. Se cerchi un gioco online affidabile e vuoi essere sempre informato sulle nostre ultime offerte, allora devi assolutamente provare la nostra comoda versione mobile.<\/p>\n<div class=\"banner-wrap\" aria-label=\"Banner\"><img src=\"https:\/\/spinmamacasino.org\/wp-content\/uploads\/2026\/05\/Spinmama-banner-desktop.webp\" class=\"w-100 d-none d-lg-block img-pc main-banner-img\" alt=\"Spinmama banner desktop\" fetchpriority=\"high\" decoding=\"async\"><img src=\"https:\/\/spinmamacasino.org\/wp-content\/uploads\/2026\/05\/Spinmama-banner-mobile.webp\" class=\"w-100 d-none d-md-block d-lg-none main-banner-img\" alt=\"Spinmama banner mobile\" fetchpriority=\"high\" decoding=\"async\"><img src=\"https:\/\/spinmamacasino.org\/wp-content\/uploads\/2026\/05\/Spinmama-banner-mobile.webp\" class=\"w-100 d-md-none\" alt=\"Spinmama banner mobile\" fetchpriority=\"high\" decoding=\"async\"><div class=\"banner-description\">\n<div class=\"banner-title\">Bonus di benvenuto<\/div>\n<p class=\"banner-header-title\">1500 \u20ac<\/p>\n<div class=\"banner-header-AdditionalText\">+ 250 Giri gratuiti<\/div>\n<button data-item=\"homepage_banner_link\" class=\"goto m-button m-gradient-border m-button--primary m-button--large banner-button btn-orange\">\n            <div class=\"m-button-content\">\n                <span>Iscriviti ora<\/span>\n                <span><\/span>\n            <\/div>\n        <\/button>\n<\/div>\n<div class=\"WelcomePack\">\n<p><img loading=\"lazy\" decoding=\"async\" class=\"alignnone size-full wp-image-1339\" src=\"https:\/\/spinmamacasino.org\/wp-content\/uploads\/2026\/05\/welcome-crown.png\" alt=\"crown\" width=\"25\" height=\"26\" \/><\/p>\n<div class=\"WelcomePack-Info\">Cashback settimanale fino al 25%<\/div>\n<p><img loading=\"lazy\" decoding=\"async\" class=\"alignnone size-full wp-image-1339\" src=\"https:\/\/spinmamacasino.org\/wp-content\/uploads\/2026\/05\/welcome-crown.png\" alt=\"crown\" width=\"25\" height=\"26\" \/><\/p>\n<\/div>\n<\/div>\n<h2>Vantaggi e caratteristiche dell&#8217;app Spinmama<\/h2>\n<p>L&#8217;app Spinmama stabilisce un nuovo punto di riferimento nel gioco da casin\u00f2 mobile. Abbiamo in programma di stupirti non appena effettuerai l&#8217;accesso dal tuo cellulare: prestazioni migliorate, gioco fluido, grafica eccezionale e un design intuitivo con tutte le funzionalit\u00e0 e le schede necessarie ti aspettano.<\/p>\n<p>L&#8217;app offre uno spazio dedicato ai giochi. Tutto \u00e8 disponibile sul tuo smartphone:<\/p>\n<ul>\n<li>Pagina principale con tutte le offerte di benvenuto e i bonus, le sezioni \u201cGiochi pi\u00f9 popolari\u201d, \u201cGiochi di tendenza\u201d, \u201cGiochi live\u201d e \u201cNuovi giochi\u201d da scoprire.<\/li>\n<li>La scheda nascosta (e pi\u00f9 importante) a sinistra \u00e8 dedicata a bonus, attivit\u00e0, fedelt\u00e0, cashback e promozioni.<\/li>\n<li>Centro assistenza con le domande pi\u00f9 frequenti e un pulsante per l&#8217;assistenza tramite chat live.<\/li>\n<\/ul>\n<p>Lavoriamo costantemente per migliorare la reattivit\u00e0 e la stabilit\u00e0 dei giochi, anche su dispositivi meno potenti di quelli supportati dal browser. Il design \u00e8 ottimizzato, con un basso consumo di memoria, pur offrendo una grafica e interazioni di qualit\u00e0 superiore. Aggiornamenti regolari mantengono l&#8217;app al passo con le nuove funzionalit\u00e0 e le patch di sicurezza, garantendo transizioni di gioco senza interruzioni.<\/p>\n<p><div class=\"scrollable-content-wrap my-5\"><div class=\"scrollable-content-inner\"><h2>Differenze principali tra l&#8217;esperienza PWA e il gioco su desktop<\/h2>\n<p>Cercheremo di illustrarti che, sebbene entrambe le piattaforme offrano un&#8217;esperienza di gioco eccellente, l&#8217;app Spinmama offre maggiore flessibilit\u00e0 e praticit\u00e0, rendendola ideale per il gioco mobile.<\/p>\n<table>\n<tbody>\n<tr>\n<td>Caratteristica<\/td>\n<td>App Spin Mama (PWA)<\/td>\n<td>Versione desktop<\/td>\n<\/tr>\n<tr>\n<td>Accessibilit\u00e0<\/td>\n<td>Immediata, non richiede installazione<\/td>\n<td>Richiede il download del software o l&#8217;accesso tramite browser<\/td>\n<\/tr>\n<tr>\n<td>Compatibilit\u00e0 con i dispositivi<\/td>\n<td>Ottimizzato per dispositivi mobili<\/td>\n<td>Progettato per PC e iPad<\/td>\n<\/tr>\n<tr>\n<td>Prestazioni<\/td>\n<td>Tempi di caricamento rapidi, ritardi ridotti al minimo, meno blocchi<\/td>\n<td>Funzionalit\u00e0 hardware complete<\/td>\n<\/tr>\n<tr>\n<td>Sicurezza<\/td>\n<td>Connessioni crittografate, accesso sicuro a Spinmama<\/td>\n<td>Elevata sicurezza, autenticazione complessa<\/td>\n<\/tr>\n<tr>\n<td>Notifiche<\/td>\n<td>Notifiche push per promozioni e novit\u00e0, aggiornamenti sull&#8217;account<\/td>\n<td>Nessun supporto diretto per le notifiche push<\/td>\n<\/tr>\n<tr>\n<td>Gioco<\/td>\n<td>Comandi touch, interfaccia reattiva<\/td>\n<td>Navigazione con mouse e tastiera<\/td>\n<\/tr>\n<tr>\n<td>Spazio di archiviazione<\/td>\n<td>Spazio di archiviazione minimo richiesto<\/td>\n<td>Nessuna limitazione di spazio<\/td>\n<\/tr>\n<\/tbody>\n<\/table>\n<p>L&#8217;app Spinmama \u00e8 facile da installare su telefoni e computer. Su un iPhone, basta aggiungere l&#8217;app tramite il menu del browser, che installa un collegamento all&#8217;app sulla schermata iniziale. Per i dispositivi Android, l&#8217;app pu\u00f2 essere scaricata dal sito web cliccando sul pulsante &#8220;Casino App&#8221;, che porta alla nostra PWA. E per gli utenti desktop, basta semplicemente andare sul sito web del casin\u00f2 ed effettuare l&#8217;accesso tramite il browser. Ne parleremo pi\u00f9 nel dettaglio qui sotto per ogni tipo di dispositivo.<\/p>\n<p>L&#8217;app \u00e8 progettata per funzionare con:<\/p>\n<ul>\n<li>Smartphone e tablet di fascia alta.<\/li>\n<li>Dispositivi entry-level con prestazioni ridotte.<\/li>\n<li>Computer desktop e portatili.<\/li>\n<\/ul>\n<\/div><\/div><div style=\"clear: both\"><\/div><div class=\"d-flex justify-content-center\"><button data-item=\"decouvrez_link\" data-group=\"website_links\" class=\"goto fw-bold rounded-pill btn btn-orange\" aria-label=\"Scarica l&#039;app Spinmama\" >Scarica l&#039;app Spinmama<\/button><\/div><div class=\"scrollable-content-wrap my-5\"><div class=\"scrollable-content-inner\"><h2>Applicazione mobile per iOS<\/h2>\n<p>L&#8217;app Spinmama per iOS offre una procedura di installazione semplice, che non passa dall&#8217;App Store. Per usare l&#8217;app, i nostri giocatori devono andare sul sito di Spin Mama Casino e aggiungere l&#8217;app alla schermata iniziale. La procedura di installazione \u00e8 facile:<\/p>\n<ol>\n<li>Accedi al sito di Spinmama Casino.<\/li>\n<li>Clicca sui tre puntini nella barra degli indirizzi.<\/li>\n<li>Tocca il pulsante &#8220;Aggiungi alla schermata iniziale&#8221;.<\/li>\n<li>Conferma e l&#8217;icona dell&#8217;app verr\u00e0 aggiunta alla tua schermata iniziale.<\/li>\n<\/ol>\n<p>Una volta scaricata, l&#8217;app Spinmama per iOS presenta un design reattivo adatto a iPhone e iPad. Consente un facile accesso a una vasta gamma di slot online. Sono disponibili anche giochi da casin\u00f2 dal vivo e tornei. Sfrutta le misure di sicurezza di iOS e dispone di notifiche push per informare gli utenti su offerte e novit\u00e0.<\/p>\n<p><img loading=\"lazy\" decoding=\"async\" src=\"https:\/\/spinmamacasino.org\/wp-content\/uploads\/Spinmama-iOS-App.webp\" alt=\"Spinmama iOS App\" width=\"1248\" height=\"536\" \/><\/p>\n<\/div><\/div><div style=\"clear: both\"><\/div><div class=\"d-flex justify-content-center\"><button data-item=\"decouvrez_link\" data-group=\"website_links\" class=\"goto fw-bold rounded-pill btn btn-orange\" aria-label=\"Scarica Spinmama\" >Scarica Spinmama<\/button><\/div><div class=\"scrollable-content-wrap my-5\"><div class=\"scrollable-content-inner\"><h2>App Spinmama per Android<\/h2>\n<p>Se hai un dispositivo Android, \u00e8 tutto altrettanto facile. L&#8217;app Spinmama \u00e8 disponibile anche per gli utenti Android sotto forma di una Progressive Web App (PWA) snella. \u00c8 facile da installare:<\/p>\n<ol>\n<li>Vai sul sito web di Spin Mama Casino.<\/li>\n<li>Clicca sul pulsante &#8220;Casino App&#8221; per installare la PWA.<\/li>\n<li>Clicca sul pulsante successivo chiamato &#8220;Installa&#8221;.<\/li>\n<li>Tocca OK e procedi con l&#8217;installazione.<\/li>\n<li>In seguito potrai aggiungere la nostra Spin Mama alla schermata iniziale, proprio come fanno gli utenti Apple.<\/li>\n<\/ol>\n<p>Ecco fatto: hai la nostra app sulla tua schermata iniziale, pronta per giocare! \u00c8 compatibile con Android 8.0 e versioni successive, e funziona sulla maggior parte dei dispositivi. L&#8217;interfaccia touch dell&#8217;app \u00e8 sensibile e reattiva, rendendo pi\u00f9 facile giocare su cellulari e tablet.<\/p>\n<p><img loading=\"lazy\" decoding=\"async\" src=\"https:\/\/spinmamacasino.org\/wp-content\/uploads\/Spinmama-Android-App.webp\" alt=\"Spinmama Android App\" width=\"1248\" height=\"536\" \/><\/p>\n<\/div><\/div><div style=\"clear: both\"><\/div><div class=\"d-flex justify-content-center\"><button data-item=\"decouvrez_link\" data-group=\"website_links\" class=\"goto fw-bold rounded-pill btn btn-orange\" aria-label=\"Scarica l&#039;app Spinmama\" >Scarica l&#039;app Spinmama<\/button><\/div><div class=\"scrollable-content-wrap my-5\"><div class=\"scrollable-content-inner\"><h2>Gioca a Spin Mama Casino su Mac o Windows<\/h2>\n<p>La versione desktop di Spinmama Casino \u00e8 completamente sincronizzata su Windows e macOS tramite un browser web. Con il desktop puoi goderti una selezione di giochi migliore, il che \u00e8 molto pi\u00f9 utile per i giochi con croupier dal vivo, dato che i dettagli sono importanti. Per giocare a Spinmama su un desktop:<\/p>\n<ol>\n<li>Accedi al sito web tramite un collegamento o un browser.<\/li>\n<li>Inserisci le tue credenziali di accesso.<\/li>\n<li>Accedi subito a tutte le nostre slot online, ai giochi di carte e ai giochi con croupier dal vivo!<\/li>\n<\/ol>\n<p>La versione desktop \u00e8 compatibile con tutti i principali browser e garantisce la sicurezza. Offre un&#8217;esperienza utente fluida su pi\u00f9 dispositivi, con aggiornamenti in tempo reale per i dettagli dell&#8217;account e i progressi di gioco. Puoi vedere i movimenti del tuo saldo direttamente all&#8217;interno di una dashboard.<\/p>\n<p><img loading=\"lazy\" decoding=\"async\" src=\"https:\/\/spinmamacasino.org\/wp-content\/uploads\/Spinmama-Desktop.webp\" alt=\"Spinmama Desktop\" width=\"1248\" height=\"536\" \/><\/p>\n<\/div><\/div><div style=\"clear: both\"><\/div><div class=\"d-flex justify-content-center\"><button data-item=\"decouvrez_link\" data-group=\"website_links\" class=\"goto fw-bold rounded-pill btn btn-orange\" aria-label=\"Scarica Spinmama\" >Scarica Spinmama<\/button><\/div><div class=\"scrollable-content-wrap my-5\"><div class=\"scrollable-content-inner\"><h2>Domande frequenti<\/h2>\n<h3>Trovo gli stessi giochi sul cellulare che sul desktop?<\/h3>\n<p>S\u00ec, puoi giocare a tutti i giochi disponibili su desktop, come slot online, giochi da tavolo e giochi con croupier dal vivo. Sincronizziamo tutto, quindi ci\u00f2 che fai sul tuo PC verr\u00e0 automaticamente riportato sul tuo dispositivo mobile e viceversa.<\/p>\n<h3>Il mio saldo viene sincronizzato in tempo reale su tutti i dispositivi?<\/h3>\n<p>In tempo reale, s\u00ec. Spinmama Casino utilizza una sincronizzazione sicura in tempo reale per mantenere aggiornati il tuo saldo di gioco e i tuoi progressi su tutti i dispositivi.<\/p>\n<h3>L&#8217;app supporta le notifiche push?<\/h3>\n<p>L&#8217;app di Spinmama offre notifiche push per promozioni, eventi di gioco e aggiornamenti dell&#8217;account. Puoi anche iscriverti alle nostre notizie e agli eventi pi\u00f9 interessanti in programma. Sul tuo cellulare, potresti vedere un pop-up di Spin Mama che ti invita a provare qualcosa di nuovo o alcuni messaggi dal team di assistenza riguardo al tuo processo di verifica.<\/p>\n<h3>La PWA funzioner\u00e0 senza problemi sui dispositivi pi\u00f9 vecchi?<\/h3>\n<p>La PWA di Spinmama Casino \u00e8 progettata per essere veloce, ma potresti riscontrare problemi su dispositivi pi\u00f9 vecchi con hardware e software obsoleti. Tuttavia, dovrebbe funzionare senza intoppi sulla maggior parte degli smartphone e dei tablet. Cerca di non installare la nostra app Spinmama su cellulari molto vecchi e funzioner\u00e0 alla grande.<\/p>\n<\/div><\/div><\/p>\n","protected":false},"excerpt":{"rendered":"<p>App Spinmama: gioca su iOS e Android Spinmama app \u00e8 la nostra soluzione definitiva per prendersi una pausa dal gioco su desktop e passare al mobile. Tutti i giocatori italiani possono godersi l&#8217;enorme catalogo di Spinmama e provare l&#8217;emozione di giocare sugli smartphone subito dopo un&#8217;installazione veloce e fluida della nostra PWA pi\u00f9 moderna e [&hellip;]<\/p>\n","protected":false},"author":1,"featured_media":0,"parent":0,"menu_order":0,"comment_status":"closed","ping_status":"closed","template":"template-builder.php","meta":{"_acf_changed":false,"inline_featured_image":false,"footnotes":""},"class_list":["post-1413","page","type-page","status-publish","hentry"],"acf":[],"yoast_head":"<!-- This site is optimized with the Yoast SEO plugin v27.3 - https:\/\/yoast.com\/product\/yoast-seo-wordpress\/ -->\n<title>Spinmama App: casino PWA su telefono, tablet e PC<\/title>\n<meta name=\"description\" content=\"Spin Mama App funziona come una PWA su iOS, Android, Mac e Windows, cos\u00ec puoi usarla senza un classico download dallo store. Aprila in Safari o Google Chrome, aggiungila alla schermata iniziale e mantieni saldo e attivit\u00e0 dell\u2019account sincronizzati tra i vari dispositivi.\" \/>\n<meta name=\"robots\" content=\"index, follow, max-snippet:-1, max-image-preview:large, max-video-preview:-1\" \/>\n<link rel=\"canonical\" href=\"https:\/\/spinmamacasino.org\/it\/applicazione\/\" \/>\n<meta property=\"og:locale\" content=\"it_IT\" \/>\n<meta property=\"og:type\" content=\"article\" \/>\n<meta property=\"og:title\" content=\"Spinmama App: casino PWA su telefono, tablet e PC\" \/>\n<meta property=\"og:description\" content=\"Spin Mama App funziona come una PWA su iOS, Android, Mac e Windows, cos\u00ec puoi usarla senza un classico download dallo store. Aprila in Safari o Google Chrome, aggiungila alla schermata iniziale e mantieni saldo e attivit\u00e0 dell\u2019account sincronizzati tra i vari dispositivi.\" \/>\n<meta property=\"og:url\" content=\"https:\/\/spinmamacasino.org\/it\/applicazione\/\" \/>\n<meta property=\"og:site_name\" content=\"spinmama\" \/>\n<meta property=\"article:modified_time\" content=\"2026-05-05T07:44:54+00:00\" \/>\n<meta name=\"twitter:card\" content=\"summary_large_image\" \/>\n<meta name=\"twitter:label1\" content=\"Est. reading time\" \/>\n\t<meta name=\"twitter:data1\" content=\"2 minutes\" \/>\n<script type=\"application\/ld+json\" class=\"yoast-schema-graph\">{\"@context\":\"https:\\\/\\\/schema.org\",\"@graph\":[{\"@type\":\"WebPage\",\"@id\":\"https:\\\/\\\/spinmamacasino.org\\\/it\\\/applicazione\\\/\",\"url\":\"https:\\\/\\\/spinmamacasino.org\\\/it\\\/applicazione\\\/\",\"name\":\"Spinmama App: casino PWA su telefono, tablet e PC\",\"isPartOf\":{\"@id\":\"https:\\\/\\\/spinmamacasino.org\\\/it\\\/#website\"},\"datePublished\":\"2026-05-04T12:53:17+00:00\",\"dateModified\":\"2026-05-05T07:44:54+00:00\",\"description\":\"Spin Mama App funziona come una PWA su iOS, Android, Mac e Windows, cos\u00ec puoi usarla senza un classico download dallo store. Aprila in Safari o Google Chrome, aggiungila alla schermata iniziale e mantieni saldo e attivit\u00e0 dell\u2019account sincronizzati tra i vari dispositivi.\",\"breadcrumb\":{\"@id\":\"https:\\\/\\\/spinmamacasino.org\\\/it\\\/applicazione\\\/#breadcrumb\"},\"inLanguage\":\"it-IT\",\"potentialAction\":[{\"@type\":\"ReadAction\",\"target\":[\"https:\\\/\\\/spinmamacasino.org\\\/it\\\/applicazione\\\/\"]}]},{\"@type\":\"BreadcrumbList\",\"@id\":\"https:\\\/\\\/spinmamacasino.org\\\/it\\\/applicazione\\\/#breadcrumb\",\"itemListElement\":[{\"@type\":\"ListItem\",\"position\":1,\"name\":\"Spinmama\",\"item\":\"https:\\\/\\\/spinmamacasino.org\\\/it\\\/\"},{\"@type\":\"ListItem\",\"position\":2,\"name\":\"Applicazione\"}]},{\"@type\":\"WebSite\",\"@id\":\"https:\\\/\\\/spinmamacasino.org\\\/it\\\/#website\",\"url\":\"https:\\\/\\\/spinmamacasino.org\\\/it\\\/\",\"name\":\"Spinmama\",\"description\":\"\",\"publisher\":{\"@id\":\"https:\\\/\\\/spinmamacasino.org\\\/it\\\/#organization\"},\"potentialAction\":[{\"@type\":\"SearchAction\",\"target\":{\"@type\":\"EntryPoint\",\"urlTemplate\":\"https:\\\/\\\/spinmamacasino.org\\\/it\\\/?s={search_term_string}\"},\"query-input\":{\"@type\":\"PropertyValueSpecification\",\"valueRequired\":true,\"valueName\":\"search_term_string\"}}],\"inLanguage\":\"it-IT\"},{\"@type\":\"Organization\",\"@id\":\"https:\\\/\\\/spinmamacasino.org\\\/it\\\/#organization\",\"name\":\"Spinmama\",\"url\":\"https:\\\/\\\/spinmamacasino.org\\\/it\\\/\",\"logo\":{\"@type\":\"ImageObject\",\"inLanguage\":\"it-IT\",\"@id\":\"https:\\\/\\\/spinmamacasino.org\\\/it\\\/#\\\/schema\\\/logo\\\/image\\\/\",\"url\":\"https:\\\/\\\/spinmamacasino.org\\\/wp-content\\\/uploads\\\/2026\\\/05\\\/Casino-logo-Desktop.png\",\"contentUrl\":\"https:\\\/\\\/spinmamacasino.org\\\/wp-content\\\/uploads\\\/2026\\\/05\\\/Casino-logo-Desktop.png\",\"width\":320,\"height\":80,\"caption\":\"Spinmama\"},\"image\":{\"@id\":\"https:\\\/\\\/spinmamacasino.org\\\/it\\\/#\\\/schema\\\/logo\\\/image\\\/\"}}]}<\/script>\n<!-- \/ Yoast SEO plugin. -->","yoast_head_json":{"title":"Spinmama App: casino PWA su telefono, tablet e PC","description":"Spin Mama App funziona come una PWA su iOS, Android, Mac e Windows, cos\u00ec puoi usarla senza un classico download dallo store. Aprila in Safari o Google Chrome, aggiungila alla schermata iniziale e mantieni saldo e attivit\u00e0 dell\u2019account sincronizzati tra i vari dispositivi.","robots":{"index":"index","follow":"follow","max-snippet":"max-snippet:-1","max-image-preview":"max-image-preview:large","max-video-preview":"max-video-preview:-1"},"canonical":"https:\/\/spinmamacasino.org\/it\/applicazione\/","og_locale":"it_IT","og_type":"article","og_title":"Spinmama App: casino PWA su telefono, tablet e PC","og_description":"Spin Mama App funziona come una PWA su iOS, Android, Mac e Windows, cos\u00ec puoi usarla senza un classico download dallo store. Aprila in Safari o Google Chrome, aggiungila alla schermata iniziale e mantieni saldo e attivit\u00e0 dell\u2019account sincronizzati tra i vari dispositivi.","og_url":"https:\/\/spinmamacasino.org\/it\/applicazione\/","og_site_name":"spinmama","article_modified_time":"2026-05-05T07:44:54+00:00","twitter_card":"summary_large_image","twitter_misc":{"Est. reading time":"2 minutes"},"schema":{"@context":"https:\/\/schema.org","@graph":[{"@type":"WebPage","@id":"https:\/\/spinmamacasino.org\/it\/applicazione\/","url":"https:\/\/spinmamacasino.org\/it\/applicazione\/","name":"Spinmama App: casino PWA su telefono, tablet e PC","isPartOf":{"@id":"https:\/\/spinmamacasino.org\/it\/#website"},"datePublished":"2026-05-04T12:53:17+00:00","dateModified":"2026-05-05T07:44:54+00:00","description":"Spin Mama App funziona come una PWA su iOS, Android, Mac e Windows, cos\u00ec puoi usarla senza un classico download dallo store. Aprila in Safari o Google Chrome, aggiungila alla schermata iniziale e mantieni saldo e attivit\u00e0 dell\u2019account sincronizzati tra i vari dispositivi.","breadcrumb":{"@id":"https:\/\/spinmamacasino.org\/it\/applicazione\/#breadcrumb"},"inLanguage":"it-IT","potentialAction":[{"@type":"ReadAction","target":["https:\/\/spinmamacasino.org\/it\/applicazione\/"]}]},{"@type":"BreadcrumbList","@id":"https:\/\/spinmamacasino.org\/it\/applicazione\/#breadcrumb","itemListElement":[{"@type":"ListItem","position":1,"name":"Spinmama","item":"https:\/\/spinmamacasino.org\/it\/"},{"@type":"ListItem","position":2,"name":"Applicazione"}]},{"@type":"WebSite","@id":"https:\/\/spinmamacasino.org\/it\/#website","url":"https:\/\/spinmamacasino.org\/it\/","name":"Spinmama","description":"","publisher":{"@id":"https:\/\/spinmamacasino.org\/it\/#organization"},"potentialAction":[{"@type":"SearchAction","target":{"@type":"EntryPoint","urlTemplate":"https:\/\/spinmamacasino.org\/it\/?s={search_term_string}"},"query-input":{"@type":"PropertyValueSpecification","valueRequired":true,"valueName":"search_term_string"}}],"inLanguage":"it-IT"},{"@type":"Organization","@id":"https:\/\/spinmamacasino.org\/it\/#organization","name":"Spinmama","url":"https:\/\/spinmamacasino.org\/it\/","logo":{"@type":"ImageObject","inLanguage":"it-IT","@id":"https:\/\/spinmamacasino.org\/it\/#\/schema\/logo\/image\/","url":"https:\/\/spinmamacasino.org\/wp-content\/uploads\/2026\/05\/Casino-logo-Desktop.png","contentUrl":"https:\/\/spinmamacasino.org\/wp-content\/uploads\/2026\/05\/Casino-logo-Desktop.png","width":320,"height":80,"caption":"Spinmama"},"image":{"@id":"https:\/\/spinmamacasino.org\/it\/#\/schema\/logo\/image\/"}}]}},"_links":{"self":[{"href":"https:\/\/spinmamacasino.org\/it\/wp-json\/wp\/v2\/pages\/1413","targetHints":{"allow":["GET"]}}],"collection":[{"href":"https:\/\/spinmamacasino.org\/it\/wp-json\/wp\/v2\/pages"}],"about":[{"href":"https:\/\/spinmamacasino.org\/it\/wp-json\/wp\/v2\/types\/page"}],"author":[{"embeddable":true,"href":"https:\/\/spinmamacasino.org\/it\/wp-json\/wp\/v2\/users\/1"}],"replies":[{"embeddable":true,"href":"https:\/\/spinmamacasino.org\/it\/wp-json\/wp\/v2\/comments?post=1413"}],"version-history":[{"count":3,"href":"https:\/\/spinmamacasino.org\/it\/wp-json\/wp\/v2\/pages\/1413\/revisions"}],"predecessor-version":[{"id":1782,"href":"https:\/\/spinmamacasino.org\/it\/wp-json\/wp\/v2\/pages\/1413\/revisions\/1782"}],"wp:attachment":[{"href":"https:\/\/spinmamacasino.org\/it\/wp-json\/wp\/v2\/media?parent=1413"}],"curies":[{"name":"wp","href":"https:\/\/api.w.org\/{rel}","templated":true}]}}