{"id":1452,"date":"2026-05-04T14:36:19","date_gmt":"2026-05-04T13:36:19","guid":{"rendered":"https:\/\/spinmamacasino.org\/login-and-registration\/"},"modified":"2026-05-05T08:46:27","modified_gmt":"2026-05-05T07:46:27","slug":"accesso-e-registrazione","status":"publish","type":"page","link":"https:\/\/spinmamacasino.org\/it\/accesso-e-registrazione\/","title":{"rendered":"Accesso e registrazione"},"content":{"rendered":"<h1>Accesso a Spinmama<\/h1>\n<p>Ogni giocatore italiano registrato vuole sapere qual \u00e8 il passo successivo, ed \u00e8 qui che entra in gioco Spinmama login. Puoi farlo utilizzando il tuo computer personale o cliccando dal tuo cellulare. Accedere non \u00e8 mai stato cos\u00ec facile perch\u00e9 abbiamo fatto di tutto affinch\u00e9 tutti gli utenti di possano accedere in sicurezza: verifica 2FA disponibile, solo profili verificati e la protezione pi\u00f9 avanzata in ogni fase: questo \u00e8 ci\u00f2 che ottieni dopo esserti registrato su Spin Mama Casino.<\/p>\n<p><div class=\"banner-wrap\" aria-label=\"Banner\"><img src=\"https:\/\/spinmamacasino.org\/wp-content\/uploads\/2026\/05\/Spinmama-banner-desktop.webp\" class=\"w-100 d-none d-lg-block img-pc main-banner-img\" alt=\"Spinmama banner desktop\" fetchpriority=\"high\" decoding=\"async\"><img src=\"https:\/\/spinmamacasino.org\/wp-content\/uploads\/2026\/05\/Spinmama-banner-mobile.webp\" class=\"w-100 d-none d-md-block d-lg-none main-banner-img\" alt=\"Spinmama banner mobile\" fetchpriority=\"high\" decoding=\"async\"><img src=\"https:\/\/spinmamacasino.org\/wp-content\/uploads\/2026\/05\/Spinmama-banner-mobile.webp\" class=\"w-100 d-md-none\" alt=\"Spinmama banner mobile\" fetchpriority=\"high\" decoding=\"async\"><div class=\"banner-description\">\n<div class=\"banner-title\">Bonus di benvenuto<\/div>\n<p class=\"banner-header-title\">1500 \u20ac<\/p>\n<div class=\"banner-header-AdditionalText\">+ 250 Giri gratuiti<\/div>\n<button data-item=\"homepage_banner_link\" class=\"goto m-button m-gradient-border m-button--primary m-button--large banner-button btn-orange\">\n            <div class=\"m-button-content\">\n                <span>Iscriviti ora<\/span>\n                <span><\/span>\n            <\/div>\n        <\/button>\n<\/div>\n<div class=\"WelcomePack\">\n<p><img loading=\"lazy\" decoding=\"async\" class=\"alignnone size-full wp-image-1339\" src=\"https:\/\/spinmamacasino.org\/wp-content\/uploads\/2026\/05\/welcome-crown.png\" alt=\"crown\" width=\"25\" height=\"26\" \/><\/p>\n<div class=\"WelcomePack-Info\">Cashback settimanale fino al 25%<\/div>\n<p><img loading=\"lazy\" decoding=\"async\" class=\"alignnone size-full wp-image-1339\" src=\"https:\/\/spinmamacasino.org\/wp-content\/uploads\/2026\/05\/welcome-crown.png\" alt=\"crown\" width=\"25\" height=\"26\" \/><\/p>\n<\/div>\n<\/div><div class=\"scrollable-content-wrap my-5\"><div class=\"scrollable-content-inner\"><h2>Registrazione su Spinmama Casino<\/h2>\n<p>Ci impegniamo sempre al massimo per rendere il nostro casin\u00f2 online facile da usare, soprattutto nei primi passi. Sappiamo bene che non \u00e8 cos\u00ec facile capire subito tutte le funzionalit\u00e0 e il funzionamento della nuova piattaforma. Quindi non preoccuparti! Per registrarti e accedere a Spinmama Casino bastano solo un paio di clic e, da quel momento in poi, avrai a disposizione un vastissimo catalogo di giochi, una community amichevole di persone che la pensano come te e un&#8217;assistenza disponibile 24 ore su 24, 7 giorni su 7.<\/p>\n<h2>Crea un account in due passaggi<\/h2>\n<p>La registrazione \u00e8 una delle cose pi\u00f9 semplici da fare quando vuoi iscriverti a Spin Mama. Ti mostriamo come puoi registrarti da solo senza impiegare pi\u00f9 di un minuto:<\/p>\n<ol>\n<li>Apri il sito web di Spinmama.<\/li>\n<li>Guarda in alto a destra e clicca sul pulsante &#8220;Registrati&#8221;.<\/li>\n<li>Cliccaci sopra e apri il piccolo modulo di registrazione.<\/li>\n<li>Inserisci solo l&#8217;indirizzo e-mail attivo che usi quotidianamente: ti invieremo un link.<\/li>\n<li>Crea una password che sia praticamente impossibile da hackerare e salvala da qualche parte (gestore di password, su un foglio di carta, ecc.).<\/li>\n<li>Leggi attentamente (consigliatissimo) e accetta i nostri Termini e condizioni.<\/li>\n<li>Aggiungi eventuali codici promozionali, se ne hai.<\/li>\n<li>Seleziona l&#8217;opzione per ricevere le nostre newsletter promozionali e restare in contatto.<\/li>\n<li>Clicca su &#8220;Registrati&#8221;.<\/li>\n<li>Vai alla tua casella di posta e trova l&#8217;e-mail da Spinmama Casino.<\/li>\n<li>Segui i passaggi indicati nell&#8217;e-mail di conferma e completa la procedura.<\/li>\n<\/ol>\n<p>Come vedi, niente di speciale, ma tutto \u00e8 estremamente comodo e utilissimo. Nessun passaggio in pi\u00f9, nessuna mossa insolita che complichi il processo.<\/p>\n<p><img loading=\"lazy\" decoding=\"async\" src=\"https:\/\/spinmamacasino.org\/wp-content\/uploads\/Spinmama-Login.webp\" alt=\"Spinmama Login\" width=\"1248\" height=\"536\" \/><\/p>\n<h2>Accedi e gestisci il tuo account Spinmama<\/h2>\n<p>Ancora pi\u00f9 facile sar\u00e0 effettuare il tuo primo accesso a Spinmama dopo la registrazione, perch\u00e9 in pratica devi solo inserire nuovamente le tue credenziali. Ti mostriamo pi\u00f9 nel dettaglio come si fa.<\/p>\n<table>\n<tbody>\n<tr>\n<td>Passo 1<\/td>\n<td>Apri il sito web di Spin Mama Casino, la pagina dove ti sei registrato.<\/td>\n<\/tr>\n<tr>\n<td>Passo 2<\/td>\n<td>Clicca sul pulsante &#8220;Accedi&#8221; che si trova accanto a quello di registrazione.<\/td>\n<\/tr>\n<tr>\n<td>Passo 3<\/td>\n<td>Inserisci la tua email e la password che hai creato<\/td>\n<\/tr>\n<tr>\n<td>Passo 4<\/td>\n<td>Clicca su \u201cAccedi\u201d e vai alla tua dashboard per controllare le novit\u00e0 e giocare ai giochi di Spinmama Casino!<\/td>\n<\/tr>\n<\/tbody>\n<\/table>\n<h3>Come effettuare l&#8217;accesso tramite l&#8217;app mobile<\/h3>\n<p>Se temi che sullo smartphone sia tutto diverso, ti assicuriamo subito che la procedura di accesso a Spinmama \u00e8 esattamente la stessa. Tuttavia, la natura mobile del nostro casin\u00f2 richiede alcune precauzioni particolari per rendere il processo meno complicato.<\/p>\n<p>Per garantire che il tuo account rimanga sicuro e che la procedura di accesso o registrazione proceda senza intoppi, \u00e8 fondamentale seguire le migliori pratiche tecniche. Presta molta attenzione all&#8217;ambiente in cui ti trovi e ai metodi di inserimento dei dati prima di inviare informazioni sensibili.<\/p>\n<table>\n<tbody>\n<tr>\n<td>Dettagli sulla sicurezza<\/td>\n<td>Azione richiesta<\/td>\n<td>Perch\u00e9 \u00e8 importante per noi e per te<\/td>\n<\/tr>\n<tr>\n<td>Accuratezza dell&#8217;inserimento<\/td>\n<td>Disattiva il blocco maiuscole e verifica la lingua attiva della tastiera.<\/td>\n<td>Previene i tentativi di accesso a Spinmama non riusciti che possono causare un blocco temporaneo dell&#8217;account.<\/td>\n<\/tr>\n<tr>\n<td>Precisione delle credenziali<\/td>\n<td>Usa l&#8217;indirizzo e-mail specifico collegato al tuo account e disattiva il completamento automatico.<\/td>\n<td>Il completamento automatico potrebbe inserire password vecchie o errate, causando errori e potenziali segnali di allarme per la sicurezza.<\/td>\n<\/tr>\n<tr>\n<td>Integrit\u00e0 della connessione<\/td>\n<td>Disattiva VPN, proxy o qualsiasi software di mascheramento dell&#8217;IP.<\/td>\n<td>A volte, Spinmama pu\u00f2 segnalare l&#8217;uso della VPN come attivit\u00e0 sospetta o violazione dei nostri termini, quindi fai attenzione alla sospensione dell&#8217;account.<\/td>\n<\/tr>\n<tr>\n<td>Igiene del sistema<\/td>\n<td>Svuota la cache e i cookie del browser almeno ogni tanto.<\/td>\n<td>Fallo per verificare la versione pi\u00f9 recente del sito e impedire che i vecchi dati di sessione interferiscano con il tuo accesso.<\/td>\n<\/tr>\n<\/tbody>\n<\/table>\n<h3>Hai dimenticato la password?<\/h3>\n<p>Perdere le credenziali non \u00e8 un grosso problema perch\u00e9 abbiamo un modo veloce e sicuro per recuperarle.<\/p>\n<p>Se clicchi sul pulsante &#8220;Hai dimenticato la password?&#8221; nel modulo di accesso a Spinmama, verrai rapidamente guidato attraverso il processo di recupero del tuo account e delle credenziali smarrite. Se crei una password pi\u00f9 sicura e la salvi in un posto che non dimenticherai, il tuo problema scomparir\u00e0.<\/p>\n<p>Una volta che avrai seguito tutti i passaggi per il recupero della password, ridurrai al minimo il rischio di nuovi problemi tecnici o errori di accesso a Spinmama.<\/p>\n<h2>Verifica su Spin Mama Casino<\/h2>\n<p>La sicurezza \u00e8 la priorit\u00e0 assoluta nel nostro casin\u00f2, Spin Mama. Abbiamo un processo di verifica KYC (&#8220;Know Your Customer&#8221;) obbligatorio come requisito standard di verifica dell&#8217;identit\u00e0 sulla nostra piattaforma.<\/p>\n<p>\u00c8 fondamentale perch\u00e9 sapere che tutti i nostri giocatori sono reali aiuta i nostri sistemi di sicurezza avanzati a tenere tutto sotto controllo e a combattere i giocatori falsi e i bot, che non solo compromettono la sicurezza ma rovinano anche il tuo divertimento al tavolo da gioco.<\/p>\n<p>La procedura KYC (Know Your Customer) \u00e8 una procedura di sicurezza standard utilizzata per verificare la tua identit\u00e0 e proteggere il tuo account da accessi non autorizzati e frodi.<\/p>\n<table>\n<tbody>\n<tr>\n<td>Passaggio<\/td>\n<td>Documenti richiesti<\/td>\n<td>Scopo<\/td>\n<\/tr>\n<tr>\n<td>Verifica dell&#8217;identit\u00e0<\/td>\n<td>Passaporto, patente di guida o carta d&#8217;identit\u00e0 validi.<\/td>\n<td>Dimostra il tuo vero nome, la data di nascita e l&#8217;et\u00e0 legale per partecipare. Verifica della tua area geografica.<\/td>\n<\/tr>\n<tr>\n<td>Prova di residenza<\/td>\n<td>Bolletta (acqua\/elettricit\u00e0) o estratto conto bancario emesso negli ultimi 3-6 mesi.<\/td>\n<td>Conferma il tuo attuale luogo di residenza e garantisce il rispetto delle normative regionali.<\/td>\n<\/tr>\n<tr>\n<td>Verifica del pagamento<\/td>\n<td>Invia una foto e\/o uno screenshot della tua carta di credito e\/o debito e\/o del tuo portafoglio elettronico.<\/td>\n<td>Conferma che i metodi di deposito e prelievo appartengono al titolare del conto.<\/td>\n<\/tr>\n<tr>\n<td>Verifica aggiuntiva<\/td>\n<td>Selfie aggiuntivo con documento d&#8217;identit\u00e0 se richiesto dal team di assistenza, a volte tramite chat live.<\/td>\n<td>Fornisce un ulteriore livello di sicurezza per prevenire il furto di identit\u00e0.<\/td>\n<\/tr>\n<\/tbody>\n<\/table>\n<p>Assicurati di contattare il nostro supporto multilingue se non capisci qualcuno dei requisiti. Subito dopo l&#8217;approvazione, potrai depositare e prelevare denaro dal tuo conto, goderti le vittorie nei tornei e giocare ai giochi pi\u00f9 emozionanti di Spinmama!<\/p>\n<h2>Domande frequenti<\/h2>\n<h3>\u00c8 possibile modificare i miei dati personali dopo la registrazione?<\/h3>\n<p>Puoi aggiornare i tuoi dati personali nelle impostazioni del tuo account. Questo garantisce che le informazioni siano corrette e aggiornate per la verifica e una facile gestione dell&#8217;account. Basta superare prima il controllo KYC e la piattaforma non segnaler\u00e0 nulla.<\/p>\n<h3>Accedere da un nuovo Paese comporta controlli aggiuntivi?<\/h3>\n<p>In alcuni casi, s\u00ec. Monitoriamo i giocatori provenienti da aree soggette a restrizioni e qualsiasi manipolazione della geolocalizzazione \u00e8 un campanello d&#8217;allarme per il sistema di Spin Mama Casino. L&#8217;uso di VPN e l&#8217;accesso da un nuovo Paese possono attivare controlli aggiuntivi per motivi di sicurezza e conformit\u00e0, in linea con le nostre politiche sul gioco responsabile e sulla sicurezza. Questo ci permette di proteggere il tuo account e di rispettare i requisiti normativi.<\/p>\n<h3>Cosa succede se inserisco pi\u00f9 volte dati errati?<\/h3>\n<p>Inserire pi\u00f9 volte informazioni di accesso a Spinmama errate potrebbe bloccare temporaneamente il tuo account per motivi di sicurezza. Potrebbe essere necessario verificare il tuo account o reimpostare la password tramite la procedura di recupero dell&#8217;account per sbloccarlo.<\/p>\n<h3>Posso creare pi\u00f9 account sul vostro casin\u00f2 online?<\/h3>\n<p>No, avere pi\u00f9 account \u00e8 contrario ai nostri termini di servizio. Consentiamo un solo account per giocatore per mantenere l&#8217;integrit\u00e0 del gioco e prevenire l&#8217;abuso di bonus e promozioni. Assicurati quindi di utilizzare un solo IP, un solo indirizzo e un solo account per giocare ai giochi di Spin Mama.<\/p>\n<\/div><\/div><\/p>\n","protected":false},"excerpt":{"rendered":"<p>Accesso a Spinmama Ogni giocatore italiano registrato vuole sapere qual \u00e8 il passo successivo, ed \u00e8 qui che entra in gioco Spinmama login. Puoi farlo utilizzando il tuo computer personale o cliccando dal tuo cellulare. Accedere non \u00e8 mai stato cos\u00ec facile perch\u00e9 abbiamo fatto di tutto affinch\u00e9 tutti gli utenti di possano accedere in [&hellip;]<\/p>\n","protected":false},"author":1,"featured_media":0,"parent":0,"menu_order":0,"comment_status":"closed","ping_status":"closed","template":"template-builder.php","meta":{"_acf_changed":false,"inline_featured_image":false,"footnotes":""},"class_list":["post-1452","page","type-page","status-publish","hentry"],"acf":[],"yoast_head":"<!-- This site is optimized with the Yoast SEO plugin v27.3 - https:\/\/yoast.com\/product\/yoast-seo-wordpress\/ -->\n<title>Spinmama Login: accesso al conto, registrazione e recupero password<\/title>\n<meta name=\"description\" content=\"Spin Mama Login \u00e8 la pagina per accedere, registrarsi, recuperare la password e completare la verifica. Registrati in due passaggi, accedi al tuo conto da desktop o mobile, usa Google se disponibile e sblocca profilo, pagamenti e pacchetto di benvenuto.\" \/>\n<meta name=\"robots\" content=\"index, follow, max-snippet:-1, max-image-preview:large, max-video-preview:-1\" \/>\n<link rel=\"canonical\" href=\"https:\/\/spinmamacasino.org\/it\/accesso-e-registrazione\/\" \/>\n<meta property=\"og:locale\" content=\"it_IT\" \/>\n<meta property=\"og:type\" content=\"article\" \/>\n<meta property=\"og:title\" content=\"Spinmama Login: accesso al conto, registrazione e recupero password\" \/>\n<meta property=\"og:description\" content=\"Spin Mama Login \u00e8 la pagina per accedere, registrarsi, recuperare la password e completare la verifica. Registrati in due passaggi, accedi al tuo conto da desktop o mobile, usa Google se disponibile e sblocca profilo, pagamenti e pacchetto di benvenuto.\" \/>\n<meta property=\"og:url\" content=\"https:\/\/spinmamacasino.org\/it\/accesso-e-registrazione\/\" \/>\n<meta property=\"og:site_name\" content=\"spinmama\" \/>\n<meta property=\"article:modified_time\" content=\"2026-05-05T07:46:27+00:00\" \/>\n<meta name=\"twitter:card\" content=\"summary_large_image\" \/>\n<meta name=\"twitter:label1\" content=\"Est. reading time\" \/>\n\t<meta name=\"twitter:data1\" content=\"1 minute\" \/>\n<script type=\"application\/ld+json\" class=\"yoast-schema-graph\">{\"@context\":\"https:\\\/\\\/schema.org\",\"@graph\":[{\"@type\":\"WebPage\",\"@id\":\"https:\\\/\\\/spinmamacasino.org\\\/it\\\/accesso-e-registrazione\\\/\",\"url\":\"https:\\\/\\\/spinmamacasino.org\\\/it\\\/accesso-e-registrazione\\\/\",\"name\":\"Spinmama Login: accesso al conto, registrazione e recupero password\",\"isPartOf\":{\"@id\":\"https:\\\/\\\/spinmamacasino.org\\\/it\\\/#website\"},\"datePublished\":\"2026-05-04T13:36:19+00:00\",\"dateModified\":\"2026-05-05T07:46:27+00:00\",\"description\":\"Spin Mama Login \u00e8 la pagina per accedere, registrarsi, recuperare la password e completare la verifica. Registrati in due passaggi, accedi al tuo conto da desktop o mobile, usa Google se disponibile e sblocca profilo, pagamenti e pacchetto di benvenuto.\",\"breadcrumb\":{\"@id\":\"https:\\\/\\\/spinmamacasino.org\\\/it\\\/accesso-e-registrazione\\\/#breadcrumb\"},\"inLanguage\":\"it-IT\",\"potentialAction\":[{\"@type\":\"ReadAction\",\"target\":[\"https:\\\/\\\/spinmamacasino.org\\\/it\\\/accesso-e-registrazione\\\/\"]}]},{\"@type\":\"BreadcrumbList\",\"@id\":\"https:\\\/\\\/spinmamacasino.org\\\/it\\\/accesso-e-registrazione\\\/#breadcrumb\",\"itemListElement\":[{\"@type\":\"ListItem\",\"position\":1,\"name\":\"Spinmama\",\"item\":\"https:\\\/\\\/spinmamacasino.org\\\/it\\\/\"},{\"@type\":\"ListItem\",\"position\":2,\"name\":\"Accesso e registrazione\"}]},{\"@type\":\"WebSite\",\"@id\":\"https:\\\/\\\/spinmamacasino.org\\\/it\\\/#website\",\"url\":\"https:\\\/\\\/spinmamacasino.org\\\/it\\\/\",\"name\":\"Spinmama\",\"description\":\"\",\"publisher\":{\"@id\":\"https:\\\/\\\/spinmamacasino.org\\\/it\\\/#organization\"},\"potentialAction\":[{\"@type\":\"SearchAction\",\"target\":{\"@type\":\"EntryPoint\",\"urlTemplate\":\"https:\\\/\\\/spinmamacasino.org\\\/it\\\/?s={search_term_string}\"},\"query-input\":{\"@type\":\"PropertyValueSpecification\",\"valueRequired\":true,\"valueName\":\"search_term_string\"}}],\"inLanguage\":\"it-IT\"},{\"@type\":\"Organization\",\"@id\":\"https:\\\/\\\/spinmamacasino.org\\\/it\\\/#organization\",\"name\":\"Spinmama\",\"url\":\"https:\\\/\\\/spinmamacasino.org\\\/it\\\/\",\"logo\":{\"@type\":\"ImageObject\",\"inLanguage\":\"it-IT\",\"@id\":\"https:\\\/\\\/spinmamacasino.org\\\/it\\\/#\\\/schema\\\/logo\\\/image\\\/\",\"url\":\"https:\\\/\\\/spinmamacasino.org\\\/wp-content\\\/uploads\\\/2026\\\/05\\\/Casino-logo-Desktop.png\",\"contentUrl\":\"https:\\\/\\\/spinmamacasino.org\\\/wp-content\\\/uploads\\\/2026\\\/05\\\/Casino-logo-Desktop.png\",\"width\":320,\"height\":80,\"caption\":\"Spinmama\"},\"image\":{\"@id\":\"https:\\\/\\\/spinmamacasino.org\\\/it\\\/#\\\/schema\\\/logo\\\/image\\\/\"}}]}<\/script>\n<!-- \/ Yoast SEO plugin. -->","yoast_head_json":{"title":"Spinmama Login: accesso al conto, registrazione e recupero password","description":"Spin Mama Login \u00e8 la pagina per accedere, registrarsi, recuperare la password e completare la verifica. Registrati in due passaggi, accedi al tuo conto da desktop o mobile, usa Google se disponibile e sblocca profilo, pagamenti e pacchetto di benvenuto.","robots":{"index":"index","follow":"follow","max-snippet":"max-snippet:-1","max-image-preview":"max-image-preview:large","max-video-preview":"max-video-preview:-1"},"canonical":"https:\/\/spinmamacasino.org\/it\/accesso-e-registrazione\/","og_locale":"it_IT","og_type":"article","og_title":"Spinmama Login: accesso al conto, registrazione e recupero password","og_description":"Spin Mama Login \u00e8 la pagina per accedere, registrarsi, recuperare la password e completare la verifica. Registrati in due passaggi, accedi al tuo conto da desktop o mobile, usa Google se disponibile e sblocca profilo, pagamenti e pacchetto di benvenuto.","og_url":"https:\/\/spinmamacasino.org\/it\/accesso-e-registrazione\/","og_site_name":"spinmama","article_modified_time":"2026-05-05T07:46:27+00:00","twitter_card":"summary_large_image","twitter_misc":{"Est. reading time":"1 minute"},"schema":{"@context":"https:\/\/schema.org","@graph":[{"@type":"WebPage","@id":"https:\/\/spinmamacasino.org\/it\/accesso-e-registrazione\/","url":"https:\/\/spinmamacasino.org\/it\/accesso-e-registrazione\/","name":"Spinmama Login: accesso al conto, registrazione e recupero password","isPartOf":{"@id":"https:\/\/spinmamacasino.org\/it\/#website"},"datePublished":"2026-05-04T13:36:19+00:00","dateModified":"2026-05-05T07:46:27+00:00","description":"Spin Mama Login \u00e8 la pagina per accedere, registrarsi, recuperare la password e completare la verifica. Registrati in due passaggi, accedi al tuo conto da desktop o mobile, usa Google se disponibile e sblocca profilo, pagamenti e pacchetto di benvenuto.","breadcrumb":{"@id":"https:\/\/spinmamacasino.org\/it\/accesso-e-registrazione\/#breadcrumb"},"inLanguage":"it-IT","potentialAction":[{"@type":"ReadAction","target":["https:\/\/spinmamacasino.org\/it\/accesso-e-registrazione\/"]}]},{"@type":"BreadcrumbList","@id":"https:\/\/spinmamacasino.org\/it\/accesso-e-registrazione\/#breadcrumb","itemListElement":[{"@type":"ListItem","position":1,"name":"Spinmama","item":"https:\/\/spinmamacasino.org\/it\/"},{"@type":"ListItem","position":2,"name":"Accesso e registrazione"}]},{"@type":"WebSite","@id":"https:\/\/spinmamacasino.org\/it\/#website","url":"https:\/\/spinmamacasino.org\/it\/","name":"Spinmama","description":"","publisher":{"@id":"https:\/\/spinmamacasino.org\/it\/#organization"},"potentialAction":[{"@type":"SearchAction","target":{"@type":"EntryPoint","urlTemplate":"https:\/\/spinmamacasino.org\/it\/?s={search_term_string}"},"query-input":{"@type":"PropertyValueSpecification","valueRequired":true,"valueName":"search_term_string"}}],"inLanguage":"it-IT"},{"@type":"Organization","@id":"https:\/\/spinmamacasino.org\/it\/#organization","name":"Spinmama","url":"https:\/\/spinmamacasino.org\/it\/","logo":{"@type":"ImageObject","inLanguage":"it-IT","@id":"https:\/\/spinmamacasino.org\/it\/#\/schema\/logo\/image\/","url":"https:\/\/spinmamacasino.org\/wp-content\/uploads\/2026\/05\/Casino-logo-Desktop.png","contentUrl":"https:\/\/spinmamacasino.org\/wp-content\/uploads\/2026\/05\/Casino-logo-Desktop.png","width":320,"height":80,"caption":"Spinmama"},"image":{"@id":"https:\/\/spinmamacasino.org\/it\/#\/schema\/logo\/image\/"}}]}},"_links":{"self":[{"href":"https:\/\/spinmamacasino.org\/it\/wp-json\/wp\/v2\/pages\/1452","targetHints":{"allow":["GET"]}}],"collection":[{"href":"https:\/\/spinmamacasino.org\/it\/wp-json\/wp\/v2\/pages"}],"about":[{"href":"https:\/\/spinmamacasino.org\/it\/wp-json\/wp\/v2\/types\/page"}],"author":[{"embeddable":true,"href":"https:\/\/spinmamacasino.org\/it\/wp-json\/wp\/v2\/users\/1"}],"replies":[{"embeddable":true,"href":"https:\/\/spinmamacasino.org\/it\/wp-json\/wp\/v2\/comments?post=1452"}],"version-history":[{"count":3,"href":"https:\/\/spinmamacasino.org\/it\/wp-json\/wp\/v2\/pages\/1452\/revisions"}],"predecessor-version":[{"id":1784,"href":"https:\/\/spinmamacasino.org\/it\/wp-json\/wp\/v2\/pages\/1452\/revisions\/1784"}],"wp:attachment":[{"href":"https:\/\/spinmamacasino.org\/it\/wp-json\/wp\/v2\/media?parent=1452"}],"curies":[{"name":"wp","href":"https:\/\/api.w.org\/{rel}","templated":true}]}}