{"id":1414,"date":"2026-05-04T13:53:17","date_gmt":"2026-05-04T12:53:17","guid":{"rendered":"https:\/\/spinmamacasino.org\/app\/"},"modified":"2026-05-05T09:09:57","modified_gmt":"2026-05-05T08:09:57","slug":"aplikacja","status":"publish","type":"page","link":"https:\/\/spinmamacasino.org\/pl\/aplikacja\/","title":{"rendered":"Aplikacja"},"content":{"rendered":"<h1>Aplikacja Spinmama: graj na iOS i Androidzie<\/h1>\n<p>Spinmama app to nasza najlepsza propozycja dla tych, kt\u00f3rzy chc\u0105 odpocz\u0105\u0107 od gier na komputerze i przej\u015b\u0107 na urz\u0105dzenia mobilne. Wszyscy polscy gracze mog\u0105 cieszy\u0107 si\u0119 ogromnym katalogiem Spinmama i poczu\u0107 emocje zwi\u0105zane z gr\u0105 na smartfonach zaraz po szybkiej i p\u0142ynnej instalacji naszej najnowocze\u015bniejszej i najbardziej zaawansowanej aplikacji PWA. Je\u015bli szukasz niezawodnych gier online i chcesz zawsze otrzymywa\u0107 powiadomienia o naszych najnowszych ofertach, zdecydowanie musisz wypr\u00f3bowa\u0107 nasz\u0105 wygodn\u0105 wersj\u0119 mobiln\u0105.<\/p>\n<div class=\"banner-wrap\" aria-label=\"Banner\"><img src=\"https:\/\/spinmamacasino.org\/wp-content\/uploads\/2026\/05\/Spinmama-banner-desktop.webp\" class=\"w-100 d-none d-lg-block img-pc main-banner-img\" alt=\"Spinmama banner desktop\" fetchpriority=\"high\" decoding=\"async\"><img src=\"https:\/\/spinmamacasino.org\/wp-content\/uploads\/2026\/05\/Spinmama-banner-mobile.webp\" class=\"w-100 d-none d-md-block d-lg-none main-banner-img\" alt=\"Spinmama banner mobile\" fetchpriority=\"high\" decoding=\"async\"><img src=\"https:\/\/spinmamacasino.org\/wp-content\/uploads\/2026\/05\/Spinmama-banner-mobile.webp\" class=\"w-100 d-md-none\" alt=\"Spinmama banner mobile\" fetchpriority=\"high\" decoding=\"async\"><div class=\"banner-description\">\n<div class=\"banner-title\">Bonusy powitalne<\/div>\n<p class=\"banner-header-title\">1500 \u20ac<\/p>\n<div class=\"banner-header-AdditionalText\">+ 250 Darmowe spiny<\/div>\n<button data-item=\"homepage_banner_link\" class=\"goto m-button m-gradient-border m-button--primary m-button--large banner-button btn-orange\">\n            <div class=\"m-button-content\">\n                <span>Zarejestruj si\u0119 teraz<\/span>\n                <span><\/span>\n            <\/div>\n        <\/button>\n<\/div>\n<div class=\"WelcomePack\">\n<p><img loading=\"lazy\" decoding=\"async\" class=\"alignnone size-full wp-image-1339\" src=\"https:\/\/spinmamacasino.org\/wp-content\/uploads\/2026\/05\/welcome-crown.png\" alt=\"crown\" width=\"25\" height=\"26\" \/><\/p>\n<div class=\"WelcomePack-Info\">Cotygodniowy zwrot got\u00f3wki do 25%<\/div>\n<p><img loading=\"lazy\" decoding=\"async\" class=\"alignnone size-full wp-image-1339\" src=\"https:\/\/spinmamacasino.org\/wp-content\/uploads\/2026\/05\/welcome-crown.png\" alt=\"crown\" width=\"25\" height=\"26\" \/><\/p>\n<\/div>\n<\/div>\n<h2>Zalety i funkcje aplikacji Spinmama<\/h2>\n<p>Aplikacja Spinmama wyznacza nowy standard w mobilnych grach kasynowych. Planujemy zrobi\u0107 na Tobie wra\u017cenie, gdy tylko zalogujesz si\u0119 na swoim telefonie \u2013 czeka na Ciebie zwi\u0119kszona wydajno\u015b\u0107, p\u0142ynna rozgrywka, \u015bwietna grafika oraz intuicyjny interfejs z wszystkimi potrzebnymi funkcjami i zak\u0142adkami.<\/p>\n<p>Aplikacja oferuje dedykowan\u0105 przestrze\u0144 do grania w gry. Wszystko jest dost\u0119pne na smartfonach:<\/p>\n<ul>\n<li>Strona g\u0142\u00f3wna ze wszystkimi ofertami powitalnymi i bonusowymi, \u201eNajpopularniejsze gry\u201d, \u201eTrendy\u201d, \u201eGry na \u017cywo\u201d i \u201eNowe gry\u201d do sprawdzenia.<\/li>\n<li>Ukryta (i najwa\u017cniejsza) zak\u0142adka po lewej stronie dotyczy bonus\u00f3w, aktywno\u015bci, programu lojalno\u015bciowego, zwrotu got\u00f3wki i promocji.<\/li>\n<li>Centrum pomocy z najcz\u0119\u015bciej zadawanymi pytaniami i przyciskiem do czatu na \u017cywo.<\/li>\n<\/ul>\n<p>Nieustannie pracujemy nad popraw\u0105 responsywno\u015bci i stabilno\u015bci gier, nawet na urz\u0105dzeniach o mniejszej mocy obliczeniowej ni\u017c te obs\u0142ugiwane przez przegl\u0105dark\u0119. Projekt jest uproszczony, zajmuje ma\u0142o pami\u0119ci, a jednocze\u015bnie zapewnia doskona\u0142\u0105 grafik\u0119 i interakcje. Regularne aktualizacje zapewniaj\u0105, \u017ce aplikacja jest na bie\u017c\u0105co z nowymi funkcjami i poprawkami bezpiecze\u0144stwa, gwarantuj\u0105c p\u0142ynne przej\u015bcia w rozgrywce.<\/p>\n<p><div class=\"scrollable-content-wrap my-5\"><div class=\"scrollable-content-inner\"><h2>Kluczowe r\u00f3\u017cnice mi\u0119dzy do\u015bwiadczeniem PWA a gr\u0105 na komputerze stacjonarnym<\/h2>\n<p>Postaramy si\u0119 pokaza\u0107, \u017ce chocia\u017c obie platformy zapewniaj\u0105 doskona\u0142e wra\u017cenia z gry, aplikacja Spinmama oferuje wi\u0119ksz\u0105 elastyczno\u015b\u0107 i wygod\u0119, co czyni j\u0105 idealn\u0105 do gier mobilnych.<\/p>\n<table>\n<tbody>\n<tr>\n<td>Funkcja<\/td>\n<td>Aplikacja Spin Mama (PWA)<\/td>\n<td>Wersja na komputery stacjonarne<\/td>\n<\/tr>\n<tr>\n<td>Dost\u0119pno\u015b\u0107<\/td>\n<td>Natychmiastowa, nie wymaga instalacji<\/td>\n<td>Wymaga pobrania oprogramowania lub dost\u0119pu przez przegl\u0105dark\u0119<\/td>\n<\/tr>\n<tr>\n<td>Kompatybilno\u015b\u0107 z urz\u0105dzeniami<\/td>\n<td>Zoptymalizowana pod k\u0105tem urz\u0105dze\u0144 mobilnych<\/td>\n<td>Zaprojektowane dla komputer\u00f3w PC i iPad\u00f3w<\/td>\n<\/tr>\n<tr>\n<td>Wydajno\u015b\u0107<\/td>\n<td>Szybkie \u0142adowanie, zminimalizowane op\u00f3\u017anienia, rzadsze zawieszanie si\u0119<\/td>\n<td>Pe\u0142na funkcjonalno\u015b\u0107 sprz\u0119towa<\/td>\n<\/tr>\n<tr>\n<td>Bezpiecze\u0144stwo<\/td>\n<td>Szyfrowane po\u0142\u0105czenia, bezpieczne logowanie do Spinmama<\/td>\n<td>Wysoki poziom bezpiecze\u0144stwa, z\u0142o\u017cone uwierzytelnianie<\/td>\n<\/tr>\n<tr>\n<td>Powiadomienia<\/td>\n<td>Powiadomienia push o promocjach i nowo\u015bciach, wydarzeniach na koncie<\/td>\n<td>Brak bezpo\u015bredniej obs\u0142ugi powiadomie\u0144 push<\/td>\n<\/tr>\n<tr>\n<td>Rozgrywka<\/td>\n<td>Sterowanie dotykowe, responsywny interfejs<\/td>\n<td>Nawigacja za pomoc\u0105 myszy i klawiatury<\/td>\n<\/tr>\n<tr>\n<td>Pami\u0119\u0107<\/td>\n<td>Minimalne wymagania dotycz\u0105ce pami\u0119ci<\/td>\n<td>Brak ogranicze\u0144 dotycz\u0105cych pami\u0119ci<\/td>\n<\/tr>\n<\/tbody>\n<\/table>\n<p>Aplikacj\u0119 Spinmama \u0142atwo zainstalowa\u0107 na telefonach i komputerach stacjonarnych. Na iPhone gracze po prostu dodaj\u0105 aplikacj\u0119 przez menu przegl\u0105darki, co powoduje utworzenie skr\u00f3tu do aplikacji na ekranie g\u0142\u00f3wnym. W przypadku urz\u0105dze\u0144 z systemem Android aplikacj\u0119 mo\u017cna pobra\u0107 ze strony internetowej, klikaj\u0105c przycisk pomocy \u201eCasino App\u201d, kt\u00f3ry prowadzi do naszej aplikacji PWA. U\u017cytkownicy komputer\u00f3w stacjonarnych mog\u0105 po prostu przej\u015b\u0107 na stron\u0119 kasyna i zalogowa\u0107 si\u0119 za pomoc\u0105 przegl\u0105darki. Om\u00f3wimy to bardziej szczeg\u00f3\u0142owo poni\u017cej dla ka\u017cdego typu urz\u0105dzenia.<\/p>\n<p>Aplikacja zosta\u0142a zaprojektowana do pracy z:<\/p>\n<ul>\n<li>Najwy\u017cszej klasy smartfonami i tabletami.<\/li>\n<li>Urz\u0105dzeniami klasy podstawowej o ograniczonej wydajno\u015bci.<\/li>\n<li>Komputerami stacjonarnymi i laptopami.<\/li>\n<\/ul>\n<\/div><\/div><div style=\"clear: both\"><\/div><div class=\"d-flex justify-content-center\"><button data-item=\"decouvrez_link\" data-group=\"website_links\" class=\"goto fw-bold rounded-pill btn btn-orange\" aria-label=\"Pobierz aplikacj\u0119 Spinmama\" >Pobierz aplikacj\u0119 Spinmama<\/button><\/div><div class=\"scrollable-content-wrap my-5\"><div class=\"scrollable-content-inner\"><h2>Aplikacja mobilna na iOS<\/h2>\n<p>Aplikacja Spinmama na iOS oferuje prosty proces instalacji, omijaj\u0105cy App Store. Aby korzysta\u0107 z aplikacji, nasi gracze musz\u0105 przej\u015b\u0107 do strony kasyna Spin Mama i doda\u0107 aplikacj\u0119 do ekranu g\u0142\u00f3wnego. Proces instalacji jest prosty:<\/p>\n<ol>\n<li>Zaloguj si\u0119 na stronie kasyna Spinmama.<\/li>\n<li>Kliknij trzy kropki na pasku adresu.<\/li>\n<li>Naci\u015bnij przycisk \u201eDodaj do ekranu g\u0142\u00f3wnego\u201d.<\/li>\n<li>Potwierd\u017a, a ikona aplikacji zostanie dodana do ekranu g\u0142\u00f3wnego.<\/li>\n<\/ol>\n<p>Po pobraniu aplikacja Spinmama na iOS oferuje responsywny wygl\u0105d dostosowany do iPhone&#8217;\u00f3w i iPad\u00f3w. Umo\u017cliwia ona \u0142atwy dost\u0119p do szerokiej gamy automat\u00f3w online. Dost\u0119pne s\u0105 r\u00f3wnie\u017c gry kasynowe na \u017cywo i turnieje. Aplikacja wykorzystuje zabezpieczenia systemu iOS i posiada powiadomienia push, aby informowa\u0107 u\u017cytkownik\u00f3w o ofertach i nowo\u015bciach.<\/p>\n<p><img loading=\"lazy\" decoding=\"async\" src=\"https:\/\/spinmamacasino.org\/wp-content\/uploads\/Spinmama-iOS-App.webp\" alt=\"Spinmama iOS App\" width=\"1248\" height=\"536\" \/><\/p>\n<\/div><\/div><div style=\"clear: both\"><\/div><div class=\"d-flex justify-content-center\"><button data-item=\"decouvrez_link\" data-group=\"website_links\" class=\"goto fw-bold rounded-pill btn btn-orange\" aria-label=\"Pobierz Spinmama\" >Pobierz Spinmama<\/button><\/div><div class=\"scrollable-content-wrap my-5\"><div class=\"scrollable-content-inner\"><h2>Aplikacja Spinmama na Androida<\/h2>\n<p>Je\u015bli masz urz\u0105dzenie z systemem Android, wszystko jest r\u00f3wnie proste. Aplikacja Spinmama jest r\u00f3wnie\u017c dost\u0119pna dla u\u017cytkownik\u00f3w Androida w formie lekkiej aplikacji progresywnej (PWA). Instalacja jest prosta:<\/p>\n<ol>\n<li>Wejd\u017a na stron\u0119 Spin Mama Casino.<\/li>\n<li>Kliknij przycisk \u201eCasino App\u201d, aby zainstalowa\u0107 PWA.<\/li>\n<li>Kliknij nast\u0119pny przycisk o nazwie \u201eZainstaluj\u201d.<\/li>\n<li>Naci\u015bnij OK i kontynuuj proces instalacji.<\/li>\n<li>Mo\u017cesz p\u00f3\u017aniej doda\u0107 nasz\u0105 aplikacj\u0119 Spin Mama na ekran g\u0142\u00f3wny, tak jak lubi\u0105 to robi\u0107 u\u017cytkownicy urz\u0105dze\u0144 Apple.<\/li>\n<\/ol>\n<p>I to wszystko \u2014 masz nasz\u0105 aplikacj\u0119 na ekranie g\u0142\u00f3wnym, gotow\u0105 do gry! Jest kompatybilna z systemem Android 8.0 i nowszym, dzia\u0142aj\u0105c na wi\u0119kszo\u015bci urz\u0105dze\u0144. Interfejs dotykowy aplikacji jest czu\u0142y i responsywny, co u\u0142atwia gr\u0119 na telefonach i tabletach.<\/p>\n<p><img loading=\"lazy\" decoding=\"async\" src=\"https:\/\/spinmamacasino.org\/wp-content\/uploads\/Spinmama-Android-App.webp\" alt=\"Spinmama Android App\" width=\"1248\" height=\"536\" \/><\/p>\n<\/div><\/div><div style=\"clear: both\"><\/div><div class=\"d-flex justify-content-center\"><button data-item=\"decouvrez_link\" data-group=\"website_links\" class=\"goto fw-bold rounded-pill btn btn-orange\" aria-label=\"Pobierz aplikacj\u0119 Spinmama\" >Pobierz aplikacj\u0119 Spinmama<\/button><\/div><div class=\"scrollable-content-wrap my-5\"><div class=\"scrollable-content-inner\"><h2>Graj w Spin Mama Casino na komputerze Mac lub Windows<\/h2>\n<p>Wersja Spinmama Casino na komputery stacjonarne jest w pe\u0142ni zsynchronizowana z systemami Windows i macOS za pomoc\u0105 przegl\u0105darki internetowej. Na komputerze stacjonarnym mo\u017cesz cieszy\u0107 si\u0119 lepszym wyborem gier, co jest znacznie bardziej przydatne w przypadku gier z krupierem na \u017cywo, poniewa\u017c szczeg\u00f3\u0142y maj\u0105 tu du\u017ce znaczenie. Aby gra\u0107 w Spinmama na komputerze stacjonarnym:<\/p>\n<ol>\n<li>Wejd\u017a na stron\u0119 za pomoc\u0105 skr\u00f3tu lub przegl\u0105darki.<\/li>\n<li>Wprowad\u017a swoje dane logowania.<\/li>\n<li>Uzyskaj natychmiastowy dost\u0119p do wszystkich naszych automat\u00f3w online, gier karcianych i gier z krupierem na \u017cywo!<\/li>\n<\/ol>\n<p>Wersja na komputery stacjonarne jest kompatybilna ze wszystkimi g\u0142\u00f3wnymi przegl\u0105darkami i zapewnia bezpiecze\u0144stwo. Oferuje p\u0142ynne do\u015bwiadczenie u\u017cytkownika na wielu urz\u0105dzeniach, z aktualizacjami w czasie rzeczywistym dotycz\u0105cymi szczeg\u00f3\u0142\u00f3w konta i post\u0119p\u00f3w w grze. Wszystkie zmiany salda mo\u017cesz \u015bledzi\u0107 w panelu kontrolnym.<\/p>\n<p><img loading=\"lazy\" decoding=\"async\" src=\"https:\/\/spinmamacasino.org\/wp-content\/uploads\/Spinmama-Desktop.webp\" alt=\"Spinmama Desktop\" width=\"1248\" height=\"536\" \/><\/p>\n<\/div><\/div><div style=\"clear: both\"><\/div><div class=\"d-flex justify-content-center\"><button data-item=\"decouvrez_link\" data-group=\"website_links\" class=\"goto fw-bold rounded-pill btn btn-orange\" aria-label=\"Pobierz Spinmama\" >Pobierz Spinmama<\/button><\/div><div class=\"scrollable-content-wrap my-5\"><div class=\"scrollable-content-inner\"><h2>FAQ<\/h2>\n<h3>Czy na telefonie mam dost\u0119p do tych samych gier, co na komputerze?<\/h3>\n<p>Tak, mo\u017cesz gra\u0107 we wszystkie gry dost\u0119pne na komputerze, takie jak automaty online, gry sto\u0142owe i gry z krupierem na \u017cywo. Synchronizujemy wszystko, wi\u0119c to, co robisz na komputerze, zostanie automatycznie odzwierciedlone na telefonie i odwrotnie.<\/p>\n<h3>Czy moje saldo jest synchronizowane w czasie rzeczywistym na wszystkich urz\u0105dzeniach?<\/h3>\n<p>Tak, w czasie rzeczywistym. Kasyno Spinmama korzysta z bezpiecznej synchronizacji w czasie rzeczywistym, aby aktualizowa\u0107 saldo i post\u0119py w grze na wszystkich urz\u0105dzeniach.<\/p>\n<h3>Czy aplikacja obs\u0142uguje powiadomienia push?<\/h3>\n<p>Aplikacja Spinmama oferuje powiadomienia push dotycz\u0105ce promocji, wydarze\u0144 w grze i aktualizacji konta. Mo\u017cesz r\u00f3wnie\u017c zapisa\u0107 si\u0119 do naszego newslettera i otrzymywa\u0107 informacje o fajnych wydarzeniach. Na telefonie kom\u00f3rkowym mo\u017cesz zobaczy\u0107 wyskakuj\u0105ce okienko od Spin Mama zapraszaj\u0105ce do wypr\u00f3bowania czego\u015b nowego lub wiadomo\u015bci od zespo\u0142u wsparcia dotycz\u0105ce procesu weryfikacji.<\/p>\n<h3>Czy aplikacja PWA b\u0119dzie dzia\u0142a\u0107 p\u0142ynnie na starszych urz\u0105dzeniach?<\/h3>\n<p>Aplikacja PWA kasyna Spinmama zosta\u0142a stworzona z my\u015bl\u0105 o szybko\u015bci dzia\u0142ania, ale na starszych urz\u0105dzeniach z przestarza\u0142ym sprz\u0119tem i oprogramowaniem mog\u0105 wyst\u0105pi\u0107 problemy. Oczekuje si\u0119 jednak, \u017ce b\u0119dzie dzia\u0142a\u0107 p\u0142ynnie na wi\u0119kszo\u015bci smartfon\u00f3w i tablet\u00f3w. Staraj si\u0119 nie instalowa\u0107 naszej aplikacji Spinmama na bardzo starych telefonach kom\u00f3rkowych, a b\u0119dzie dzia\u0142a\u0107 bardzo dobrze.<\/p>\n<\/div><\/div><\/p>\n","protected":false},"excerpt":{"rendered":"<p>Aplikacja Spinmama: graj na iOS i Androidzie Spinmama app to nasza najlepsza propozycja dla tych, kt\u00f3rzy chc\u0105 odpocz\u0105\u0107 od gier na komputerze i przej\u015b\u0107 na urz\u0105dzenia mobilne. Wszyscy polscy gracze mog\u0105 cieszy\u0107 si\u0119 ogromnym katalogiem Spinmama i poczu\u0107 emocje zwi\u0105zane z gr\u0105 na smartfonach zaraz po szybkiej i p\u0142ynnej instalacji naszej najnowocze\u015bniejszej i najbardziej zaawansowanej [&hellip;]<\/p>\n","protected":false},"author":1,"featured_media":0,"parent":0,"menu_order":0,"comment_status":"closed","ping_status":"closed","template":"template-builder.php","meta":{"_acf_changed":false,"inline_featured_image":false,"footnotes":""},"class_list":["post-1414","page","type-page","status-publish","hentry"],"acf":[],"yoast_head":"<!-- This site is optimized with the Yoast SEO plugin v27.3 - https:\/\/yoast.com\/product\/yoast-seo-wordpress\/ -->\n<title>Spinmama App: kasyno PWA na telefonie, tablecie i PC<\/title>\n<meta name=\"description\" content=\"Spin Mama App dzia\u0142a jako PWA na iOS, Androidzie, Macu i Windowsie, wi\u0119c mo\u017cesz korzysta\u0107 z niej bez tradycyjnego pobierania ze sklepu. Otw\u00f3rz j\u0105 w Safari lub Google Chrome, dodaj do ekranu g\u0142\u00f3wnego i synchronizuj saldo oraz aktywno\u015b\u0107 konta mi\u0119dzy urz\u0105dzeniami.\" \/>\n<meta name=\"robots\" content=\"index, follow, max-snippet:-1, max-image-preview:large, max-video-preview:-1\" \/>\n<link rel=\"canonical\" href=\"https:\/\/spinmamacasino.org\/pl\/aplikacja\/\" \/>\n<meta property=\"og:locale\" content=\"pl_PL\" \/>\n<meta property=\"og:type\" content=\"article\" \/>\n<meta property=\"og:title\" content=\"Spinmama App: kasyno PWA na telefonie, tablecie i PC\" \/>\n<meta property=\"og:description\" content=\"Spin Mama App dzia\u0142a jako PWA na iOS, Androidzie, Macu i Windowsie, wi\u0119c mo\u017cesz korzysta\u0107 z niej bez tradycyjnego pobierania ze sklepu. Otw\u00f3rz j\u0105 w Safari lub Google Chrome, dodaj do ekranu g\u0142\u00f3wnego i synchronizuj saldo oraz aktywno\u015b\u0107 konta mi\u0119dzy urz\u0105dzeniami.\" \/>\n<meta property=\"og:url\" content=\"https:\/\/spinmamacasino.org\/pl\/aplikacja\/\" \/>\n<meta property=\"og:site_name\" content=\"spinmama\" \/>\n<meta property=\"article:modified_time\" content=\"2026-05-05T08:09:57+00:00\" \/>\n<meta name=\"twitter:card\" content=\"summary_large_image\" \/>\n<meta name=\"twitter:label1\" content=\"Est. reading time\" \/>\n\t<meta name=\"twitter:data1\" content=\"2 minutes\" \/>\n<script type=\"application\/ld+json\" class=\"yoast-schema-graph\">{\"@context\":\"https:\\\/\\\/schema.org\",\"@graph\":[{\"@type\":\"WebPage\",\"@id\":\"https:\\\/\\\/spinmamacasino.org\\\/pl\\\/aplikacja\\\/\",\"url\":\"https:\\\/\\\/spinmamacasino.org\\\/pl\\\/aplikacja\\\/\",\"name\":\"Spinmama App: kasyno PWA na telefonie, tablecie i PC\",\"isPartOf\":{\"@id\":\"https:\\\/\\\/spinmamacasino.org\\\/pl\\\/#website\"},\"datePublished\":\"2026-05-04T12:53:17+00:00\",\"dateModified\":\"2026-05-05T08:09:57+00:00\",\"description\":\"Spin Mama App dzia\u0142a jako PWA na iOS, Androidzie, Macu i Windowsie, wi\u0119c mo\u017cesz korzysta\u0107 z niej bez tradycyjnego pobierania ze sklepu. Otw\u00f3rz j\u0105 w Safari lub Google Chrome, dodaj do ekranu g\u0142\u00f3wnego i synchronizuj saldo oraz aktywno\u015b\u0107 konta mi\u0119dzy urz\u0105dzeniami.\",\"breadcrumb\":{\"@id\":\"https:\\\/\\\/spinmamacasino.org\\\/pl\\\/aplikacja\\\/#breadcrumb\"},\"inLanguage\":\"pl-PL\",\"potentialAction\":[{\"@type\":\"ReadAction\",\"target\":[\"https:\\\/\\\/spinmamacasino.org\\\/pl\\\/aplikacja\\\/\"]}]},{\"@type\":\"BreadcrumbList\",\"@id\":\"https:\\\/\\\/spinmamacasino.org\\\/pl\\\/aplikacja\\\/#breadcrumb\",\"itemListElement\":[{\"@type\":\"ListItem\",\"position\":1,\"name\":\"Spinmama\",\"item\":\"https:\\\/\\\/spinmamacasino.org\\\/pl\\\/\"},{\"@type\":\"ListItem\",\"position\":2,\"name\":\"Aplikacja\"}]},{\"@type\":\"WebSite\",\"@id\":\"https:\\\/\\\/spinmamacasino.org\\\/pl\\\/#website\",\"url\":\"https:\\\/\\\/spinmamacasino.org\\\/pl\\\/\",\"name\":\"Spinmama\",\"description\":\"\",\"publisher\":{\"@id\":\"https:\\\/\\\/spinmamacasino.org\\\/pl\\\/#organization\"},\"potentialAction\":[{\"@type\":\"SearchAction\",\"target\":{\"@type\":\"EntryPoint\",\"urlTemplate\":\"https:\\\/\\\/spinmamacasino.org\\\/pl\\\/?s={search_term_string}\"},\"query-input\":{\"@type\":\"PropertyValueSpecification\",\"valueRequired\":true,\"valueName\":\"search_term_string\"}}],\"inLanguage\":\"pl-PL\"},{\"@type\":\"Organization\",\"@id\":\"https:\\\/\\\/spinmamacasino.org\\\/pl\\\/#organization\",\"name\":\"Spinmama\",\"url\":\"https:\\\/\\\/spinmamacasino.org\\\/pl\\\/\",\"logo\":{\"@type\":\"ImageObject\",\"inLanguage\":\"pl-PL\",\"@id\":\"https:\\\/\\\/spinmamacasino.org\\\/pl\\\/#\\\/schema\\\/logo\\\/image\\\/\",\"url\":\"https:\\\/\\\/spinmamacasino.org\\\/wp-content\\\/uploads\\\/2026\\\/05\\\/Casino-logo-Desktop.png\",\"contentUrl\":\"https:\\\/\\\/spinmamacasino.org\\\/wp-content\\\/uploads\\\/2026\\\/05\\\/Casino-logo-Desktop.png\",\"width\":320,\"height\":80,\"caption\":\"Spinmama\"},\"image\":{\"@id\":\"https:\\\/\\\/spinmamacasino.org\\\/pl\\\/#\\\/schema\\\/logo\\\/image\\\/\"}}]}<\/script>\n<!-- \/ Yoast SEO plugin. -->","yoast_head_json":{"title":"Spinmama App: kasyno PWA na telefonie, tablecie i PC","description":"Spin Mama App dzia\u0142a jako PWA na iOS, Androidzie, Macu i Windowsie, wi\u0119c mo\u017cesz korzysta\u0107 z niej bez tradycyjnego pobierania ze sklepu. Otw\u00f3rz j\u0105 w Safari lub Google Chrome, dodaj do ekranu g\u0142\u00f3wnego i synchronizuj saldo oraz aktywno\u015b\u0107 konta mi\u0119dzy urz\u0105dzeniami.","robots":{"index":"index","follow":"follow","max-snippet":"max-snippet:-1","max-image-preview":"max-image-preview:large","max-video-preview":"max-video-preview:-1"},"canonical":"https:\/\/spinmamacasino.org\/pl\/aplikacja\/","og_locale":"pl_PL","og_type":"article","og_title":"Spinmama App: kasyno PWA na telefonie, tablecie i PC","og_description":"Spin Mama App dzia\u0142a jako PWA na iOS, Androidzie, Macu i Windowsie, wi\u0119c mo\u017cesz korzysta\u0107 z niej bez tradycyjnego pobierania ze sklepu. Otw\u00f3rz j\u0105 w Safari lub Google Chrome, dodaj do ekranu g\u0142\u00f3wnego i synchronizuj saldo oraz aktywno\u015b\u0107 konta mi\u0119dzy urz\u0105dzeniami.","og_url":"https:\/\/spinmamacasino.org\/pl\/aplikacja\/","og_site_name":"spinmama","article_modified_time":"2026-05-05T08:09:57+00:00","twitter_card":"summary_large_image","twitter_misc":{"Est. reading time":"2 minutes"},"schema":{"@context":"https:\/\/schema.org","@graph":[{"@type":"WebPage","@id":"https:\/\/spinmamacasino.org\/pl\/aplikacja\/","url":"https:\/\/spinmamacasino.org\/pl\/aplikacja\/","name":"Spinmama App: kasyno PWA na telefonie, tablecie i PC","isPartOf":{"@id":"https:\/\/spinmamacasino.org\/pl\/#website"},"datePublished":"2026-05-04T12:53:17+00:00","dateModified":"2026-05-05T08:09:57+00:00","description":"Spin Mama App dzia\u0142a jako PWA na iOS, Androidzie, Macu i Windowsie, wi\u0119c mo\u017cesz korzysta\u0107 z niej bez tradycyjnego pobierania ze sklepu. Otw\u00f3rz j\u0105 w Safari lub Google Chrome, dodaj do ekranu g\u0142\u00f3wnego i synchronizuj saldo oraz aktywno\u015b\u0107 konta mi\u0119dzy urz\u0105dzeniami.","breadcrumb":{"@id":"https:\/\/spinmamacasino.org\/pl\/aplikacja\/#breadcrumb"},"inLanguage":"pl-PL","potentialAction":[{"@type":"ReadAction","target":["https:\/\/spinmamacasino.org\/pl\/aplikacja\/"]}]},{"@type":"BreadcrumbList","@id":"https:\/\/spinmamacasino.org\/pl\/aplikacja\/#breadcrumb","itemListElement":[{"@type":"ListItem","position":1,"name":"Spinmama","item":"https:\/\/spinmamacasino.org\/pl\/"},{"@type":"ListItem","position":2,"name":"Aplikacja"}]},{"@type":"WebSite","@id":"https:\/\/spinmamacasino.org\/pl\/#website","url":"https:\/\/spinmamacasino.org\/pl\/","name":"Spinmama","description":"","publisher":{"@id":"https:\/\/spinmamacasino.org\/pl\/#organization"},"potentialAction":[{"@type":"SearchAction","target":{"@type":"EntryPoint","urlTemplate":"https:\/\/spinmamacasino.org\/pl\/?s={search_term_string}"},"query-input":{"@type":"PropertyValueSpecification","valueRequired":true,"valueName":"search_term_string"}}],"inLanguage":"pl-PL"},{"@type":"Organization","@id":"https:\/\/spinmamacasino.org\/pl\/#organization","name":"Spinmama","url":"https:\/\/spinmamacasino.org\/pl\/","logo":{"@type":"ImageObject","inLanguage":"pl-PL","@id":"https:\/\/spinmamacasino.org\/pl\/#\/schema\/logo\/image\/","url":"https:\/\/spinmamacasino.org\/wp-content\/uploads\/2026\/05\/Casino-logo-Desktop.png","contentUrl":"https:\/\/spinmamacasino.org\/wp-content\/uploads\/2026\/05\/Casino-logo-Desktop.png","width":320,"height":80,"caption":"Spinmama"},"image":{"@id":"https:\/\/spinmamacasino.org\/pl\/#\/schema\/logo\/image\/"}}]}},"_links":{"self":[{"href":"https:\/\/spinmamacasino.org\/pl\/wp-json\/wp\/v2\/pages\/1414","targetHints":{"allow":["GET"]}}],"collection":[{"href":"https:\/\/spinmamacasino.org\/pl\/wp-json\/wp\/v2\/pages"}],"about":[{"href":"https:\/\/spinmamacasino.org\/pl\/wp-json\/wp\/v2\/types\/page"}],"author":[{"embeddable":true,"href":"https:\/\/spinmamacasino.org\/pl\/wp-json\/wp\/v2\/users\/1"}],"replies":[{"embeddable":true,"href":"https:\/\/spinmamacasino.org\/pl\/wp-json\/wp\/v2\/comments?post=1414"}],"version-history":[{"count":3,"href":"https:\/\/spinmamacasino.org\/pl\/wp-json\/wp\/v2\/pages\/1414\/revisions"}],"predecessor-version":[{"id":1832,"href":"https:\/\/spinmamacasino.org\/pl\/wp-json\/wp\/v2\/pages\/1414\/revisions\/1832"}],"wp:attachment":[{"href":"https:\/\/spinmamacasino.org\/pl\/wp-json\/wp\/v2\/media?parent=1414"}],"curies":[{"name":"wp","href":"https:\/\/api.w.org\/{rel}","templated":true}]}}