{"id":1453,"date":"2026-05-04T14:36:19","date_gmt":"2026-05-04T13:36:19","guid":{"rendered":"https:\/\/spinmamacasino.org\/login-and-registration\/"},"modified":"2026-05-05T09:12:25","modified_gmt":"2026-05-05T08:12:25","slug":"logowanie-i-rejestracja","status":"publish","type":"page","link":"https:\/\/spinmamacasino.org\/pl\/logowanie-i-rejestracja\/","title":{"rendered":"Logowanie i rejestracja"},"content":{"rendered":"<h1>Logowanie do Spinmama<\/h1>\n<p>Ka\u017cdy zarejestrowany gracz z Polski chce wiedzie\u0107, jaki jest nast\u0119pny krok, i tu w\u0142a\u015bnie pojawia si\u0119 Spinmama login. Mo\u017cesz to zrobi\u0107 za pomoc\u0105 komputera osobistego lub klikaj\u0105c na telefonie kom\u00f3rkowym. Logowanie nigdy nie by\u0142o \u0142atwiejsze, poniewa\u017c zrobili\u015bmy wszystko, aby wszyscy u\u017cytkownicy mogli bezpiecznie wej\u015b\u0107 \u2013 dost\u0119pna weryfikacja 2FA, tylko sprawdzone profile i najbardziej zaawansowana ochrona na ka\u017cdym kroku \u2013 to w\u0142a\u015bnie otrzymujesz po rejestracji w kasynie Spin Mama.<\/p>\n<p><div class=\"banner-wrap\" aria-label=\"Banner\"><img src=\"https:\/\/spinmamacasino.org\/wp-content\/uploads\/2026\/05\/Spinmama-banner-desktop.webp\" class=\"w-100 d-none d-lg-block img-pc main-banner-img\" alt=\"Spinmama banner desktop\" fetchpriority=\"high\" decoding=\"async\"><img src=\"https:\/\/spinmamacasino.org\/wp-content\/uploads\/2026\/05\/Spinmama-banner-mobile.webp\" class=\"w-100 d-none d-md-block d-lg-none main-banner-img\" alt=\"Spinmama banner mobile\" fetchpriority=\"high\" decoding=\"async\"><img src=\"https:\/\/spinmamacasino.org\/wp-content\/uploads\/2026\/05\/Spinmama-banner-mobile.webp\" class=\"w-100 d-md-none\" alt=\"Spinmama banner mobile\" fetchpriority=\"high\" decoding=\"async\"><div class=\"banner-description\">\n<div class=\"banner-title\">Bonusy powitalne<\/div>\n<p class=\"banner-header-title\">1500 \u20ac<\/p>\n<div class=\"banner-header-AdditionalText\">+ 250 Darmowe spiny<\/div>\n<button data-item=\"homepage_banner_link\" class=\"goto m-button m-gradient-border m-button--primary m-button--large banner-button btn-orange\">\n            <div class=\"m-button-content\">\n                <span>Zarejestruj si\u0119 teraz<\/span>\n                <span><\/span>\n            <\/div>\n        <\/button>\n<\/div>\n<div class=\"WelcomePack\">\n<p><img loading=\"lazy\" decoding=\"async\" class=\"alignnone size-full wp-image-1339\" src=\"https:\/\/spinmamacasino.org\/wp-content\/uploads\/2026\/05\/welcome-crown.png\" alt=\"crown\" width=\"25\" height=\"26\" \/><\/p>\n<div class=\"WelcomePack-Info\">Cotygodniowy zwrot got\u00f3wki do 25%<\/div>\n<p><img loading=\"lazy\" decoding=\"async\" class=\"alignnone size-full wp-image-1339\" src=\"https:\/\/spinmamacasino.org\/wp-content\/uploads\/2026\/05\/welcome-crown.png\" alt=\"crown\" width=\"25\" height=\"26\" \/><\/p>\n<\/div>\n<\/div><div class=\"scrollable-content-wrap my-5\"><div class=\"scrollable-content-inner\"><h2>Rejestracja w kasynie Spinmama<\/h2>\n<p>Zawsze dok\u0142adamy wszelkich stara\u0144, aby nasze kasyno online by\u0142o przyjazne dla u\u017cytkownika, zw\u0142aszcza na pocz\u0105tkowych etapach. Rozumiemy, \u017ce nie jest \u0142atwo od razu zrozumie\u0107 wszystkie funkcje i dzia\u0142anie nowej platformy. Nie martw si\u0119 wi\u0119c! Rejestracja i logowanie w kasynie Spinmama wymaga zaledwie kilku klikni\u0119\u0107, a od tego momentu masz dost\u0119p do ogromnego katalogu gier, przyjaznej spo\u0142eczno\u015bci os\u00f3b o podobnych zainteresowaniach oraz ca\u0142odobowego wsparcia.<\/p>\n<h2>Za\u0142\u00f3\u017c konto w dw\u00f3ch krokach<\/h2>\n<p>Rejestracja to jedna z naj\u0142atwiejszych rzeczy, kt\u00f3re musisz zrobi\u0107, aby do\u0142\u0105czy\u0107 do Spin Mama. Poka\u017cemy Ci, jak samodzielnie si\u0119 zarejestrowa\u0107, po\u015bwi\u0119caj\u0105c na to nie wi\u0119cej ni\u017c minut\u0119:<\/p>\n<ol>\n<li>Otw\u00f3rz stron\u0119 internetow\u0105 Spinmama.<\/li>\n<li>Zwr\u00f3\u0107 uwag\u0119 na prawy g\u00f3rny r\u00f3g i kliknij przycisk \u201eZarejestruj si\u0119\u201d.<\/li>\n<li>Kliknij na niego i otw\u00f3rz kr\u00f3tki formularz rejestracyjny.<\/li>\n<li>Wpisz tylko aktywny adres e-mail, z kt\u00f3rego korzystasz na co dzie\u0144 \u2014 wy\u015blemy Ci link.<\/li>\n<li>Utw\u00f3rz has\u0142o, kt\u00f3re b\u0119dzie praktycznie niemo\u017cliwe do z\u0142amania, i zapisz je gdzie\u015b (w mened\u017cerze hase\u0142, na kartce itp.).<\/li>\n<li>Przeczytaj uwa\u017cnie (zdecydowanie zalecamy) i zaakceptuj nasze Warunki korzystania z serwisu.<\/li>\n<li>Dodaj kody promocyjne, je\u015bli je posiadasz.<\/li>\n<li>Zaznacz opcj\u0119 otrzymywania od nas wiadomo\u015bci promocyjnych, aby pozosta\u0107 z nami w kontakcie.<\/li>\n<li>Kliknij \u201eZarejestruj si\u0119\u201d.<\/li>\n<li>Przejd\u017a do skrzynki odbiorczej i znajd\u017a wiadomo\u015b\u0107 od Spinmama Casino.<\/li>\n<li>Post\u0119puj zgodnie z instrukcjami zawartymi w e-mailu potwierdzaj\u0105cym i zako\u0144cz proces.<\/li>\n<\/ol>\n<p>Jak wida\u0107, nic specjalnego, ale wszystko jest niezwykle wygodne i bardzo przydatne. \u017badnych dodatkowych krok\u00f3w, \u017cadnych niekonwencjonalnych ruch\u00f3w, kt\u00f3re utrudniaj\u0105 proces.<\/p>\n<p><img loading=\"lazy\" decoding=\"async\" src=\"https:\/\/spinmamacasino.org\/wp-content\/uploads\/Spinmama-Login.webp\" alt=\"Spinmama Login\" width=\"1248\" height=\"536\" \/><\/p>\n<h2>Zaloguj si\u0119 i zarz\u0105dzaj swoim kontem w Spinmama<\/h2>\n<p>Jeszcze \u0142atwiejsze b\u0119dzie dla Ciebie pierwsze zalogowanie si\u0119 do Spinmama po rejestracji, poniewa\u017c w zasadzie wystarczy po prostu ponownie wprowadzi\u0107 swoje dane logowania. Poka\u017cemy Ci bardziej szczeg\u00f3\u0142owo, jak to zrobi\u0107.<\/p>\n<table>\n<tbody>\n<tr>\n<td>Krok 1<\/td>\n<td>Otw\u00f3rz stron\u0119 internetow\u0105 kasyna Spin Mama, na kt\u00f3rej si\u0119 zarejestrowa\u0142e\u015b.<\/td>\n<\/tr>\n<tr>\n<td>Krok 2<\/td>\n<td>Kliknij przycisk \u201eZaloguj si\u0119\u201d, kt\u00f3ry znajduje si\u0119 obok przycisku rejestracji.<\/td>\n<\/tr>\n<tr>\n<td>Krok 3<\/td>\n<td>Wpisz sw\u00f3j adres e-mail i utworzone has\u0142o.<\/td>\n<\/tr>\n<tr>\n<td>Krok 4<\/td>\n<td>Kliknij \u201eZaloguj si\u0119\u201d i przejd\u017a do swojego panelu, aby sprawdzi\u0107 nowo\u015bci i zagra\u0107 w gry w kasynie Spinmama!<\/td>\n<\/tr>\n<\/tbody>\n<\/table>\n<h3>Jak zalogowa\u0107 si\u0119 przez aplikacj\u0119 mobiln\u0105<\/h3>\n<p>Je\u015bli obawiasz si\u0119, \u017ce na smartfonie wszystko b\u0119dzie wygl\u0105da\u0142o inaczej, to z rado\u015bci\u0105 potwierdzamy, \u017ce proces logowania do Spinmama b\u0119dzie dok\u0142adnie taki sam. Jednak mobilny charakter naszego kasyna wymaga pewnych szczeg\u00f3lnych \u015brodk\u00f3w ostro\u017cno\u015bci, aby proces ten by\u0142 mniej k\u0142opotliwy.<\/p>\n<p>Aby zapewni\u0107 bezpiecze\u0144stwo konta oraz sprawne przeprowadzenie procesu logowania lub rejestracji, nale\u017cy bezwzgl\u0119dnie przestrzega\u0107 najlepszych praktyk technicznych. Przed przes\u0142aniem poufnych informacji nale\u017cy zwr\u00f3ci\u0107 szczeg\u00f3ln\u0105 uwag\u0119 na otoczenie i metody wprowadzania danych.<\/p>\n<table>\n<tbody>\n<tr>\n<td>Szczeg\u00f3\u0142y dotycz\u0105ce bezpiecze\u0144stwa<\/td>\n<td>Wymagane dzia\u0142ania<\/td>\n<td>Dlaczego jest to wa\u017cne dla nas i dla Ciebie<\/td>\n<\/tr>\n<tr>\n<td>Dok\u0142adno\u015b\u0107 wprowadzania danych<\/td>\n<td>Wy\u0142\u0105cz klawisz Caps Lock i sprawd\u017a aktywny j\u0119zyk klawiatury.<\/td>\n<td>Zapobiega nieudanym pr\u00f3bom logowania do Spinmama, kt\u00f3re mog\u0105 spowodowa\u0107 tymczasowe zablokowanie konta.<\/td>\n<\/tr>\n<tr>\n<td>Dok\u0142adno\u015b\u0107 danych logowania<\/td>\n<td>U\u017cyj konkretnego adresu e-mail powi\u0105zanego z Twoim kontem i wy\u0142\u0105cz autouzupe\u0142nianie.<\/td>\n<td>Autouzupe\u0142nianie mo\u017ce wpisa\u0107 stare lub nieprawid\u0142owe has\u0142a, co prowadzi do b\u0142\u0119d\u00f3w i potencjalnych sygna\u0142\u00f3w ostrzegawczych dotycz\u0105cych bezpiecze\u0144stwa.<\/td>\n<\/tr>\n<tr>\n<td>Integralno\u015b\u0107 po\u0142\u0105czenia<\/td>\n<td>Wy\u0142\u0105cz VPN, serwery proxy lub jakiekolwiek oprogramowanie maskuj\u0105ce adres IP.<\/td>\n<td>Czasami Spinmama mo\u017ce oznaczy\u0107 korzystanie z VPN jako podejrzan\u0105 aktywno\u015b\u0107 lub naruszenie naszych warunk\u00f3w, wi\u0119c uwa\u017caj na zawieszenie konta.<\/td>\n<\/tr>\n<tr>\n<td>Higiena systemu<\/td>\n<td>Przynajmniej od czasu do czasu wyczy\u015b\u0107 pami\u0119\u0107 podr\u0119czn\u0105 przegl\u0105darki i pliki cookie.<\/td>\n<td>Zr\u00f3b to, aby sprawdzi\u0107 najnowsz\u0105 wersj\u0119 strony i zapobiec zak\u0142\u00f3ceniom logowania przez stare dane sesji.<\/td>\n<\/tr>\n<\/tbody>\n<\/table>\n<h3>Zapomnia\u0142e\u015b has\u0142a?<\/h3>\n<p>Utrata danych logowania nie stanowi du\u017cego problemu, poniewa\u017c oferujemy szybki i bezpieczny spos\u00f3b ich odzyskania.<\/p>\n<p>Je\u015bli klikniesz przycisk \u201eZapomnia\u0142e\u015b has\u0142a?\u201d w formularzu logowania Spinmama, zostaniesz szybko poprowadzony przez proces odzyskiwania wszystkich danych konta i utraconych danych logowania. Je\u015bli utworzysz bezpieczniejsze has\u0142o i zapiszesz je w miejscu, kt\u00f3rego nie zapomnisz, problem zniknie.<\/p>\n<p>Gdy tym razem wprowadzisz wszystko zgodnie z instrukcjami odzyskiwania has\u0142a, zminimalizujesz ryzyko nowych problem\u00f3w technicznych lub b\u0142\u0119d\u00f3w logowania do Spinmama.<\/p>\n<h2>Weryfikacja w kasynie Spin Mama<\/h2>\n<p>Bezpiecze\u0144stwo jest najwi\u0119kszym priorytetem w naszym kasynie Spin Mama. Posiadamy obowi\u0105zkowy proces weryfikacji KYC (\u201eKnow Your Customer\u201d) jako standardowy wym\u00f3g weryfikacji to\u017csamo\u015bci na naszej platformie.<\/p>\n<p>Ma to kluczowe znaczenie, poniewa\u017c pewno\u015b\u0107, \u017ce wszyscy nasi gracze s\u0105 prawdziwi, pozwala naszym zaawansowanym systemom bezpiecze\u0144stwa zachowa\u0107 pe\u0142n\u0105 kontrol\u0119 oraz zwalcza\u0107 fa\u0142szywych graczy i boty, kt\u00f3re nie tylko zagra\u017caj\u0105 bezpiecze\u0144stwu, ale tak\u017ce psuj\u0105 zabaw\u0119 przy stole.<\/p>\n<p>Procedura KYC (Know Your Customer) to standardowy proces bezpiecze\u0144stwa s\u0142u\u017c\u0105cy do weryfikacji to\u017csamo\u015bci gracza oraz ochrony konta przed nieautoryzowanym dost\u0119pem i oszustwami.<\/p>\n<table>\n<tbody>\n<tr>\n<td>Krok<\/td>\n<td>Wymagane dokumenty<\/td>\n<td>Cel<\/td>\n<\/tr>\n<tr>\n<td>Weryfikacja to\u017csamo\u015bci<\/td>\n<td>Wa\u017cny paszport, prawo jazdy lub dow\u00f3d osobisty.<\/td>\n<td>Potwierdza Twoje prawdziwe imi\u0119 i nazwisko, dat\u0119 urodzenia oraz pe\u0142noletno\u015b\u0107 uprawniaj\u0105c\u0105 do udzia\u0142u. Sprawdzanie Twojej lokalizacji.<\/td>\n<\/tr>\n<tr>\n<td>Potwierdzenie adresu<\/td>\n<td>Rachunek za media (woda\/pr\u0105d) lub wyci\u0105g z konta bankowego wystawiony w ci\u0105gu ostatnich 3\u20136 miesi\u0119cy.<\/td>\n<td>Potwierdza aktualne miejsce zamieszkania i zapewnia zgodno\u015b\u0107 z przepisami regionalnymi.<\/td>\n<\/tr>\n<tr>\n<td>Weryfikacja p\u0142atno\u015bci<\/td>\n<td>Prze\u015blij zdj\u0119cie i\/lub zrzut ekranu swojej karty bankowej (kredytowej i debetowej) i\/lub portfela elektronicznego.<\/td>\n<td>Potwierdza, \u017ce metody wp\u0142at i wyp\u0142at nale\u017c\u0105 do w\u0142a\u015bciciela konta.<\/td>\n<\/tr>\n<tr>\n<td>Dodatkowa weryfikacja<\/td>\n<td>Dodatkowe selfie z dokumentem to\u017csamo\u015bci, je\u015bli za\u017c\u0105da tego zesp\u00f3\u0142 wsparcia, czasami za po\u015brednictwem czatu na \u017cywo.<\/td>\n<td>Zapewnia to dodatkow\u0105 warstw\u0119 bezpiecze\u0144stwa, aby zapobiec kradzie\u017cy to\u017csamo\u015bci.<\/td>\n<\/tr>\n<\/tbody>\n<\/table>\n<p>Je\u015bli nie rozumiesz kt\u00f3regokolwiek z wymaga\u0144, skontaktuj si\u0119 z naszym wieloj\u0119zycznym zespo\u0142em obs\u0142ugi klienta. Zaraz po zatwierdzeniu konta mo\u017cesz swobodnie wp\u0142aca\u0107 i wyp\u0142aca\u0107 pieni\u0105dze ze swojego konta, cieszy\u0107 si\u0119 zwyci\u0119stwami w turniejach i gra\u0107 w najbardziej ekscytuj\u0105ce gry Spinmama!<\/p>\n<h2>FAQ<\/h2>\n<h3>Czy po rejestracji mog\u0119 zmieni\u0107 swoje dane osobowe?<\/h3>\n<p>Mo\u017cesz zaktualizowa\u0107 swoje dane osobowe w ustawieniach konta. Dzi\u0119ki temu informacje b\u0119d\u0105 poprawne i aktualne, co u\u0142atwi weryfikacj\u0119 i zarz\u0105dzanie kontem. Wystarczy najpierw przej\u015b\u0107 weryfikacj\u0119 KYC, a platforma nie zg\u0142osi \u017cadnych zastrze\u017ce\u0144.<\/p>\n<h3>Czy logowanie si\u0119 z nowego kraju powoduje dodatkowe kontrole?<\/h3>\n<p>W niekt\u00f3rych przypadkach tak. Monitorujemy graczy z obszar\u00f3w obj\u0119tych ograniczeniami, a ka\u017cda manipulacja geolokalizacj\u0105 jest sygna\u0142em ostrzegawczym dla systemu Spin Mama Casino. Korzystanie z sieci VPN i logowanie si\u0119 z nowego kraju mo\u017ce wywo\u0142a\u0107 dodatkowe kontrole bezpiecze\u0144stwa i zgodno\u015bci, zgodnie z naszymi zasadami odpowiedzialnej gry i bezpiecze\u0144stwa. Pozwala nam to zabezpieczy\u0107 Twoje konto i przestrzega\u0107 wymog\u00f3w regulacyjnych.<\/p>\n<h3>Co si\u0119 stanie, je\u015bli wielokrotnie wprowadz\u0119 nieprawid\u0142owe dane?<\/h3>\n<p>Wielokrotne wprowadzenie nieprawid\u0142owych danych logowania do Spinmama mo\u017ce spowodowa\u0107 tymczasowe zablokowanie konta ze wzgl\u0119d\u00f3w bezpiecze\u0144stwa. Aby odblokowa\u0107 konto, mo\u017ce by\u0107 konieczne zweryfikowanie go lub zresetowanie has\u0142a w ramach procesu odzyskiwania konta.<\/p>\n<h3>Czy mog\u0119 za\u0142o\u017cy\u0107 wiele kont w waszym kasynie online?<\/h3>\n<p>Nie, posiadanie wielu kont jest niezgodne z naszymi warunkami \u015bwiadczenia us\u0142ug. Ze wzgl\u0119du na zachowanie uczciwo\u015bci gry oraz zapobieganie nadu\u017cyciom bonus\u00f3w i promocji, zezwalamy na posiadanie tylko jednego konta na gracza. Dlatego prosimy o korzystanie z jednego adresu IP, jednego adresu pocztowego oraz jednego konta do gry w Spin Mama.<\/p>\n<\/div><\/div><\/p>\n","protected":false},"excerpt":{"rendered":"<p>Logowanie do Spinmama Ka\u017cdy zarejestrowany gracz z Polski chce wiedzie\u0107, jaki jest nast\u0119pny krok, i tu w\u0142a\u015bnie pojawia si\u0119 Spinmama login. Mo\u017cesz to zrobi\u0107 za pomoc\u0105 komputera osobistego lub klikaj\u0105c na telefonie kom\u00f3rkowym. Logowanie nigdy nie by\u0142o \u0142atwiejsze, poniewa\u017c zrobili\u015bmy wszystko, aby wszyscy u\u017cytkownicy mogli bezpiecznie wej\u015b\u0107 \u2013 dost\u0119pna weryfikacja 2FA, tylko sprawdzone profile i [&hellip;]<\/p>\n","protected":false},"author":1,"featured_media":0,"parent":0,"menu_order":0,"comment_status":"closed","ping_status":"closed","template":"template-builder.php","meta":{"_acf_changed":false,"inline_featured_image":false,"footnotes":""},"class_list":["post-1453","page","type-page","status-publish","hentry"],"acf":[],"yoast_head":"<!-- This site is optimized with the Yoast SEO plugin v27.3 - https:\/\/yoast.com\/product\/yoast-seo-wordpress\/ -->\n<title>Spinmama Login: dost\u0119p do konta, rejestracja i odzyskiwanie has\u0142a<\/title>\n<meta name=\"description\" content=\"Spin Mama Login to strona logowania, rejestracji, odzyskiwania has\u0142a i weryfikacji. Zarejestruj si\u0119 w dw\u00f3ch krokach, wejd\u017a na swoje konto na komputerze lub telefonie, u\u017cyj Google, je\u015bli jest dost\u0119pne, i odblokuj profil, p\u0142atno\u015bci oraz pakiet powitalny.\" \/>\n<meta name=\"robots\" content=\"index, follow, max-snippet:-1, max-image-preview:large, max-video-preview:-1\" \/>\n<link rel=\"canonical\" href=\"https:\/\/spinmamacasino.org\/pl\/logowanie-i-rejestracja\/\" \/>\n<meta property=\"og:locale\" content=\"pl_PL\" \/>\n<meta property=\"og:type\" content=\"article\" \/>\n<meta property=\"og:title\" content=\"Spinmama Login: dost\u0119p do konta, rejestracja i odzyskiwanie has\u0142a\" \/>\n<meta property=\"og:description\" content=\"Spin Mama Login to strona logowania, rejestracji, odzyskiwania has\u0142a i weryfikacji. Zarejestruj si\u0119 w dw\u00f3ch krokach, wejd\u017a na swoje konto na komputerze lub telefonie, u\u017cyj Google, je\u015bli jest dost\u0119pne, i odblokuj profil, p\u0142atno\u015bci oraz pakiet powitalny.\" \/>\n<meta property=\"og:url\" content=\"https:\/\/spinmamacasino.org\/pl\/logowanie-i-rejestracja\/\" \/>\n<meta property=\"og:site_name\" content=\"spinmama\" \/>\n<meta property=\"article:modified_time\" content=\"2026-05-05T08:12:25+00:00\" \/>\n<meta name=\"twitter:card\" content=\"summary_large_image\" \/>\n<meta name=\"twitter:label1\" content=\"Est. reading time\" \/>\n\t<meta name=\"twitter:data1\" content=\"1 minute\" \/>\n<script type=\"application\/ld+json\" class=\"yoast-schema-graph\">{\"@context\":\"https:\\\/\\\/schema.org\",\"@graph\":[{\"@type\":\"WebPage\",\"@id\":\"https:\\\/\\\/spinmamacasino.org\\\/pl\\\/logowanie-i-rejestracja\\\/\",\"url\":\"https:\\\/\\\/spinmamacasino.org\\\/pl\\\/logowanie-i-rejestracja\\\/\",\"name\":\"Spinmama Login: dost\u0119p do konta, rejestracja i odzyskiwanie has\u0142a\",\"isPartOf\":{\"@id\":\"https:\\\/\\\/spinmamacasino.org\\\/pl\\\/#website\"},\"datePublished\":\"2026-05-04T13:36:19+00:00\",\"dateModified\":\"2026-05-05T08:12:25+00:00\",\"description\":\"Spin Mama Login to strona logowania, rejestracji, odzyskiwania has\u0142a i weryfikacji. Zarejestruj si\u0119 w dw\u00f3ch krokach, wejd\u017a na swoje konto na komputerze lub telefonie, u\u017cyj Google, je\u015bli jest dost\u0119pne, i odblokuj profil, p\u0142atno\u015bci oraz pakiet powitalny.\",\"breadcrumb\":{\"@id\":\"https:\\\/\\\/spinmamacasino.org\\\/pl\\\/logowanie-i-rejestracja\\\/#breadcrumb\"},\"inLanguage\":\"pl-PL\",\"potentialAction\":[{\"@type\":\"ReadAction\",\"target\":[\"https:\\\/\\\/spinmamacasino.org\\\/pl\\\/logowanie-i-rejestracja\\\/\"]}]},{\"@type\":\"BreadcrumbList\",\"@id\":\"https:\\\/\\\/spinmamacasino.org\\\/pl\\\/logowanie-i-rejestracja\\\/#breadcrumb\",\"itemListElement\":[{\"@type\":\"ListItem\",\"position\":1,\"name\":\"Spinmama\",\"item\":\"https:\\\/\\\/spinmamacasino.org\\\/pl\\\/\"},{\"@type\":\"ListItem\",\"position\":2,\"name\":\"Logowanie i rejestracja\"}]},{\"@type\":\"WebSite\",\"@id\":\"https:\\\/\\\/spinmamacasino.org\\\/pl\\\/#website\",\"url\":\"https:\\\/\\\/spinmamacasino.org\\\/pl\\\/\",\"name\":\"Spinmama\",\"description\":\"\",\"publisher\":{\"@id\":\"https:\\\/\\\/spinmamacasino.org\\\/pl\\\/#organization\"},\"potentialAction\":[{\"@type\":\"SearchAction\",\"target\":{\"@type\":\"EntryPoint\",\"urlTemplate\":\"https:\\\/\\\/spinmamacasino.org\\\/pl\\\/?s={search_term_string}\"},\"query-input\":{\"@type\":\"PropertyValueSpecification\",\"valueRequired\":true,\"valueName\":\"search_term_string\"}}],\"inLanguage\":\"pl-PL\"},{\"@type\":\"Organization\",\"@id\":\"https:\\\/\\\/spinmamacasino.org\\\/pl\\\/#organization\",\"name\":\"Spinmama\",\"url\":\"https:\\\/\\\/spinmamacasino.org\\\/pl\\\/\",\"logo\":{\"@type\":\"ImageObject\",\"inLanguage\":\"pl-PL\",\"@id\":\"https:\\\/\\\/spinmamacasino.org\\\/pl\\\/#\\\/schema\\\/logo\\\/image\\\/\",\"url\":\"https:\\\/\\\/spinmamacasino.org\\\/wp-content\\\/uploads\\\/2026\\\/05\\\/Casino-logo-Desktop.png\",\"contentUrl\":\"https:\\\/\\\/spinmamacasino.org\\\/wp-content\\\/uploads\\\/2026\\\/05\\\/Casino-logo-Desktop.png\",\"width\":320,\"height\":80,\"caption\":\"Spinmama\"},\"image\":{\"@id\":\"https:\\\/\\\/spinmamacasino.org\\\/pl\\\/#\\\/schema\\\/logo\\\/image\\\/\"}}]}<\/script>\n<!-- \/ Yoast SEO plugin. -->","yoast_head_json":{"title":"Spinmama Login: dost\u0119p do konta, rejestracja i odzyskiwanie has\u0142a","description":"Spin Mama Login to strona logowania, rejestracji, odzyskiwania has\u0142a i weryfikacji. Zarejestruj si\u0119 w dw\u00f3ch krokach, wejd\u017a na swoje konto na komputerze lub telefonie, u\u017cyj Google, je\u015bli jest dost\u0119pne, i odblokuj profil, p\u0142atno\u015bci oraz pakiet powitalny.","robots":{"index":"index","follow":"follow","max-snippet":"max-snippet:-1","max-image-preview":"max-image-preview:large","max-video-preview":"max-video-preview:-1"},"canonical":"https:\/\/spinmamacasino.org\/pl\/logowanie-i-rejestracja\/","og_locale":"pl_PL","og_type":"article","og_title":"Spinmama Login: dost\u0119p do konta, rejestracja i odzyskiwanie has\u0142a","og_description":"Spin Mama Login to strona logowania, rejestracji, odzyskiwania has\u0142a i weryfikacji. Zarejestruj si\u0119 w dw\u00f3ch krokach, wejd\u017a na swoje konto na komputerze lub telefonie, u\u017cyj Google, je\u015bli jest dost\u0119pne, i odblokuj profil, p\u0142atno\u015bci oraz pakiet powitalny.","og_url":"https:\/\/spinmamacasino.org\/pl\/logowanie-i-rejestracja\/","og_site_name":"spinmama","article_modified_time":"2026-05-05T08:12:25+00:00","twitter_card":"summary_large_image","twitter_misc":{"Est. reading time":"1 minute"},"schema":{"@context":"https:\/\/schema.org","@graph":[{"@type":"WebPage","@id":"https:\/\/spinmamacasino.org\/pl\/logowanie-i-rejestracja\/","url":"https:\/\/spinmamacasino.org\/pl\/logowanie-i-rejestracja\/","name":"Spinmama Login: dost\u0119p do konta, rejestracja i odzyskiwanie has\u0142a","isPartOf":{"@id":"https:\/\/spinmamacasino.org\/pl\/#website"},"datePublished":"2026-05-04T13:36:19+00:00","dateModified":"2026-05-05T08:12:25+00:00","description":"Spin Mama Login to strona logowania, rejestracji, odzyskiwania has\u0142a i weryfikacji. Zarejestruj si\u0119 w dw\u00f3ch krokach, wejd\u017a na swoje konto na komputerze lub telefonie, u\u017cyj Google, je\u015bli jest dost\u0119pne, i odblokuj profil, p\u0142atno\u015bci oraz pakiet powitalny.","breadcrumb":{"@id":"https:\/\/spinmamacasino.org\/pl\/logowanie-i-rejestracja\/#breadcrumb"},"inLanguage":"pl-PL","potentialAction":[{"@type":"ReadAction","target":["https:\/\/spinmamacasino.org\/pl\/logowanie-i-rejestracja\/"]}]},{"@type":"BreadcrumbList","@id":"https:\/\/spinmamacasino.org\/pl\/logowanie-i-rejestracja\/#breadcrumb","itemListElement":[{"@type":"ListItem","position":1,"name":"Spinmama","item":"https:\/\/spinmamacasino.org\/pl\/"},{"@type":"ListItem","position":2,"name":"Logowanie i rejestracja"}]},{"@type":"WebSite","@id":"https:\/\/spinmamacasino.org\/pl\/#website","url":"https:\/\/spinmamacasino.org\/pl\/","name":"Spinmama","description":"","publisher":{"@id":"https:\/\/spinmamacasino.org\/pl\/#organization"},"potentialAction":[{"@type":"SearchAction","target":{"@type":"EntryPoint","urlTemplate":"https:\/\/spinmamacasino.org\/pl\/?s={search_term_string}"},"query-input":{"@type":"PropertyValueSpecification","valueRequired":true,"valueName":"search_term_string"}}],"inLanguage":"pl-PL"},{"@type":"Organization","@id":"https:\/\/spinmamacasino.org\/pl\/#organization","name":"Spinmama","url":"https:\/\/spinmamacasino.org\/pl\/","logo":{"@type":"ImageObject","inLanguage":"pl-PL","@id":"https:\/\/spinmamacasino.org\/pl\/#\/schema\/logo\/image\/","url":"https:\/\/spinmamacasino.org\/wp-content\/uploads\/2026\/05\/Casino-logo-Desktop.png","contentUrl":"https:\/\/spinmamacasino.org\/wp-content\/uploads\/2026\/05\/Casino-logo-Desktop.png","width":320,"height":80,"caption":"Spinmama"},"image":{"@id":"https:\/\/spinmamacasino.org\/pl\/#\/schema\/logo\/image\/"}}]}},"_links":{"self":[{"href":"https:\/\/spinmamacasino.org\/pl\/wp-json\/wp\/v2\/pages\/1453","targetHints":{"allow":["GET"]}}],"collection":[{"href":"https:\/\/spinmamacasino.org\/pl\/wp-json\/wp\/v2\/pages"}],"about":[{"href":"https:\/\/spinmamacasino.org\/pl\/wp-json\/wp\/v2\/types\/page"}],"author":[{"embeddable":true,"href":"https:\/\/spinmamacasino.org\/pl\/wp-json\/wp\/v2\/users\/1"}],"replies":[{"embeddable":true,"href":"https:\/\/spinmamacasino.org\/pl\/wp-json\/wp\/v2\/comments?post=1453"}],"version-history":[{"count":3,"href":"https:\/\/spinmamacasino.org\/pl\/wp-json\/wp\/v2\/pages\/1453\/revisions"}],"predecessor-version":[{"id":1834,"href":"https:\/\/spinmamacasino.org\/pl\/wp-json\/wp\/v2\/pages\/1453\/revisions\/1834"}],"wp:attachment":[{"href":"https:\/\/spinmamacasino.org\/pl\/wp-json\/wp\/v2\/media?parent=1453"}],"curies":[{"name":"wp","href":"https:\/\/api.w.org\/{rel}","templated":true}]}}