{"id":1415,"date":"2026-05-04T13:53:17","date_gmt":"2026-05-04T12:53:17","guid":{"rendered":"https:\/\/spinmamacasino.org\/app\/"},"modified":"2026-05-05T09:34:17","modified_gmt":"2026-05-05T08:34:17","slug":"aplicacao","status":"publish","type":"page","link":"https:\/\/spinmamacasino.org\/pt-pt\/aplicacao\/","title":{"rendered":"Aplica\u00e7\u00e3o"},"content":{"rendered":"<h1>Aplica\u00e7\u00e3o Spinmama: jogue no iOS e no Android<\/h1>\n<p>Spinmama app \u00e9 a nossa melhor op\u00e7\u00e3o para fazer uma pausa nos jogos no computador e passar para o formato port\u00e1til. Todos os jogadores portugueses podem desfrutar do vasto cat\u00e1logo da Spinmama e sentir a emo\u00e7\u00e3o de jogar em smartphones logo ap\u00f3s uma instala\u00e7\u00e3o r\u00e1pida e sem complica\u00e7\u00f5es da nossa PWA mais moderna e sofisticada. Se procura jogos online fi\u00e1veis e quer ser sempre notificado sobre as nossas \u00faltimas ofertas, ent\u00e3o tem definitivamente de experimentar a nossa pr\u00e1tica vers\u00e3o m\u00f3vel.<\/p>\n<div class=\"banner-wrap\" aria-label=\"Banner\"><img src=\"https:\/\/spinmamacasino.org\/wp-content\/uploads\/2026\/05\/Spinmama-banner-desktop.webp\" class=\"w-100 d-none d-lg-block img-pc main-banner-img\" alt=\"Spinmama banner desktop\" fetchpriority=\"high\" decoding=\"async\"><img src=\"https:\/\/spinmamacasino.org\/wp-content\/uploads\/2026\/05\/Spinmama-banner-mobile.webp\" class=\"w-100 d-none d-md-block d-lg-none main-banner-img\" alt=\"Spinmama banner mobile\" fetchpriority=\"high\" decoding=\"async\"><img src=\"https:\/\/spinmamacasino.org\/wp-content\/uploads\/2026\/05\/Spinmama-banner-mobile.webp\" class=\"w-100 d-md-none\" alt=\"Spinmama banner mobile\" fetchpriority=\"high\" decoding=\"async\"><div class=\"banner-description\">\n<div class=\"banner-title\">B\u00f3nus de Boas-Vindas<\/div>\n<p class=\"banner-header-title\">1500 \u20ac<\/p>\n<div class=\"banner-header-AdditionalText\">+ 250 Rodadas Gr\u00e1tis<\/div>\n<button data-item=\"homepage_banner_link\" class=\"goto m-button m-gradient-border m-button--primary m-button--large banner-button btn-orange\">\n            <div class=\"m-button-content\">\n                <span>Registe-se agora<\/span>\n                <span><\/span>\n            <\/div>\n        <\/button>\n<\/div>\n<div class=\"WelcomePack\">\n<p><img loading=\"lazy\" decoding=\"async\" class=\"alignnone size-full wp-image-1339\" src=\"https:\/\/spinmamacasino.org\/wp-content\/uploads\/2026\/05\/welcome-crown.png\" alt=\"crown\" width=\"25\" height=\"26\" \/><\/p>\n<div class=\"WelcomePack-Info\">Cashback semanal at\u00e9 25%<\/div>\n<p><img loading=\"lazy\" decoding=\"async\" class=\"alignnone size-full wp-image-1339\" src=\"https:\/\/spinmamacasino.org\/wp-content\/uploads\/2026\/05\/welcome-crown.png\" alt=\"crown\" width=\"25\" height=\"26\" \/><\/p>\n<\/div>\n<\/div>\n<h2>Vantagens e funcionalidades da aplica\u00e7\u00e3o Spinmama<\/h2>\n<p>A aplica\u00e7\u00e3o Spinmama estabelece um novo padr\u00e3o de refer\u00eancia nos jogos de casino m\u00f3veis. Pretendemos impression\u00e1-lo assim que iniciar sess\u00e3o no seu telem\u00f3vel \u2014 desempenho melhorado, jogo fluido, excelentes gr\u00e1ficos e um design intuitivo com todas as funcionalidades e separadores necess\u00e1rios \u2014 tudo isto espera por si.<\/p>\n<p>A aplica\u00e7\u00e3o oferece um espa\u00e7o dedicado para jogar. Tudo est\u00e1 dispon\u00edvel no seu smartphone:<\/p>\n<ul>\n<li>P\u00e1gina principal com todas as ofertas de boas-vindas e b\u00f3nus, \u00abJogos em Destaque\u00bb, \u00abJogos em Alta\u00bb, \u00abJogos ao Vivo\u00bb e \u00abNovos Jogos\u00bb para voc\u00ea conferir.<\/li>\n<li>O separador oculto (e mais importante) \u00e0 esquerda \u00e9 para B\u00f3nus, Atividades, Fidelidade, reembolso e promo\u00e7\u00f5es.<\/li>\n<li>Centro de Ajuda com as perguntas mais frequentes e um bot\u00e3o para apoio por chat ao vivo.<\/li>\n<\/ul>\n<p>Estamos sempre a trabalhar para melhorar a capacidade de resposta e a estabilidade dos jogos, mesmo em dispositivos menos potentes do que os suportados pelo navegador. O design \u00e9 simplificado, com um baixo consumo de mem\u00f3ria, ao mesmo tempo que oferece gr\u00e1ficos e intera\u00e7\u00f5es superiores. As atualiza\u00e7\u00f5es regulares mant\u00eam a aplica\u00e7\u00e3o atualizada com novas funcionalidades e patches de seguran\u00e7a, garantindo transi\u00e7\u00f5es de jogo sem interrup\u00e7\u00f5es.<\/p>\n<p><div class=\"scrollable-content-wrap my-5\"><div class=\"scrollable-content-inner\"><h2>Principais diferen\u00e7as entre a experi\u00eancia PWA e o jogo no computador<\/h2>\n<p>Tentaremos ilustrar-lhe que, embora ambas as plataformas proporcionem uma excelente experi\u00eancia de jogo, a aplica\u00e7\u00e3o Spinmama oferece maior flexibilidade e conveni\u00eancia, tornando-a ideal para jogos m\u00f3veis.<\/p>\n<table>\n<tbody>\n<tr>\n<td>Funcionalidade<\/td>\n<td>Aplica\u00e7\u00e3o Spin Mama (PWA)<\/td>\n<td>Vers\u00e3o para computador<\/td>\n<\/tr>\n<tr>\n<td>Acessibilidade<\/td>\n<td>Instant\u00e2nea, sem necessidade de instala\u00e7\u00e3o<\/td>\n<td>Requer download de software ou acesso pelo navegador<\/td>\n<\/tr>\n<tr>\n<td>Compatibilidade com dispositivos<\/td>\n<td>Otimizado para dispositivos m\u00f3veis<\/td>\n<td>Concebido para PCs e iPads<\/td>\n<\/tr>\n<tr>\n<td>Desempenho<\/td>\n<td>Tempos de carregamento r\u00e1pidos, atrasos minimizados, menos bloqueios<\/td>\n<td>Todas as funcionalidades de hardware<\/td>\n<\/tr>\n<tr>\n<td>Seguran\u00e7a<\/td>\n<td>Liga\u00e7\u00f5es encriptadas, in\u00edcio de sess\u00e3o seguro no Spinmama<\/td>\n<td>Alta seguran\u00e7a, autentica\u00e7\u00e3o complexa<\/td>\n<\/tr>\n<tr>\n<td>Notifica\u00e7\u00f5es<\/td>\n<td>Notifica\u00e7\u00f5es push para promo\u00e7\u00f5es e not\u00edcias, atividades na conta<\/td>\n<td>Sem suporte para notifica\u00e7\u00f5es push diretas<\/td>\n<\/tr>\n<tr>\n<td>Jogabilidade<\/td>\n<td>Controlos t\u00e1teis, interface responsiva<\/td>\n<td>Navega\u00e7\u00e3o com rato e teclado<\/td>\n<\/tr>\n<tr>\n<td>Armazenamento<\/td>\n<td>Espa\u00e7o de armazenamento m\u00ednimo necess\u00e1rio<\/td>\n<td>Sem limita\u00e7\u00f5es de armazenamento<\/td>\n<\/tr>\n<\/tbody>\n<\/table>\n<p>A aplica\u00e7\u00e3o Spinmama \u00e9 f\u00e1cil de instalar em telem\u00f3veis e computadores. Num iPhone, os jogadores apenas t\u00eam de adicionar a aplica\u00e7\u00e3o atrav\u00e9s do menu do navegador, o que instala um atalho da aplica\u00e7\u00e3o no ecr\u00e3 inicial. Para dispositivos Android, a aplica\u00e7\u00e3o pode ser descarregada a partir do site clicando no bot\u00e3o de ajuda m\u00faltipla \u00abCasino App\u00bb, que redireciona para a nossa PWA. J\u00e1 os utilizadores de computadores podem simplesmente aceder ao site do casino e iniciar sess\u00e3o atrav\u00e9s do seu navegador. Abordaremos este assunto com mais detalhe abaixo para cada tipo de dispositivo.<\/p>\n<p>A aplica\u00e7\u00e3o foi concebida para funcionar com:<\/p>\n<ul>\n<li>Smartphones e tablets topo de gama.<\/li>\n<li>Dispositivos b\u00e1sicos com desempenho reduzido.<\/li>\n<li>Computadores de secret\u00e1ria e port\u00e1teis.<\/li>\n<\/ul>\n<\/div><\/div><div style=\"clear: both\"><\/div><div class=\"d-flex justify-content-center\"><button data-item=\"decouvrez_link\" data-group=\"website_links\" class=\"goto fw-bold rounded-pill btn btn-orange\" aria-label=\"Descarregue a aplica\u00e7\u00e3o Spinmama\" >Descarregue a aplica\u00e7\u00e3o Spinmama<\/button><\/div><div class=\"scrollable-content-wrap my-5\"><div class=\"scrollable-content-inner\"><h2>Aplica\u00e7\u00e3o m\u00f3vel para iOS<\/h2>\n<p>A aplica\u00e7\u00e3o Spinmama para iOS oferece um processo de instala\u00e7\u00e3o simples, sem passar pela App Store. Para utilizar a aplica\u00e7\u00e3o, os nossos jogadores t\u00eam de aceder ao site do Spin Mama Casino e adicionar a aplica\u00e7\u00e3o ao ecr\u00e3 inicial. O processo de instala\u00e7\u00e3o \u00e9 f\u00e1cil:<\/p>\n<ol>\n<li>Inicie sess\u00e3o no site do Spinmama Casino.<\/li>\n<li>Clique nos tr\u00eas pontos na barra de endere\u00e7os.<\/li>\n<li>Toque no bot\u00e3o \u00abAdicionar ao ecr\u00e3 inicial\u00bb.<\/li>\n<li>Confirme e o \u00edcone da aplica\u00e7\u00e3o ser\u00e1 adicionado ao seu ecr\u00e3 inicial.<\/li>\n<\/ol>\n<p>Depois de descarregado, o aplicativo Spinmama para iOS apresenta um design responsivo adequado para iPhones e iPads. Permite acesso f\u00e1cil a uma ampla variedade de slots online. Jogos de casino ao vivo e torneios tamb\u00e9m est\u00e3o dispon\u00edveis. Aproveita as medidas de seguran\u00e7a do iOS e possui notifica\u00e7\u00f5es push para informar os utilizadores sobre ofertas e novidades.<\/p>\n<p><img loading=\"lazy\" decoding=\"async\" src=\"https:\/\/spinmamacasino.org\/wp-content\/uploads\/Spinmama-iOS-App.webp\" alt=\"Spinmama iOS App\" width=\"1248\" height=\"536\" \/><\/p>\n<\/div><\/div><div style=\"clear: both\"><\/div><div class=\"d-flex justify-content-center\"><button data-item=\"decouvrez_link\" data-group=\"website_links\" class=\"goto fw-bold rounded-pill btn btn-orange\" aria-label=\"Descarregue Spinmama\" >Descarregue Spinmama<\/button><\/div><div class=\"scrollable-content-wrap my-5\"><div class=\"scrollable-content-inner\"><h2>Aplica\u00e7\u00e3o Spinmama para Android<\/h2>\n<p>Se tiver um dispositivo Android, tudo \u00e9 igualmente f\u00e1cil. A aplica\u00e7\u00e3o Spinmama tamb\u00e9m est\u00e1 dispon\u00edvel para utilizadores de Android na forma de uma Progressive Web App (PWA) simplificada. \u00c9 f\u00e1cil de instalar:<\/p>\n<ol>\n<li>Aceda ao site do Spin Mama Casino.<\/li>\n<li>Clique no bot\u00e3o \u00abCasino App\u00bb para instalar a PWA.<\/li>\n<li>Clique no bot\u00e3o seguinte chamado \u00abInstall\u00bb.<\/li>\n<li>Toque em OK e prossiga com o processo de instala\u00e7\u00e3o.<\/li>\n<li>Mais tarde, pode adicionar a nossa Spin Mama ao ecr\u00e3 inicial, tal como os utilizadores da Apple gostam de fazer.<\/li>\n<\/ol>\n<p>E pronto \u2014 j\u00e1 tem a nossa aplica\u00e7\u00e3o no seu ecr\u00e3, pronta a jogar! \u00c9 compat\u00edvel com o Android 8.0 e vers\u00f5es posteriores, funcionando na maioria dos dispositivos. A interface t\u00e1til da aplica\u00e7\u00e3o \u00e9 sens\u00edvel e responsiva, facilitando a jogabilidade em telem\u00f3veis e tablets.<\/p>\n<p><img loading=\"lazy\" decoding=\"async\" src=\"https:\/\/spinmamacasino.org\/wp-content\/uploads\/Spinmama-Android-App.webp\" alt=\"Spinmama Android App\" width=\"1248\" height=\"536\" \/><\/p>\n<\/div><\/div><div style=\"clear: both\"><\/div><div class=\"d-flex justify-content-center\"><button data-item=\"decouvrez_link\" data-group=\"website_links\" class=\"goto fw-bold rounded-pill btn btn-orange\" aria-label=\"Descarregue a aplica\u00e7\u00e3o Spinmama\" >Descarregue a aplica\u00e7\u00e3o Spinmama<\/button><\/div><div class=\"scrollable-content-wrap my-5\"><div class=\"scrollable-content-inner\"><h2>Jogue no Spin Mama Casino no Mac ou Windows<\/h2>\n<p>A vers\u00e3o para computador do Spinmama Casino est\u00e1 totalmente sincronizada entre o Windows e o macOS atrav\u00e9s de um navegador web. No computador, pode desfrutar de uma melhor sele\u00e7\u00e3o de jogos, o que \u00e9 muito mais \u00fatil para jogos com crupi\u00ea ao vivo, uma vez que os detalhes s\u00e3o importantes. Para jogar o Spinmama num computador:<\/p>\n<ol>\n<li>Aceda ao site atrav\u00e9s de um atalho ou do navegador.<\/li>\n<li>Introduza as suas informa\u00e7\u00f5es de login.<\/li>\n<li>Aceda imediatamente a todas as nossas slots online, jogos de cartas e jogos com crupi\u00ea ao vivo!<\/li>\n<\/ol>\n<p>A vers\u00e3o para computador \u00e9 compat\u00edvel com todos os principais navegadores e garante seguran\u00e7a. Oferece uma experi\u00eancia de utilizador perfeita em v\u00e1rios dispositivos, com atualiza\u00e7\u00f5es em tempo real dos detalhes da conta e do progresso do jogo. Pode ver todos os movimentos do seu saldo num painel de controlo.<\/p>\n<p><img loading=\"lazy\" decoding=\"async\" src=\"https:\/\/spinmamacasino.org\/wp-content\/uploads\/Spinmama-Desktop.webp\" alt=\"Spinmama Desktop\" width=\"1248\" height=\"536\" \/><\/p>\n<\/div><\/div><div style=\"clear: both\"><\/div><div class=\"d-flex justify-content-center\"><button data-item=\"decouvrez_link\" data-group=\"website_links\" class=\"goto fw-bold rounded-pill btn btn-orange\" aria-label=\"Descarregue Spinmama\" >Descarregue Spinmama<\/button><\/div><div class=\"scrollable-content-wrap my-5\"><div class=\"scrollable-content-inner\"><h2>Perguntas frequentes<\/h2>\n<h3>Tenho acesso aos mesmos jogos no telem\u00f3vel que no computador?<\/h3>\n<p>Sim, pode jogar todos os jogos dispon\u00edveis no computador, tais como slots online, jogos de mesa e crupi\u00eas ao vivo. Sincronizamos tudo, pelo que o que fizer no seu PC ser\u00e1 automaticamente refletido no seu telem\u00f3vel e vice-versa.<\/p>\n<h3>O meu saldo \u00e9 sincronizado em tempo real entre dispositivos?<\/h3>\n<p>Em tempo real, sim. O Spinmama Casino utiliza uma sincroniza\u00e7\u00e3o segura em tempo real para manter o seu saldo e progresso de jogo atualizados em todos os dispositivos.<\/p>\n<h3>A aplica\u00e7\u00e3o suporta notifica\u00e7\u00f5es push?<\/h3>\n<p>A aplica\u00e7\u00e3o Spinmama oferece notifica\u00e7\u00f5es push para promo\u00e7\u00f5es, eventos no jogo e atualiza\u00e7\u00f5es da conta. Tamb\u00e9m pode inscrever-se para receber as nossas not\u00edcias e eventos interessantes. No seu telem\u00f3vel, poder\u00e1 ver um pop-up da Spin Mama a convid\u00e1-lo a experimentar algo novo ou algumas mensagens da equipa de apoio sobre o seu processo de verifica\u00e7\u00e3o.<\/p>\n<h3>A PWA funcionar\u00e1 bem em dispositivos mais antigos?<\/h3>\n<p>A PWA do Spinmama Casino foi concebida para ser r\u00e1pida, mas poder\u00e1 encontrar problemas em dispositivos mais antigos com hardware e software desatualizados. No entanto, espera-se que funcione sem problemas na maioria dos smartphones e tablets. Tente n\u00e3o instalar a nossa aplica\u00e7\u00e3o Spinmama em telem\u00f3veis muito antigos e funcionar\u00e1 muito bem.<\/p>\n<\/div><\/div><\/p>\n","protected":false},"excerpt":{"rendered":"<p>Aplica\u00e7\u00e3o Spinmama: jogue no iOS e no Android Spinmama app \u00e9 a nossa melhor op\u00e7\u00e3o para fazer uma pausa nos jogos no computador e passar para o formato port\u00e1til. Todos os jogadores portugueses podem desfrutar do vasto cat\u00e1logo da Spinmama e sentir a emo\u00e7\u00e3o de jogar em smartphones logo ap\u00f3s uma instala\u00e7\u00e3o r\u00e1pida e sem [&hellip;]<\/p>\n","protected":false},"author":1,"featured_media":0,"parent":0,"menu_order":0,"comment_status":"closed","ping_status":"closed","template":"template-builder.php","meta":{"_acf_changed":false,"inline_featured_image":false,"footnotes":""},"class_list":["post-1415","page","type-page","status-publish","hentry"],"acf":[],"yoast_head":"<!-- This site is optimized with the Yoast SEO plugin v27.3 - https:\/\/yoast.com\/product\/yoast-seo-wordpress\/ -->\n<title>Spinmama App: casino PWA no telem\u00f3vel, tablet e PC<\/title>\n<meta name=\"description\" content=\"A Spin Mama App funciona como PWA em iOS, Android, Mac e Windows, para que a possas usar sem um download tradicional a partir de uma loja. Abre-a no Safari ou no Google Chrome, adiciona-a ao ecr\u00e3 principal e mant\u00e9m o saldo e a atividade da conta sincronizados entre dispositivos.\" \/>\n<meta name=\"robots\" content=\"index, follow, max-snippet:-1, max-image-preview:large, max-video-preview:-1\" \/>\n<link rel=\"canonical\" href=\"https:\/\/spinmamacasino.org\/pt-pt\/aplicacao\/\" \/>\n<meta property=\"og:locale\" content=\"pt_PT\" \/>\n<meta property=\"og:type\" content=\"article\" \/>\n<meta property=\"og:title\" content=\"Spinmama App: casino PWA no telem\u00f3vel, tablet e PC\" \/>\n<meta property=\"og:description\" content=\"A Spin Mama App funciona como PWA em iOS, Android, Mac e Windows, para que a possas usar sem um download tradicional a partir de uma loja. Abre-a no Safari ou no Google Chrome, adiciona-a ao ecr\u00e3 principal e mant\u00e9m o saldo e a atividade da conta sincronizados entre dispositivos.\" \/>\n<meta property=\"og:url\" content=\"https:\/\/spinmamacasino.org\/pt-pt\/aplicacao\/\" \/>\n<meta property=\"og:site_name\" content=\"spinmama\" \/>\n<meta property=\"article:modified_time\" content=\"2026-05-05T08:34:17+00:00\" \/>\n<meta name=\"twitter:card\" content=\"summary_large_image\" \/>\n<meta name=\"twitter:label1\" content=\"Est. reading time\" \/>\n\t<meta name=\"twitter:data1\" content=\"2 minutes\" \/>\n<script type=\"application\/ld+json\" class=\"yoast-schema-graph\">{\"@context\":\"https:\\\/\\\/schema.org\",\"@graph\":[{\"@type\":\"WebPage\",\"@id\":\"https:\\\/\\\/spinmamacasino.org\\\/pt-pt\\\/aplicacao\\\/\",\"url\":\"https:\\\/\\\/spinmamacasino.org\\\/pt-pt\\\/aplicacao\\\/\",\"name\":\"Spinmama App: casino PWA no telem\u00f3vel, tablet e PC\",\"isPartOf\":{\"@id\":\"https:\\\/\\\/spinmamacasino.org\\\/pt-pt\\\/#website\"},\"datePublished\":\"2026-05-04T12:53:17+00:00\",\"dateModified\":\"2026-05-05T08:34:17+00:00\",\"description\":\"A Spin Mama App funciona como PWA em iOS, Android, Mac e Windows, para que a possas usar sem um download tradicional a partir de uma loja. Abre-a no Safari ou no Google Chrome, adiciona-a ao ecr\u00e3 principal e mant\u00e9m o saldo e a atividade da conta sincronizados entre dispositivos.\",\"breadcrumb\":{\"@id\":\"https:\\\/\\\/spinmamacasino.org\\\/pt-pt\\\/aplicacao\\\/#breadcrumb\"},\"inLanguage\":\"pt-PT\",\"potentialAction\":[{\"@type\":\"ReadAction\",\"target\":[\"https:\\\/\\\/spinmamacasino.org\\\/pt-pt\\\/aplicacao\\\/\"]}]},{\"@type\":\"BreadcrumbList\",\"@id\":\"https:\\\/\\\/spinmamacasino.org\\\/pt-pt\\\/aplicacao\\\/#breadcrumb\",\"itemListElement\":[{\"@type\":\"ListItem\",\"position\":1,\"name\":\"Spinmama\",\"item\":\"https:\\\/\\\/spinmamacasino.org\\\/pt-pt\\\/\"},{\"@type\":\"ListItem\",\"position\":2,\"name\":\"Aplica\u00e7\u00e3o\"}]},{\"@type\":\"WebSite\",\"@id\":\"https:\\\/\\\/spinmamacasino.org\\\/pt-pt\\\/#website\",\"url\":\"https:\\\/\\\/spinmamacasino.org\\\/pt-pt\\\/\",\"name\":\"Spinmama\",\"description\":\"\",\"publisher\":{\"@id\":\"https:\\\/\\\/spinmamacasino.org\\\/pt-pt\\\/#organization\"},\"potentialAction\":[{\"@type\":\"SearchAction\",\"target\":{\"@type\":\"EntryPoint\",\"urlTemplate\":\"https:\\\/\\\/spinmamacasino.org\\\/pt-pt\\\/?s={search_term_string}\"},\"query-input\":{\"@type\":\"PropertyValueSpecification\",\"valueRequired\":true,\"valueName\":\"search_term_string\"}}],\"inLanguage\":\"pt-PT\"},{\"@type\":\"Organization\",\"@id\":\"https:\\\/\\\/spinmamacasino.org\\\/pt-pt\\\/#organization\",\"name\":\"Spinmama\",\"url\":\"https:\\\/\\\/spinmamacasino.org\\\/pt-pt\\\/\",\"logo\":{\"@type\":\"ImageObject\",\"inLanguage\":\"pt-PT\",\"@id\":\"https:\\\/\\\/spinmamacasino.org\\\/pt-pt\\\/#\\\/schema\\\/logo\\\/image\\\/\",\"url\":\"https:\\\/\\\/spinmamacasino.org\\\/wp-content\\\/uploads\\\/2026\\\/05\\\/Casino-logo-Desktop.png\",\"contentUrl\":\"https:\\\/\\\/spinmamacasino.org\\\/wp-content\\\/uploads\\\/2026\\\/05\\\/Casino-logo-Desktop.png\",\"width\":320,\"height\":80,\"caption\":\"Spinmama\"},\"image\":{\"@id\":\"https:\\\/\\\/spinmamacasino.org\\\/pt-pt\\\/#\\\/schema\\\/logo\\\/image\\\/\"}}]}<\/script>\n<!-- \/ Yoast SEO plugin. -->","yoast_head_json":{"title":"Spinmama App: casino PWA no telem\u00f3vel, tablet e PC","description":"A Spin Mama App funciona como PWA em iOS, Android, Mac e Windows, para que a possas usar sem um download tradicional a partir de uma loja. Abre-a no Safari ou no Google Chrome, adiciona-a ao ecr\u00e3 principal e mant\u00e9m o saldo e a atividade da conta sincronizados entre dispositivos.","robots":{"index":"index","follow":"follow","max-snippet":"max-snippet:-1","max-image-preview":"max-image-preview:large","max-video-preview":"max-video-preview:-1"},"canonical":"https:\/\/spinmamacasino.org\/pt-pt\/aplicacao\/","og_locale":"pt_PT","og_type":"article","og_title":"Spinmama App: casino PWA no telem\u00f3vel, tablet e PC","og_description":"A Spin Mama App funciona como PWA em iOS, Android, Mac e Windows, para que a possas usar sem um download tradicional a partir de uma loja. Abre-a no Safari ou no Google Chrome, adiciona-a ao ecr\u00e3 principal e mant\u00e9m o saldo e a atividade da conta sincronizados entre dispositivos.","og_url":"https:\/\/spinmamacasino.org\/pt-pt\/aplicacao\/","og_site_name":"spinmama","article_modified_time":"2026-05-05T08:34:17+00:00","twitter_card":"summary_large_image","twitter_misc":{"Est. reading time":"2 minutes"},"schema":{"@context":"https:\/\/schema.org","@graph":[{"@type":"WebPage","@id":"https:\/\/spinmamacasino.org\/pt-pt\/aplicacao\/","url":"https:\/\/spinmamacasino.org\/pt-pt\/aplicacao\/","name":"Spinmama App: casino PWA no telem\u00f3vel, tablet e PC","isPartOf":{"@id":"https:\/\/spinmamacasino.org\/pt-pt\/#website"},"datePublished":"2026-05-04T12:53:17+00:00","dateModified":"2026-05-05T08:34:17+00:00","description":"A Spin Mama App funciona como PWA em iOS, Android, Mac e Windows, para que a possas usar sem um download tradicional a partir de uma loja. Abre-a no Safari ou no Google Chrome, adiciona-a ao ecr\u00e3 principal e mant\u00e9m o saldo e a atividade da conta sincronizados entre dispositivos.","breadcrumb":{"@id":"https:\/\/spinmamacasino.org\/pt-pt\/aplicacao\/#breadcrumb"},"inLanguage":"pt-PT","potentialAction":[{"@type":"ReadAction","target":["https:\/\/spinmamacasino.org\/pt-pt\/aplicacao\/"]}]},{"@type":"BreadcrumbList","@id":"https:\/\/spinmamacasino.org\/pt-pt\/aplicacao\/#breadcrumb","itemListElement":[{"@type":"ListItem","position":1,"name":"Spinmama","item":"https:\/\/spinmamacasino.org\/pt-pt\/"},{"@type":"ListItem","position":2,"name":"Aplica\u00e7\u00e3o"}]},{"@type":"WebSite","@id":"https:\/\/spinmamacasino.org\/pt-pt\/#website","url":"https:\/\/spinmamacasino.org\/pt-pt\/","name":"Spinmama","description":"","publisher":{"@id":"https:\/\/spinmamacasino.org\/pt-pt\/#organization"},"potentialAction":[{"@type":"SearchAction","target":{"@type":"EntryPoint","urlTemplate":"https:\/\/spinmamacasino.org\/pt-pt\/?s={search_term_string}"},"query-input":{"@type":"PropertyValueSpecification","valueRequired":true,"valueName":"search_term_string"}}],"inLanguage":"pt-PT"},{"@type":"Organization","@id":"https:\/\/spinmamacasino.org\/pt-pt\/#organization","name":"Spinmama","url":"https:\/\/spinmamacasino.org\/pt-pt\/","logo":{"@type":"ImageObject","inLanguage":"pt-PT","@id":"https:\/\/spinmamacasino.org\/pt-pt\/#\/schema\/logo\/image\/","url":"https:\/\/spinmamacasino.org\/wp-content\/uploads\/2026\/05\/Casino-logo-Desktop.png","contentUrl":"https:\/\/spinmamacasino.org\/wp-content\/uploads\/2026\/05\/Casino-logo-Desktop.png","width":320,"height":80,"caption":"Spinmama"},"image":{"@id":"https:\/\/spinmamacasino.org\/pt-pt\/#\/schema\/logo\/image\/"}}]}},"_links":{"self":[{"href":"https:\/\/spinmamacasino.org\/pt-pt\/wp-json\/wp\/v2\/pages\/1415","targetHints":{"allow":["GET"]}}],"collection":[{"href":"https:\/\/spinmamacasino.org\/pt-pt\/wp-json\/wp\/v2\/pages"}],"about":[{"href":"https:\/\/spinmamacasino.org\/pt-pt\/wp-json\/wp\/v2\/types\/page"}],"author":[{"embeddable":true,"href":"https:\/\/spinmamacasino.org\/pt-pt\/wp-json\/wp\/v2\/users\/1"}],"replies":[{"embeddable":true,"href":"https:\/\/spinmamacasino.org\/pt-pt\/wp-json\/wp\/v2\/comments?post=1415"}],"version-history":[{"count":3,"href":"https:\/\/spinmamacasino.org\/pt-pt\/wp-json\/wp\/v2\/pages\/1415\/revisions"}],"predecessor-version":[{"id":1888,"href":"https:\/\/spinmamacasino.org\/pt-pt\/wp-json\/wp\/v2\/pages\/1415\/revisions\/1888"}],"wp:attachment":[{"href":"https:\/\/spinmamacasino.org\/pt-pt\/wp-json\/wp\/v2\/media?parent=1415"}],"curies":[{"name":"wp","href":"https:\/\/api.w.org\/{rel}","templated":true}]}}