{"id":1454,"date":"2026-05-04T14:36:19","date_gmt":"2026-05-04T13:36:19","guid":{"rendered":"https:\/\/spinmamacasino.org\/login-and-registration\/"},"modified":"2026-05-05T09:35:28","modified_gmt":"2026-05-05T08:35:28","slug":"inicio-de-sessao-e-registo","status":"publish","type":"page","link":"https:\/\/spinmamacasino.org\/pt-pt\/inicio-de-sessao-e-registo\/","title":{"rendered":"In\u00edcio de sess\u00e3o e registo"},"content":{"rendered":"<h1>In\u00edcio de sess\u00e3o no Spinmama<\/h1>\n<p>Todos os jogadores portugueses registados querem saber qual o pr\u00f3ximo passo, e \u00e9 aqui que o Spinmama login entra em a\u00e7\u00e3o. Pode faz\u00ea-lo utilizando o seu computador pessoal ou clicando a partir do seu telem\u00f3vel. Iniciar sess\u00e3o nunca foi t\u00e3o f\u00e1cil, porque fizemos tudo para que todos os utilizadores possam entrar em seguran\u00e7a \u2014 verifica\u00e7\u00e3o 2FA dispon\u00edvel, apenas perfis verificados e a prote\u00e7\u00e3o mais avan\u00e7ada em cada passo \u2014 isto \u00e9 o que obt\u00e9m depois de se registar no Spin Mama Casino.<\/p>\n<p><div class=\"banner-wrap\" aria-label=\"Banner\"><img src=\"https:\/\/spinmamacasino.org\/wp-content\/uploads\/2026\/05\/Spinmama-banner-desktop.webp\" class=\"w-100 d-none d-lg-block img-pc main-banner-img\" alt=\"Spinmama banner desktop\" fetchpriority=\"high\" decoding=\"async\"><img src=\"https:\/\/spinmamacasino.org\/wp-content\/uploads\/2026\/05\/Spinmama-banner-mobile.webp\" class=\"w-100 d-none d-md-block d-lg-none main-banner-img\" alt=\"Spinmama banner mobile\" fetchpriority=\"high\" decoding=\"async\"><img src=\"https:\/\/spinmamacasino.org\/wp-content\/uploads\/2026\/05\/Spinmama-banner-mobile.webp\" class=\"w-100 d-md-none\" alt=\"Spinmama banner mobile\" fetchpriority=\"high\" decoding=\"async\"><div class=\"banner-description\">\n<div class=\"banner-title\">B\u00f3nus de Boas-Vindas<\/div>\n<p class=\"banner-header-title\">1500 \u20ac<\/p>\n<div class=\"banner-header-AdditionalText\">+ 250 Rodadas Gr\u00e1tis<\/div>\n<button data-item=\"homepage_banner_link\" class=\"goto m-button m-gradient-border m-button--primary m-button--large banner-button btn-orange\">\n            <div class=\"m-button-content\">\n                <span>Registe-se agora<\/span>\n                <span><\/span>\n            <\/div>\n        <\/button>\n<\/div>\n<div class=\"WelcomePack\">\n<p><img loading=\"lazy\" decoding=\"async\" class=\"alignnone size-full wp-image-1339\" src=\"https:\/\/spinmamacasino.org\/wp-content\/uploads\/2026\/05\/welcome-crown.png\" alt=\"crown\" width=\"25\" height=\"26\" \/><\/p>\n<div class=\"WelcomePack-Info\">Cashback semanal at\u00e9 25%<\/div>\n<p><img loading=\"lazy\" decoding=\"async\" class=\"alignnone size-full wp-image-1339\" src=\"https:\/\/spinmamacasino.org\/wp-content\/uploads\/2026\/05\/welcome-crown.png\" alt=\"crown\" width=\"25\" height=\"26\" \/><\/p>\n<\/div>\n<\/div><div class=\"scrollable-content-wrap my-5\"><div class=\"scrollable-content-inner\"><h2>Registo no Spinmama Casino<\/h2>\n<p>Esfor\u00e7amo-nos sempre ao m\u00e1ximo para tornar o nosso casino online intuitivo, especialmente nos primeiros passos. Compreendemos que n\u00e3o \u00e9 assim t\u00e3o f\u00e1cil compreender de imediato todas as funcionalidades e opera\u00e7\u00f5es da nova plataforma. Por isso, n\u00e3o se preocupe! Para se registar e iniciar sess\u00e3o no Spinmama Casino bastam apenas alguns cliques e, a partir da\u00ed, ter\u00e1 acesso a um vasto cat\u00e1logo de jogos, a uma comunidade acolhedora de pessoas com interesses semelhantes e a apoio 24\/7.<\/p>\n<h2>Crie uma conta em dois passos<\/h2>\n<p>O registo \u00e9 uma das coisas mais f\u00e1ceis que pode fazer quando quer aderir ao Spin Mama. Deixe-nos mostrar-lhe como pode registar-se sozinho e n\u00e3o demorar mais de um minuto no processo:<\/p>\n<ol>\n<li>Abre o site do Spinmama.<\/li>\n<li>Preste aten\u00e7\u00e3o ao canto superior direito e clique no bot\u00e3o \u00abRegiste-se\u00bb.<\/li>\n<li>Clique aqui e abra o pequeno formul\u00e1rio de registo.<\/li>\n<li>Insira apenas o endere\u00e7o de e-mail ativo que utiliza diariamente \u2014 enviar-lhe-emos um link.<\/li>\n<li>Crie uma palavra-passe que seja praticamente imposs\u00edvel de hackear e guarde-a num local seguro (gestor de palavras-passe, anote-a num papel, etc.).<\/li>\n<li>Leia atentamente (recomendado) e aceite os nossos Termos e Condi\u00e7\u00f5es.<\/li>\n<li>Adicione quaisquer c\u00f3digos promocionais, caso os tenha.<\/li>\n<li>Marque a op\u00e7\u00e3o para receber as nossas newsletters promocionais e manter-se em contacto.<\/li>\n<li>Clique em \u00abRegiste-se\u00bb.<\/li>\n<li>V\u00e1 \u00e0 sua caixa de entrada e procure a mensagem do Spinmama Casino.<\/li>\n<li>Siga os passos indicados no e-mail de confirma\u00e7\u00e3o e conclua o processo.<\/li>\n<\/ol>\n<p>Como v\u00ea, nada de especial, mas tudo \u00e9 extremamente pr\u00e1tico e super \u00fatil. Sem passos adicionais, sem manobras pouco convencionais que atrapalhem o processo.<\/p>\n<p><img loading=\"lazy\" decoding=\"async\" src=\"https:\/\/spinmamacasino.org\/wp-content\/uploads\/Spinmama-Login.webp\" alt=\"Spinmama Login\" width=\"1248\" height=\"536\" \/><\/p>\n<h2>Inicie sess\u00e3o e fa\u00e7a a gest\u00e3o da sua conta Spinmama<\/h2>\n<p>Ainda mais f\u00e1cil ser\u00e1 fazer o seu primeiro login no Spinmama ap\u00f3s o registo, porque, basicamente, basta introduzir as suas credenciais novamente. Vamos mostrar-lhe com mais detalhe como se faz.<\/p>\n<table>\n<tbody>\n<tr>\n<td>Passo 1<\/td>\n<td>Abre o site do Spin Mama Casino, a p\u00e1gina onde te registaste.<\/td>\n<\/tr>\n<tr>\n<td>Passo 2<\/td>\n<td>Clique no bot\u00e3o \u00abConecte-se\u00bb que se encontra ao lado do bot\u00e3o de registo.<\/td>\n<\/tr>\n<tr>\n<td>Passo 3<\/td>\n<td>Digite o seu e-mail e a senha que criou<\/td>\n<\/tr>\n<tr>\n<td>Passo 4<\/td>\n<td>Clique em \u201cIniciar sess\u00e3o\u201d e aceda ao seu painel de controlo para ver as novidades e jogar os jogos do Spinmama Casino!<\/td>\n<\/tr>\n<\/tbody>\n<\/table>\n<h3>Como iniciar sess\u00e3o atrav\u00e9s da aplica\u00e7\u00e3o m\u00f3vel<\/h3>\n<p>Se tem receio de que no smartphone tudo seja diferente, podemos garantir que o processo de login no Spinmama ser\u00e1 exatamente o mesmo. No entanto, a natureza m\u00f3vel do nosso casino requer algumas precau\u00e7\u00f5es espec\u00edficas para tornar o processo menos complicado.<\/p>\n<p>Para garantir que a sua conta permanece segura e que o seu processo de login ou registo decorre sem problemas, \u00e9 essencial seguir as melhores pr\u00e1ticas t\u00e9cnicas. Preste muita aten\u00e7\u00e3o ao seu ambiente e aos m\u00e9todos de introdu\u00e7\u00e3o de dados antes de enviar informa\u00e7\u00f5es confidenciais.<\/p>\n<table>\n<tbody>\n<tr>\n<td>Detalhes de seguran\u00e7a<\/td>\n<td>A\u00e7\u00e3o necess\u00e1ria<\/td>\n<td>Por que \u00e9 importante para n\u00f3s e para si<\/td>\n<\/tr>\n<tr>\n<td>Precis\u00e3o da introdu\u00e7\u00e3o de dados<\/td>\n<td>Desative a tecla Caps Lock e verifique o idioma ativo do teclado.<\/td>\n<td>Evita tentativas de login falhadas no Spinmama que podem provocar um bloqueio tempor\u00e1rio da conta.<\/td>\n<\/tr>\n<tr>\n<td>Precis\u00e3o das credenciais<\/td>\n<td>Utilize o endere\u00e7o de e-mail espec\u00edfico associado \u00e0 sua conta e desative o preenchimento autom\u00e1tico.<\/td>\n<td>O preenchimento autom\u00e1tico pode inserir senhas antigas ou incorretas, levando a erros e potenciais alertas de seguran\u00e7a.<\/td>\n<\/tr>\n<tr>\n<td>Integridade da liga\u00e7\u00e3o<\/td>\n<td>Desative VPNs, proxies ou qualquer software de mascaramento de IP.<\/td>\n<td>Por vezes, a Spinmama pode sinalizar a utiliza\u00e7\u00e3o de VPN como atividade suspeita ou uma viola\u00e7\u00e3o dos nossos termos, por isso tenha cuidado com a suspens\u00e3o da conta.<\/td>\n<\/tr>\n<tr>\n<td>Higiene do sistema<\/td>\n<td>Limpe a cache e os cookies do seu navegador pelo menos de vez em quando.<\/td>\n<td>Fa\u00e7a isto para verificar a vers\u00e3o mais recente do site e evitar que dados de sess\u00f5es antigas interfiram no seu login.<\/td>\n<\/tr>\n<\/tbody>\n<\/table>\n<h3>Esqueceu-se da sua palavra-passe?<\/h3>\n<p>Perder as credenciais n\u00e3o \u00e9 um grande problema, porque temos uma forma r\u00e1pida e segura de as recuperar.<\/p>\n<p>Se clicar no bot\u00e3o \u00abEsqueceu-se da sua palavra-passe?\u00bb no formul\u00e1rio de login do Spinmama, ser\u00e1 rapidamente guiado pelo processo de recupera\u00e7\u00e3o de toda a sua conta e credenciais perdidas. Se criar uma palavra-passe mais segura e a guardar num local que n\u00e3o se esque\u00e7a, o seu problema desaparecer\u00e1.<\/p>\n<p>Quando tiver seguido desta vez todos os passos de recupera\u00e7\u00e3o da palavra-passe, minimiza o risco de novas falhas t\u00e9cnicas ou erros de login no Spinmama.<\/p>\n<h2>Verifica\u00e7\u00e3o do Spin Mama Casino<\/h2>\n<p>A seguran\u00e7a \u00e9 a maior prioridade no nosso casino, o Spin Mama. Temos um processo de verifica\u00e7\u00e3o KYC (\u00abKnow Your Customer\u00bb) obrigat\u00f3rio como requisito padr\u00e3o de verifica\u00e7\u00e3o de identidade na nossa plataforma.<\/p>\n<p>\u00c9 fundamental porque saber que todos os nossos jogadores s\u00e3o reais ajuda os nossos sistemas de seguran\u00e7a avan\u00e7ados a manter tudo sob controlo e a combater os jogadores falsos e os bots, que n\u00e3o s\u00f3 prejudicam a seguran\u00e7a como tamb\u00e9m estragam a sua divers\u00e3o na mesa de jogo.<\/p>\n<p>O procedimento KYC (Know Your Customer) \u00e9 um processo de seguran\u00e7a padr\u00e3o utilizado para verificar a sua identidade e proteger a sua conta contra acesso n\u00e3o autorizado e fraude.<\/p>\n<table>\n<tbody>\n<tr>\n<td>Passo<\/td>\n<td>Documentos necess\u00e1rios<\/td>\n<td>Finalidade<\/td>\n<\/tr>\n<tr>\n<td>Verifica\u00e7\u00e3o de identidade<\/td>\n<td>Passaporte v\u00e1lido, carta de condu\u00e7\u00e3o ou cart\u00e3o de identidade nacional.<\/td>\n<td>Comprova o seu nome verdadeiro, data de nascimento e idade legal para participar. Verifica\u00e7\u00e3o da sua \u00e1rea geogr\u00e1fica.<\/td>\n<\/tr>\n<tr>\n<td>Comprovativo de morada<\/td>\n<td>Fatura de servi\u00e7os p\u00fablicos (\u00e1gua\/eletricidade) ou extrato banc\u00e1rio emitido nos \u00faltimos 3 a 6 meses.<\/td>\n<td>Valida o seu local de resid\u00eancia atual e garante o cumprimento dos regulamentos regionais.<\/td>\n<\/tr>\n<tr>\n<td>Verifica\u00e7\u00e3o de pagamento<\/td>\n<td>Envie uma foto e\/ou uma captura de ecr\u00e3 do seu cart\u00e3o banc\u00e1rio (de cr\u00e9dito e d\u00e9bito) e\/ou carteira eletr\u00f3nica.<\/td>\n<td>Confirma que os m\u00e9todos de dep\u00f3sito e levantamento pertencem ao titular da conta.<\/td>\n<\/tr>\n<tr>\n<td>Verifica\u00e7\u00e3o adicional<\/td>\n<td>Selfie adicional com documento de identifica\u00e7\u00e3o, se solicitado pela equipa de apoio, por vezes atrav\u00e9s do chat ao vivo.<\/td>\n<td>Proporciona uma camada extra de seguran\u00e7a para prevenir o roubo de identidade.<\/td>\n<\/tr>\n<\/tbody>\n<\/table>\n<p>Certifique-se de que contacta o nosso apoio multilingue se n\u00e3o compreender algum dos requisitos. Assim que for aprovado, poder\u00e1 depositar e levantar dinheiro da sua conta, desfrutar das vit\u00f3rias nos seus torneios e jogar os jogos mais emocionantes da Spinmama!<\/p>\n<h2>Perguntas frequentes<\/h2>\n<h3>\u00c9 poss\u00edvel alterar as minhas informa\u00e7\u00f5es pessoais ap\u00f3s o registo?<\/h3>\n<p>Pode atualizar as suas informa\u00e7\u00f5es pessoais nas defini\u00e7\u00f5es da sua conta. Isto garante que as informa\u00e7\u00f5es est\u00e3o corretas e atualizadas para verifica\u00e7\u00e3o e f\u00e1cil gest\u00e3o da conta. Basta passar primeiro na verifica\u00e7\u00e3o KYC e a plataforma n\u00e3o sinalizar\u00e1 nada.<\/p>\n<h3>O facto de iniciar sess\u00e3o a partir de um novo pa\u00eds desencadeia verifica\u00e7\u00f5es adicionais?<\/h3>\n<p>Em alguns casos, sim. Monitorizamos jogadores de \u00e1reas restritas, e qualquer manipula\u00e7\u00e3o da geolocaliza\u00e7\u00e3o \u00e9 um sinal de alerta para o sistema do Spin Mama Casino. A utiliza\u00e7\u00e3o de VPNs e o in\u00edcio de sess\u00e3o a partir de um novo pa\u00eds podem desencadear verifica\u00e7\u00f5es adicionais de seguran\u00e7a e conformidade, de acordo com as nossas pol\u00edticas de jogo respons\u00e1vel e de seguran\u00e7a. Isto permite-nos proteger a sua conta e cumprir os requisitos regulamentares.<\/p>\n<h3>O que acontece se introduzir dados incorretos v\u00e1rias vezes?<\/h3>\n<p>Introduzir informa\u00e7\u00f5es de login erradas no Spinmama v\u00e1rias vezes pode bloquear temporariamente a sua conta por motivos de seguran\u00e7a. Poder\u00e1 ter de verificar a sua conta ou redefinir a sua palavra-passe atrav\u00e9s do processo de recupera\u00e7\u00e3o de conta para desbloquear a sua conta.<\/p>\n<h3>Posso criar v\u00e1rias contas no vosso casino online?<\/h3>\n<p>N\u00e3o, \u00e9 contra os nossos termos de servi\u00e7o ter v\u00e1rias contas. Permitimos apenas uma conta por jogador para manter a integridade do jogo e evitar o abuso de b\u00f3nus\/promo\u00e7\u00f5es. Por isso, certifique-se de que est\u00e1 a utilizar um \u00fanico IP, um \u00fanico endere\u00e7o e uma \u00fanica conta para jogar os jogos do Spin Mama.<\/p>\n<\/div><\/div><\/p>\n","protected":false},"excerpt":{"rendered":"<p>In\u00edcio de sess\u00e3o no Spinmama Todos os jogadores portugueses registados querem saber qual o pr\u00f3ximo passo, e \u00e9 aqui que o Spinmama login entra em a\u00e7\u00e3o. Pode faz\u00ea-lo utilizando o seu computador pessoal ou clicando a partir do seu telem\u00f3vel. Iniciar sess\u00e3o nunca foi t\u00e3o f\u00e1cil, porque fizemos tudo para que todos os utilizadores possam [&hellip;]<\/p>\n","protected":false},"author":1,"featured_media":0,"parent":0,"menu_order":0,"comment_status":"closed","ping_status":"closed","template":"template-builder.php","meta":{"_acf_changed":false,"inline_featured_image":false,"footnotes":""},"class_list":["post-1454","page","type-page","status-publish","hentry"],"acf":[],"yoast_head":"<!-- This site is optimized with the Yoast SEO plugin v27.3 - https:\/\/yoast.com\/product\/yoast-seo-wordpress\/ -->\n<title>Spinmama Login: acesso \u00e0 conta, registo e palavra-passe esquecida<\/title>\n<meta name=\"description\" content=\"Spin Mama Login \u00e9 a p\u00e1gina para iniciar sess\u00e3o, fazer o registo, recuperar a palavra-passe e concluir a verifica\u00e7\u00e3o. Regista-te em dois passos, acede \u00e0 tua conta no computador ou no telem\u00f3vel, usa o Google se estiver dispon\u00edvel e desbloqueia o perfil, os pagamentos e o pacote de boas-vindas.\" \/>\n<meta name=\"robots\" content=\"index, follow, max-snippet:-1, max-image-preview:large, max-video-preview:-1\" \/>\n<link rel=\"canonical\" href=\"https:\/\/spinmamacasino.org\/pt-pt\/inicio-de-sessao-e-registo\/\" \/>\n<meta property=\"og:locale\" content=\"pt_PT\" \/>\n<meta property=\"og:type\" content=\"article\" \/>\n<meta property=\"og:title\" content=\"Spinmama Login: acesso \u00e0 conta, registo e palavra-passe esquecida\" \/>\n<meta property=\"og:description\" content=\"Spin Mama Login \u00e9 a p\u00e1gina para iniciar sess\u00e3o, fazer o registo, recuperar a palavra-passe e concluir a verifica\u00e7\u00e3o. Regista-te em dois passos, acede \u00e0 tua conta no computador ou no telem\u00f3vel, usa o Google se estiver dispon\u00edvel e desbloqueia o perfil, os pagamentos e o pacote de boas-vindas.\" \/>\n<meta property=\"og:url\" content=\"https:\/\/spinmamacasino.org\/pt-pt\/inicio-de-sessao-e-registo\/\" \/>\n<meta property=\"og:site_name\" content=\"spinmama\" \/>\n<meta property=\"article:modified_time\" content=\"2026-05-05T08:35:28+00:00\" \/>\n<meta name=\"twitter:card\" content=\"summary_large_image\" \/>\n<meta name=\"twitter:label1\" content=\"Est. reading time\" \/>\n\t<meta name=\"twitter:data1\" content=\"1 minute\" \/>\n<script type=\"application\/ld+json\" class=\"yoast-schema-graph\">{\"@context\":\"https:\\\/\\\/schema.org\",\"@graph\":[{\"@type\":\"WebPage\",\"@id\":\"https:\\\/\\\/spinmamacasino.org\\\/pt-pt\\\/inicio-de-sessao-e-registo\\\/\",\"url\":\"https:\\\/\\\/spinmamacasino.org\\\/pt-pt\\\/inicio-de-sessao-e-registo\\\/\",\"name\":\"Spinmama Login: acesso \u00e0 conta, registo e palavra-passe esquecida\",\"isPartOf\":{\"@id\":\"https:\\\/\\\/spinmamacasino.org\\\/pt-pt\\\/#website\"},\"datePublished\":\"2026-05-04T13:36:19+00:00\",\"dateModified\":\"2026-05-05T08:35:28+00:00\",\"description\":\"Spin Mama Login \u00e9 a p\u00e1gina para iniciar sess\u00e3o, fazer o registo, recuperar a palavra-passe e concluir a verifica\u00e7\u00e3o. Regista-te em dois passos, acede \u00e0 tua conta no computador ou no telem\u00f3vel, usa o Google se estiver dispon\u00edvel e desbloqueia o perfil, os pagamentos e o pacote de boas-vindas.\",\"breadcrumb\":{\"@id\":\"https:\\\/\\\/spinmamacasino.org\\\/pt-pt\\\/inicio-de-sessao-e-registo\\\/#breadcrumb\"},\"inLanguage\":\"pt-PT\",\"potentialAction\":[{\"@type\":\"ReadAction\",\"target\":[\"https:\\\/\\\/spinmamacasino.org\\\/pt-pt\\\/inicio-de-sessao-e-registo\\\/\"]}]},{\"@type\":\"BreadcrumbList\",\"@id\":\"https:\\\/\\\/spinmamacasino.org\\\/pt-pt\\\/inicio-de-sessao-e-registo\\\/#breadcrumb\",\"itemListElement\":[{\"@type\":\"ListItem\",\"position\":1,\"name\":\"Spinmama\",\"item\":\"https:\\\/\\\/spinmamacasino.org\\\/pt-pt\\\/\"},{\"@type\":\"ListItem\",\"position\":2,\"name\":\"In\u00edcio de sess\u00e3o e registo\"}]},{\"@type\":\"WebSite\",\"@id\":\"https:\\\/\\\/spinmamacasino.org\\\/pt-pt\\\/#website\",\"url\":\"https:\\\/\\\/spinmamacasino.org\\\/pt-pt\\\/\",\"name\":\"Spinmama\",\"description\":\"\",\"publisher\":{\"@id\":\"https:\\\/\\\/spinmamacasino.org\\\/pt-pt\\\/#organization\"},\"potentialAction\":[{\"@type\":\"SearchAction\",\"target\":{\"@type\":\"EntryPoint\",\"urlTemplate\":\"https:\\\/\\\/spinmamacasino.org\\\/pt-pt\\\/?s={search_term_string}\"},\"query-input\":{\"@type\":\"PropertyValueSpecification\",\"valueRequired\":true,\"valueName\":\"search_term_string\"}}],\"inLanguage\":\"pt-PT\"},{\"@type\":\"Organization\",\"@id\":\"https:\\\/\\\/spinmamacasino.org\\\/pt-pt\\\/#organization\",\"name\":\"Spinmama\",\"url\":\"https:\\\/\\\/spinmamacasino.org\\\/pt-pt\\\/\",\"logo\":{\"@type\":\"ImageObject\",\"inLanguage\":\"pt-PT\",\"@id\":\"https:\\\/\\\/spinmamacasino.org\\\/pt-pt\\\/#\\\/schema\\\/logo\\\/image\\\/\",\"url\":\"https:\\\/\\\/spinmamacasino.org\\\/wp-content\\\/uploads\\\/2026\\\/05\\\/Casino-logo-Desktop.png\",\"contentUrl\":\"https:\\\/\\\/spinmamacasino.org\\\/wp-content\\\/uploads\\\/2026\\\/05\\\/Casino-logo-Desktop.png\",\"width\":320,\"height\":80,\"caption\":\"Spinmama\"},\"image\":{\"@id\":\"https:\\\/\\\/spinmamacasino.org\\\/pt-pt\\\/#\\\/schema\\\/logo\\\/image\\\/\"}}]}<\/script>\n<!-- \/ Yoast SEO plugin. -->","yoast_head_json":{"title":"Spinmama Login: acesso \u00e0 conta, registo e palavra-passe esquecida","description":"Spin Mama Login \u00e9 a p\u00e1gina para iniciar sess\u00e3o, fazer o registo, recuperar a palavra-passe e concluir a verifica\u00e7\u00e3o. Regista-te em dois passos, acede \u00e0 tua conta no computador ou no telem\u00f3vel, usa o Google se estiver dispon\u00edvel e desbloqueia o perfil, os pagamentos e o pacote de boas-vindas.","robots":{"index":"index","follow":"follow","max-snippet":"max-snippet:-1","max-image-preview":"max-image-preview:large","max-video-preview":"max-video-preview:-1"},"canonical":"https:\/\/spinmamacasino.org\/pt-pt\/inicio-de-sessao-e-registo\/","og_locale":"pt_PT","og_type":"article","og_title":"Spinmama Login: acesso \u00e0 conta, registo e palavra-passe esquecida","og_description":"Spin Mama Login \u00e9 a p\u00e1gina para iniciar sess\u00e3o, fazer o registo, recuperar a palavra-passe e concluir a verifica\u00e7\u00e3o. Regista-te em dois passos, acede \u00e0 tua conta no computador ou no telem\u00f3vel, usa o Google se estiver dispon\u00edvel e desbloqueia o perfil, os pagamentos e o pacote de boas-vindas.","og_url":"https:\/\/spinmamacasino.org\/pt-pt\/inicio-de-sessao-e-registo\/","og_site_name":"spinmama","article_modified_time":"2026-05-05T08:35:28+00:00","twitter_card":"summary_large_image","twitter_misc":{"Est. reading time":"1 minute"},"schema":{"@context":"https:\/\/schema.org","@graph":[{"@type":"WebPage","@id":"https:\/\/spinmamacasino.org\/pt-pt\/inicio-de-sessao-e-registo\/","url":"https:\/\/spinmamacasino.org\/pt-pt\/inicio-de-sessao-e-registo\/","name":"Spinmama Login: acesso \u00e0 conta, registo e palavra-passe esquecida","isPartOf":{"@id":"https:\/\/spinmamacasino.org\/pt-pt\/#website"},"datePublished":"2026-05-04T13:36:19+00:00","dateModified":"2026-05-05T08:35:28+00:00","description":"Spin Mama Login \u00e9 a p\u00e1gina para iniciar sess\u00e3o, fazer o registo, recuperar a palavra-passe e concluir a verifica\u00e7\u00e3o. Regista-te em dois passos, acede \u00e0 tua conta no computador ou no telem\u00f3vel, usa o Google se estiver dispon\u00edvel e desbloqueia o perfil, os pagamentos e o pacote de boas-vindas.","breadcrumb":{"@id":"https:\/\/spinmamacasino.org\/pt-pt\/inicio-de-sessao-e-registo\/#breadcrumb"},"inLanguage":"pt-PT","potentialAction":[{"@type":"ReadAction","target":["https:\/\/spinmamacasino.org\/pt-pt\/inicio-de-sessao-e-registo\/"]}]},{"@type":"BreadcrumbList","@id":"https:\/\/spinmamacasino.org\/pt-pt\/inicio-de-sessao-e-registo\/#breadcrumb","itemListElement":[{"@type":"ListItem","position":1,"name":"Spinmama","item":"https:\/\/spinmamacasino.org\/pt-pt\/"},{"@type":"ListItem","position":2,"name":"In\u00edcio de sess\u00e3o e registo"}]},{"@type":"WebSite","@id":"https:\/\/spinmamacasino.org\/pt-pt\/#website","url":"https:\/\/spinmamacasino.org\/pt-pt\/","name":"Spinmama","description":"","publisher":{"@id":"https:\/\/spinmamacasino.org\/pt-pt\/#organization"},"potentialAction":[{"@type":"SearchAction","target":{"@type":"EntryPoint","urlTemplate":"https:\/\/spinmamacasino.org\/pt-pt\/?s={search_term_string}"},"query-input":{"@type":"PropertyValueSpecification","valueRequired":true,"valueName":"search_term_string"}}],"inLanguage":"pt-PT"},{"@type":"Organization","@id":"https:\/\/spinmamacasino.org\/pt-pt\/#organization","name":"Spinmama","url":"https:\/\/spinmamacasino.org\/pt-pt\/","logo":{"@type":"ImageObject","inLanguage":"pt-PT","@id":"https:\/\/spinmamacasino.org\/pt-pt\/#\/schema\/logo\/image\/","url":"https:\/\/spinmamacasino.org\/wp-content\/uploads\/2026\/05\/Casino-logo-Desktop.png","contentUrl":"https:\/\/spinmamacasino.org\/wp-content\/uploads\/2026\/05\/Casino-logo-Desktop.png","width":320,"height":80,"caption":"Spinmama"},"image":{"@id":"https:\/\/spinmamacasino.org\/pt-pt\/#\/schema\/logo\/image\/"}}]}},"_links":{"self":[{"href":"https:\/\/spinmamacasino.org\/pt-pt\/wp-json\/wp\/v2\/pages\/1454","targetHints":{"allow":["GET"]}}],"collection":[{"href":"https:\/\/spinmamacasino.org\/pt-pt\/wp-json\/wp\/v2\/pages"}],"about":[{"href":"https:\/\/spinmamacasino.org\/pt-pt\/wp-json\/wp\/v2\/types\/page"}],"author":[{"embeddable":true,"href":"https:\/\/spinmamacasino.org\/pt-pt\/wp-json\/wp\/v2\/users\/1"}],"replies":[{"embeddable":true,"href":"https:\/\/spinmamacasino.org\/pt-pt\/wp-json\/wp\/v2\/comments?post=1454"}],"version-history":[{"count":2,"href":"https:\/\/spinmamacasino.org\/pt-pt\/wp-json\/wp\/v2\/pages\/1454\/revisions"}],"predecessor-version":[{"id":1889,"href":"https:\/\/spinmamacasino.org\/pt-pt\/wp-json\/wp\/v2\/pages\/1454\/revisions\/1889"}],"wp:attachment":[{"href":"https:\/\/spinmamacasino.org\/pt-pt\/wp-json\/wp\/v2\/media?parent=1454"}],"curies":[{"name":"wp","href":"https:\/\/api.w.org\/{rel}","templated":true}]}}